{"id":61347,"date":"2024-11-15T12:36:29","date_gmt":"2024-11-15T12:36:29","guid":{"rendered":"https:\/\/www.multifrigo.pl\/sklep\/produkt\/grill-elektryczny-ruszt-zeliwny-fagor-b-e9101\/"},"modified":"2025-08-04T11:47:25","modified_gmt":"2025-08-04T11:47:25","slug":"grill-elektryczny-ruszt-zeliwny-fagor-b-e9101","status":"publish","type":"product","link":"https:\/\/www.multifrigo.pl\/sklep\/produkt\/grill-elektryczny-ruszt-zeliwny-fagor-b-e9101\/","title":{"rendered":"Grill elektryczny ruszt \u017celiwny | Fagor B-E9101"},"content":{"rendered":"<p>Ruszt grillowy wykonany z \u017celiwa. Trzypozycyjna regulacja k\u0105ta nachylenia rusztu. Piezoelektryczne odpalanie palnik\u00f3w.Powierzchnia grilla 24 dm3 . Zbiornik t\u0142uszczu.<\/p>\n","protected":false},"excerpt":{"rendered":"<p>Ruszt grillowy wykonany z \u017celiwa. Trzypozycyjna regulacja k\u0105ta nachylenia rusztu. Piezoelektryczne odpalanie palnik\u00f3w.Powierzchnia grilla 24 dm3 . Zbiornik t\u0142uszczu.<\/p>\n","protected":false},"featured_media":61446,"template":"","meta":{"_et_pb_use_builder":"","_et_pb_old_content":"","_et_gb_content_width":""},"pwb-brand":[1343],"product_brand":[],"product_cat":[673],"product_tag":[],"class_list":{"0":"post-61347","1":"product","2":"type-product","3":"status-publish","4":"has-post-thumbnail","6":"pwb-brand-fagor","7":"product_cat-grille-gastronomiczne","9":"first","10":"instock","11":"taxable","12":"shipping-taxable","13":"purchasable","14":"product-type-simple"},"brands":[{"id":1343,"name":"Fagor","slug":"fagor"}],"_links":{"self":[{"href":"https:\/\/www.multifrigo.pl\/sklep\/wp-json\/wp\/v2\/product\/61347","targetHints":{"allow":["GET"]}}],"collection":[{"href":"https:\/\/www.multifrigo.pl\/sklep\/wp-json\/wp\/v2\/product"}],"about":[{"href":"https:\/\/www.multifrigo.pl\/sklep\/wp-json\/wp\/v2\/types\/product"}],"wp:featuredmedia":[{"embeddable":true,"href":"https:\/\/www.multifrigo.pl\/sklep\/wp-json\/wp\/v2\/media\/61446"}],"wp:attachment":[{"href":"https:\/\/www.multifrigo.pl\/sklep\/wp-json\/wp\/v2\/media?parent=61347"}],"wp:term":[{"taxonomy":"pwb-brand","embeddable":true,"href":"https:\/\/www.multifrigo.pl\/sklep\/wp-json\/wp\/v2\/pwb-brand?post=61347"},{"taxonomy":"product_brand","embeddable":true,"href":"https:\/\/www.multifrigo.pl\/sklep\/wp-json\/wp\/v2\/product_brand?post=61347"},{"taxonomy":"product_cat","embeddable":true,"href":"https:\/\/www.multifrigo.pl\/sklep\/wp-json\/wp\/v2\/product_cat?post=61347"},{"taxonomy":"product_tag","embeddable":true,"href":"https:\/\/www.multifrigo.pl\/sklep\/wp-json\/wp\/v2\/product_tag?post=61347"}],"curies":[{"name":"wp","href":"https:\/\/api.w.org\/{rel}","templated":true}]}}