{"id":61349,"date":"2024-11-15T12:38:16","date_gmt":"2024-11-15T12:38:16","guid":{"rendered":"https:\/\/www.multifrigo.pl\/sklep\/produkt\/warnik-do-makaronu-gazowy-jednokomorowy-fagor-cp-g905\/"},"modified":"2025-08-04T11:47:30","modified_gmt":"2025-08-04T11:47:30","slug":"warnik-do-makaronu-gazowy-jednokomorowy-fagor-cp-g905","status":"publish","type":"product","link":"https:\/\/www.multifrigo.pl\/sklep\/produkt\/warnik-do-makaronu-gazowy-jednokomorowy-fagor-cp-g905\/","title":{"rendered":"Warnik do makaronu gazowy jednokomorowy | Fagor CP-G905"},"content":{"rendered":"<p>Pojemno\u015b\u0107 komory gotowania 40 litr\u00f3w. W standardowym wyposa\u017ceniu 3 kosze 1\/3 o wymiarach: 300 x 160 x 220 mm. Istnieje mo\u017cliwo\u015b\u0107 dokupienia 2 koszy 1\/2, 1 kosza 1\/1 lub 6 koszy 1\/6. Posiada otw\u00f3r przelewowy i zaw\u00f3r spustowy. Nape\u0142nianie wod\u0105 za pomoc\u0105 elektrozaworu. <\/p>\n","protected":false},"excerpt":{"rendered":"<p>Pojemno\u015b\u0107 komory gotowania 40 litr\u00f3w. W standardowym wyposa\u017ceniu 3 kosze 1\/3 o wymiarach: 300 x 160 x 220 mm. Istnieje mo\u017cliwo\u015b\u0107 dokupienia 2 koszy 1\/2, 1 kosza 1\/1 lub 6 koszy 1\/6. Posiada otw\u00f3r przelewowy i zaw\u00f3r spustowy. Nape\u0142nianie wod\u0105 za pomoc\u0105 elektrozaworu.<\/p>\n","protected":false},"featured_media":61448,"template":"","meta":{"_et_pb_use_builder":"","_et_pb_old_content":"","_et_gb_content_width":""},"pwb-brand":[1343],"product_brand":[],"product_cat":[615],"product_tag":[],"class_list":{"0":"post-61349","1":"product","2":"type-product","3":"status-publish","4":"has-post-thumbnail","6":"pwb-brand-fagor","7":"product_cat-makaroniarki-makaroniarki","9":"first","10":"instock","11":"taxable","12":"shipping-taxable","13":"purchasable","14":"product-type-simple"},"brands":[{"id":1343,"name":"Fagor","slug":"fagor"}],"_links":{"self":[{"href":"https:\/\/www.multifrigo.pl\/sklep\/wp-json\/wp\/v2\/product\/61349","targetHints":{"allow":["GET"]}}],"collection":[{"href":"https:\/\/www.multifrigo.pl\/sklep\/wp-json\/wp\/v2\/product"}],"about":[{"href":"https:\/\/www.multifrigo.pl\/sklep\/wp-json\/wp\/v2\/types\/product"}],"wp:featuredmedia":[{"embeddable":true,"href":"https:\/\/www.multifrigo.pl\/sklep\/wp-json\/wp\/v2\/media\/61448"}],"wp:attachment":[{"href":"https:\/\/www.multifrigo.pl\/sklep\/wp-json\/wp\/v2\/media?parent=61349"}],"wp:term":[{"taxonomy":"pwb-brand","embeddable":true,"href":"https:\/\/www.multifrigo.pl\/sklep\/wp-json\/wp\/v2\/pwb-brand?post=61349"},{"taxonomy":"product_brand","embeddable":true,"href":"https:\/\/www.multifrigo.pl\/sklep\/wp-json\/wp\/v2\/product_brand?post=61349"},{"taxonomy":"product_cat","embeddable":true,"href":"https:\/\/www.multifrigo.pl\/sklep\/wp-json\/wp\/v2\/product_cat?post=61349"},{"taxonomy":"product_tag","embeddable":true,"href":"https:\/\/www.multifrigo.pl\/sklep\/wp-json\/wp\/v2\/product_tag?post=61349"}],"curies":[{"name":"wp","href":"https:\/\/api.w.org\/{rel}","templated":true}]}}