{"id":61352,"date":"2024-11-15T12:40:57","date_gmt":"2024-11-15T12:40:57","guid":{"rendered":"https:\/\/www.multifrigo.pl\/sklep\/produkt\/grill-gazowy-ruszt-zeliwny-nastawny-fagor-b-g905\/"},"modified":"2025-09-23T07:21:05","modified_gmt":"2025-09-23T07:21:05","slug":"grill-gazowy-ruszt-zeliwny-nastawny-fagor-b-g905","status":"publish","type":"product","link":"https:\/\/www.multifrigo.pl\/sklep\/produkt\/grill-gazowy-ruszt-zeliwny-nastawny-fagor-b-g905\/","title":{"rendered":"Grill gazowy ruszt \u017celiwny nastawny | Fagor B-G905"},"content":{"rendered":"<p>MODELE NASTAWNE GAZOWE. Ruszt grillowy wykonany z \u017celiwa. Grupy palnik\u00f3w rurowych (grupa dw\u00f3ch element\u00f3w dla modeli o\u00a0po\u0142owie rozmiaru, dwie grupy dla modeli z\u00a0pojedynczym modu\u0142em). &#8211; Niezale\u017cna kontrola dla ka\u017cdej grupy palnik\u00f3w w\u00a0znaczeniu zaworu bezpiecze\u0144stwa z\u00a0termoelementem. &#8211; Palniki w\u0142\u0105czane za pomoc\u0105 zap\u0142onu piezoelektrycznego. &#8211; Palniki podgrzewaj\u0105ce kamienie ceramiczne umieszczone na podstawie, dzi\u0119ki czemu mo\u017cliwe jest podgrzewanie potraw na grillu.<\/p>\n","protected":false},"excerpt":{"rendered":"<p>MODELE NASTAWNE GAZOWE. Ruszt grillowy wykonany z \u017celiwa. Grupy palnik\u00f3w rurowych (grupa dw\u00f3ch element\u00f3w dla modeli o\u00a0po\u0142owie rozmiaru, dwie grupy dla modeli z\u00a0pojedynczym modu\u0142em). &#8211; Niezale\u017cna kontrola dla ka\u017cdej grupy palnik\u00f3w w\u00a0znaczeniu zaworu bezpiecze\u0144stwa z\u00a0termoelementem. &#8211; Palniki w\u0142\u0105czane za pomoc\u0105 zap\u0142onu piezoelektrycznego. &#8211; Palniki podgrzewaj\u0105ce kamienie ceramiczne umieszczone na podstawie, dzi\u0119ki czemu mo\u017cliwe jest podgrzewanie [&hellip;]<\/p>\n","protected":false},"featured_media":72927,"template":"","meta":{"_et_pb_use_builder":"","_et_pb_old_content":"","_et_gb_content_width":""},"pwb-brand":[1343],"product_brand":[],"product_cat":[673],"product_tag":[],"class_list":{"0":"post-61352","1":"product","2":"type-product","3":"status-publish","4":"has-post-thumbnail","6":"pwb-brand-fagor","7":"product_cat-grille-gastronomiczne","9":"first","10":"instock","11":"taxable","12":"shipping-taxable","13":"purchasable","14":"product-type-simple"},"brands":[{"id":1343,"name":"Fagor","slug":"fagor"}],"_links":{"self":[{"href":"https:\/\/www.multifrigo.pl\/sklep\/wp-json\/wp\/v2\/product\/61352","targetHints":{"allow":["GET"]}}],"collection":[{"href":"https:\/\/www.multifrigo.pl\/sklep\/wp-json\/wp\/v2\/product"}],"about":[{"href":"https:\/\/www.multifrigo.pl\/sklep\/wp-json\/wp\/v2\/types\/product"}],"wp:featuredmedia":[{"embeddable":true,"href":"https:\/\/www.multifrigo.pl\/sklep\/wp-json\/wp\/v2\/media\/72927"}],"wp:attachment":[{"href":"https:\/\/www.multifrigo.pl\/sklep\/wp-json\/wp\/v2\/media?parent=61352"}],"wp:term":[{"taxonomy":"pwb-brand","embeddable":true,"href":"https:\/\/www.multifrigo.pl\/sklep\/wp-json\/wp\/v2\/pwb-brand?post=61352"},{"taxonomy":"product_brand","embeddable":true,"href":"https:\/\/www.multifrigo.pl\/sklep\/wp-json\/wp\/v2\/product_brand?post=61352"},{"taxonomy":"product_cat","embeddable":true,"href":"https:\/\/www.multifrigo.pl\/sklep\/wp-json\/wp\/v2\/product_cat?post=61352"},{"taxonomy":"product_tag","embeddable":true,"href":"https:\/\/www.multifrigo.pl\/sklep\/wp-json\/wp\/v2\/product_tag?post=61352"}],"curies":[{"name":"wp","href":"https:\/\/api.w.org\/{rel}","templated":true}]}}