{"id":61359,"date":"2024-11-15T12:47:19","date_gmt":"2024-11-15T12:47:19","guid":{"rendered":"https:\/\/www.multifrigo.pl\/sklep\/produkt\/bemar-elektryczny-gn-4-3-22-l-fagor-bm-e905\/"},"modified":"2025-08-04T11:47:59","modified_gmt":"2025-08-04T11:47:59","slug":"bemar-elektryczny-gn-4-3-22-l-fagor-bm-e905","status":"publish","type":"product","link":"https:\/\/www.multifrigo.pl\/sklep\/produkt\/bemar-elektryczny-gn-4-3-22-l-fagor-bm-e905\/","title":{"rendered":"Bemar elektryczny GN 4\/3 22 l | Fagor BM-E905"},"content":{"rendered":"<p>Zbiornik 22l.  przystosowany do pojemnik\u00f3w GN (max. g\u0142\u0119boko\u015b\u0107 pojemnik\u00f3w: 150 mm). Nape\u0142nianie wod\u0105 za pomoc\u0105 elektrozaworu. Posiada wbudowan\u0105 w dno p\u0142yt\u0119 perforowan\u0105 i trzy poprzeczki. Zakres temperatury pracy 30\u201390\u00b0C sterowany termostatem.<br \/>\nRurka przelewowo-spustowa. Zabudowane elementy grzejne regulowane termostatem. TACE GN NIE WYST\u0118PUJ\u0104 W KOMPLECIE<\/p>\n","protected":false},"excerpt":{"rendered":"<p>Zbiornik 22l. przystosowany do pojemnik\u00f3w GN (max. g\u0142\u0119boko\u015b\u0107 pojemnik\u00f3w: 150 mm). Nape\u0142nianie wod\u0105 za pomoc\u0105 elektrozaworu. Posiada wbudowan\u0105 w dno p\u0142yt\u0119 perforowan\u0105 i trzy poprzeczki. Zakres temperatury pracy 30\u201390\u00b0C sterowany termostatem. Rurka przelewowo-spustowa. Zabudowane elementy grzejne regulowane termostatem. TACE GN NIE WYST\u0118PUJ\u0104 W KOMPLECIE<\/p>\n","protected":false},"featured_media":61458,"template":"","meta":{"_et_pb_use_builder":"","_et_pb_old_content":"","_et_gb_content_width":""},"pwb-brand":[1343],"product_brand":[],"product_cat":[442],"product_tag":[],"class_list":{"0":"post-61359","1":"product","2":"type-product","3":"status-publish","4":"has-post-thumbnail","6":"pwb-brand-fagor","7":"product_cat-bemary-nastawne","9":"first","10":"instock","11":"taxable","12":"shipping-taxable","13":"purchasable","14":"product-type-simple"},"brands":[{"id":1343,"name":"Fagor","slug":"fagor"}],"_links":{"self":[{"href":"https:\/\/www.multifrigo.pl\/sklep\/wp-json\/wp\/v2\/product\/61359","targetHints":{"allow":["GET"]}}],"collection":[{"href":"https:\/\/www.multifrigo.pl\/sklep\/wp-json\/wp\/v2\/product"}],"about":[{"href":"https:\/\/www.multifrigo.pl\/sklep\/wp-json\/wp\/v2\/types\/product"}],"wp:featuredmedia":[{"embeddable":true,"href":"https:\/\/www.multifrigo.pl\/sklep\/wp-json\/wp\/v2\/media\/61458"}],"wp:attachment":[{"href":"https:\/\/www.multifrigo.pl\/sklep\/wp-json\/wp\/v2\/media?parent=61359"}],"wp:term":[{"taxonomy":"pwb-brand","embeddable":true,"href":"https:\/\/www.multifrigo.pl\/sklep\/wp-json\/wp\/v2\/pwb-brand?post=61359"},{"taxonomy":"product_brand","embeddable":true,"href":"https:\/\/www.multifrigo.pl\/sklep\/wp-json\/wp\/v2\/product_brand?post=61359"},{"taxonomy":"product_cat","embeddable":true,"href":"https:\/\/www.multifrigo.pl\/sklep\/wp-json\/wp\/v2\/product_cat?post=61359"},{"taxonomy":"product_tag","embeddable":true,"href":"https:\/\/www.multifrigo.pl\/sklep\/wp-json\/wp\/v2\/product_tag?post=61359"}],"curies":[{"name":"wp","href":"https:\/\/api.w.org\/{rel}","templated":true}]}}