{"id":61361,"date":"2024-11-15T12:48:53","date_gmt":"2024-11-15T12:48:53","guid":{"rendered":"https:\/\/www.multifrigo.pl\/sklep\/produkt\/kuchnia-elektryczna-z-plyta-grzewcza-nastawna-fagor-c-e910\/"},"modified":"2025-08-04T11:48:04","modified_gmt":"2025-08-04T11:48:04","slug":"kuchnia-elektryczna-z-plyta-grzewcza-nastawna-fagor-c-e910","status":"publish","type":"product","link":"https:\/\/www.multifrigo.pl\/sklep\/produkt\/kuchnia-elektryczna-z-plyta-grzewcza-nastawna-fagor-c-e910\/","title":{"rendered":"Kuchnia elektryczna z p\u0142yt\u0105 grzewcz\u0105 nastawna | Fagor C-E910"},"content":{"rendered":"<p>\u201cSolid top\u201d model z czterema elementami pod p\u0142yt\u0105 o wymiarach 720&#215;720 i grubo\u015bci 15 mm rozmieszczonymi w taki spos\u00f3b, \u017ce niezale\u017cnie ogrzewaj\u0105 cztery \u0107wiartki p\u0142yty grzewczej.<\/p>\n","protected":false},"excerpt":{"rendered":"<p>\u201cSolid top\u201d model z czterema elementami pod p\u0142yt\u0105 o wymiarach 720&#215;720 i grubo\u015bci 15 mm rozmieszczonymi w taki spos\u00f3b, \u017ce niezale\u017cnie ogrzewaj\u0105 cztery \u0107wiartki p\u0142yty grzewczej.<\/p>\n","protected":false},"featured_media":61460,"template":"","meta":{"_et_pb_use_builder":"","_et_pb_old_content":"","_et_gb_content_width":""},"pwb-brand":[1343],"product_brand":[],"product_cat":[5018],"product_tag":[],"class_list":{"0":"post-61361","1":"product","2":"type-product","3":"status-publish","4":"has-post-thumbnail","6":"pwb-brand-fagor","7":"product_cat-z-plyta-grzewcza-kuchnie-elektryczne","9":"first","10":"instock","11":"taxable","12":"shipping-taxable","13":"purchasable","14":"product-type-simple"},"brands":[{"id":1343,"name":"Fagor","slug":"fagor"}],"_links":{"self":[{"href":"https:\/\/www.multifrigo.pl\/sklep\/wp-json\/wp\/v2\/product\/61361","targetHints":{"allow":["GET"]}}],"collection":[{"href":"https:\/\/www.multifrigo.pl\/sklep\/wp-json\/wp\/v2\/product"}],"about":[{"href":"https:\/\/www.multifrigo.pl\/sklep\/wp-json\/wp\/v2\/types\/product"}],"wp:featuredmedia":[{"embeddable":true,"href":"https:\/\/www.multifrigo.pl\/sklep\/wp-json\/wp\/v2\/media\/61460"}],"wp:attachment":[{"href":"https:\/\/www.multifrigo.pl\/sklep\/wp-json\/wp\/v2\/media?parent=61361"}],"wp:term":[{"taxonomy":"pwb-brand","embeddable":true,"href":"https:\/\/www.multifrigo.pl\/sklep\/wp-json\/wp\/v2\/pwb-brand?post=61361"},{"taxonomy":"product_brand","embeddable":true,"href":"https:\/\/www.multifrigo.pl\/sklep\/wp-json\/wp\/v2\/product_brand?post=61361"},{"taxonomy":"product_cat","embeddable":true,"href":"https:\/\/www.multifrigo.pl\/sklep\/wp-json\/wp\/v2\/product_cat?post=61361"},{"taxonomy":"product_tag","embeddable":true,"href":"https:\/\/www.multifrigo.pl\/sklep\/wp-json\/wp\/v2\/product_tag?post=61361"}],"curies":[{"name":"wp","href":"https:\/\/api.w.org\/{rel}","templated":true}]}}