{"id":61364,"date":"2024-11-15T12:51:15","date_gmt":"2024-11-15T12:51:15","guid":{"rendered":"https:\/\/www.multifrigo.pl\/sklep\/produkt\/kuchnia-elektryczna-4-plytowa-nastawna-fagor-c-e940\/"},"modified":"2025-08-04T11:48:17","modified_gmt":"2025-08-04T11:48:17","slug":"kuchnia-elektryczna-4-plytowa-nastawna-fagor-c-e940","status":"publish","type":"product","link":"https:\/\/www.multifrigo.pl\/sklep\/produkt\/kuchnia-elektryczna-4-plytowa-nastawna-fagor-c-e940\/","title":{"rendered":"Kuchnia elektryczna 4-p\u0142ytowa nastawna | Fagor C-E940"},"content":{"rendered":"<p>4 P\u0142yty grzejne kwadratowe wykonane z \u017celiwa uszczelnione ramkami stalowymi. 6-pozycyjny prze\u0142\u0105cznik mocy grzania do ka\u017cdego pola. Lampki kontrolne grzania. Wymiary p\u0142yt: 300 x 300 mm<\/p>\n","protected":false},"excerpt":{"rendered":"<p>4 P\u0142yty grzejne kwadratowe wykonane z \u017celiwa uszczelnione ramkami stalowymi. 6-pozycyjny prze\u0142\u0105cznik mocy grzania do ka\u017cdego pola. Lampki kontrolne grzania. Wymiary p\u0142yt: 300 x 300 mm<\/p>\n","protected":false},"featured_media":61463,"template":"","meta":{"_et_pb_use_builder":"","_et_pb_old_content":"","_et_gb_content_width":""},"pwb-brand":[1343],"product_brand":[],"product_cat":[586],"product_tag":[],"class_list":{"0":"post-61364","1":"product","2":"type-product","3":"status-publish","4":"has-post-thumbnail","6":"pwb-brand-fagor","7":"product_cat-4-plytowe","9":"first","10":"instock","11":"taxable","12":"shipping-taxable","13":"purchasable","14":"product-type-simple"},"brands":[{"id":1343,"name":"Fagor","slug":"fagor"}],"_links":{"self":[{"href":"https:\/\/www.multifrigo.pl\/sklep\/wp-json\/wp\/v2\/product\/61364","targetHints":{"allow":["GET"]}}],"collection":[{"href":"https:\/\/www.multifrigo.pl\/sklep\/wp-json\/wp\/v2\/product"}],"about":[{"href":"https:\/\/www.multifrigo.pl\/sklep\/wp-json\/wp\/v2\/types\/product"}],"wp:featuredmedia":[{"embeddable":true,"href":"https:\/\/www.multifrigo.pl\/sklep\/wp-json\/wp\/v2\/media\/61463"}],"wp:attachment":[{"href":"https:\/\/www.multifrigo.pl\/sklep\/wp-json\/wp\/v2\/media?parent=61364"}],"wp:term":[{"taxonomy":"pwb-brand","embeddable":true,"href":"https:\/\/www.multifrigo.pl\/sklep\/wp-json\/wp\/v2\/pwb-brand?post=61364"},{"taxonomy":"product_brand","embeddable":true,"href":"https:\/\/www.multifrigo.pl\/sklep\/wp-json\/wp\/v2\/product_brand?post=61364"},{"taxonomy":"product_cat","embeddable":true,"href":"https:\/\/www.multifrigo.pl\/sklep\/wp-json\/wp\/v2\/product_cat?post=61364"},{"taxonomy":"product_tag","embeddable":true,"href":"https:\/\/www.multifrigo.pl\/sklep\/wp-json\/wp\/v2\/product_tag?post=61364"}],"curies":[{"name":"wp","href":"https:\/\/api.w.org\/{rel}","templated":true}]}}