{"id":61366,"date":"2024-11-15T12:52:54","date_gmt":"2024-11-15T12:52:54","guid":{"rendered":"https:\/\/www.multifrigo.pl\/sklep\/produkt\/kuchnia-elektryczna-6-plytowa-nastawna-fagor-c-e960\/"},"modified":"2025-08-04T11:48:23","modified_gmt":"2025-08-04T11:48:23","slug":"kuchnia-elektryczna-6-plytowa-nastawna-fagor-c-e960","status":"publish","type":"product","link":"https:\/\/www.multifrigo.pl\/sklep\/produkt\/kuchnia-elektryczna-6-plytowa-nastawna-fagor-c-e960\/","title":{"rendered":"Kuchnia elektryczna 6-p\u0142ytowa nastawna | Fagor C-E960"},"content":{"rendered":"<p>6 P\u0142yt grzejnych kwadratowych wykonanych z \u017celiwa uszczelnionych ramkami stalowymi. 6-pozycyjny prze\u0142\u0105cznik mocy grzania do ka\u017cdego pola. Lampki kontrolne grzania. Wymiary p\u0142yt: 300 x 300 mm<\/p>\n","protected":false},"excerpt":{"rendered":"<p>6 P\u0142yt grzejnych kwadratowych wykonanych z \u017celiwa uszczelnionych ramkami stalowymi. 6-pozycyjny prze\u0142\u0105cznik mocy grzania do ka\u017cdego pola. Lampki kontrolne grzania. Wymiary p\u0142yt: 300 x 300 mm<\/p>\n","protected":false},"featured_media":61465,"template":"","meta":{"_et_pb_use_builder":"","_et_pb_old_content":"","_et_gb_content_width":""},"pwb-brand":[1343],"product_brand":[],"product_cat":[590],"product_tag":[],"class_list":{"0":"post-61366","1":"product","2":"type-product","3":"status-publish","4":"has-post-thumbnail","6":"pwb-brand-fagor","7":"product_cat-6-plytowe","9":"first","10":"instock","11":"taxable","12":"shipping-taxable","13":"purchasable","14":"product-type-simple"},"brands":[{"id":1343,"name":"Fagor","slug":"fagor"}],"_links":{"self":[{"href":"https:\/\/www.multifrigo.pl\/sklep\/wp-json\/wp\/v2\/product\/61366","targetHints":{"allow":["GET"]}}],"collection":[{"href":"https:\/\/www.multifrigo.pl\/sklep\/wp-json\/wp\/v2\/product"}],"about":[{"href":"https:\/\/www.multifrigo.pl\/sklep\/wp-json\/wp\/v2\/types\/product"}],"wp:featuredmedia":[{"embeddable":true,"href":"https:\/\/www.multifrigo.pl\/sklep\/wp-json\/wp\/v2\/media\/61465"}],"wp:attachment":[{"href":"https:\/\/www.multifrigo.pl\/sklep\/wp-json\/wp\/v2\/media?parent=61366"}],"wp:term":[{"taxonomy":"pwb-brand","embeddable":true,"href":"https:\/\/www.multifrigo.pl\/sklep\/wp-json\/wp\/v2\/pwb-brand?post=61366"},{"taxonomy":"product_brand","embeddable":true,"href":"https:\/\/www.multifrigo.pl\/sklep\/wp-json\/wp\/v2\/product_brand?post=61366"},{"taxonomy":"product_cat","embeddable":true,"href":"https:\/\/www.multifrigo.pl\/sklep\/wp-json\/wp\/v2\/product_cat?post=61366"},{"taxonomy":"product_tag","embeddable":true,"href":"https:\/\/www.multifrigo.pl\/sklep\/wp-json\/wp\/v2\/product_tag?post=61366"}],"curies":[{"name":"wp","href":"https:\/\/api.w.org\/{rel}","templated":true}]}}