{"id":61368,"date":"2024-11-15T12:54:34","date_gmt":"2024-11-15T12:54:34","guid":{"rendered":"https:\/\/www.multifrigo.pl\/sklep\/produkt\/kuchnia-elektryczna-6-plytowa-z-piekarnikiem-fagor-c-e961-op\/"},"modified":"2025-08-04T11:48:28","modified_gmt":"2025-08-04T11:48:28","slug":"kuchnia-elektryczna-6-plytowa-z-piekarnikiem-fagor-c-e961-op","status":"publish","type":"product","link":"https:\/\/www.multifrigo.pl\/sklep\/produkt\/kuchnia-elektryczna-6-plytowa-z-piekarnikiem-fagor-c-e961-op\/","title":{"rendered":"Kuchnia elektryczna 6-p\u0142ytowa z piekarnikiem | Fagor C-E961 OP"},"content":{"rendered":"<p>6 P\u0142yt grzejnych wykonanych z \u017celiwa uszczelnionych ramkami stalowymi. 6-pozycyjny prze\u0142\u0105cznik mocy grzania do ka\u017cdego pola. Lampki kontrolne grzania. Wymiary p\u0142yt: 300 x 300 mm Piekarnik elektryczny o wymiarach 1.000x700x290 z dolnymi i g\u00f3rnymi elementami grzejnymi. Temperatura sterowana termostatem w zakresie 55\u2013350\u00b0C. Prze\u0142\u0105cznik wyboru element\u00f3w grzejnych.<\/p>\n","protected":false},"excerpt":{"rendered":"<p>6 P\u0142yt grzejnych wykonanych z \u017celiwa uszczelnionych ramkami stalowymi. 6-pozycyjny prze\u0142\u0105cznik mocy grzania do ka\u017cdego pola. Lampki kontrolne grzania. Wymiary p\u0142yt: 300 x 300 mm Piekarnik elektryczny o wymiarach 1.000x700x290 z dolnymi i g\u00f3rnymi elementami grzejnymi. Temperatura sterowana termostatem w zakresie 55\u2013350\u00b0C. Prze\u0142\u0105cznik wyboru element\u00f3w grzejnych.<\/p>\n","protected":false},"featured_media":61467,"template":"","meta":{"_et_pb_use_builder":"","_et_pb_old_content":"","_et_gb_content_width":""},"pwb-brand":[1343],"product_brand":[],"product_cat":[5023],"product_tag":[],"class_list":{"0":"post-61368","1":"product","2":"type-product","3":"status-publish","4":"has-post-thumbnail","6":"pwb-brand-fagor","7":"product_cat-6-plytowe-z-piekarnikiem","9":"first","10":"instock","11":"taxable","12":"shipping-taxable","13":"purchasable","14":"product-type-simple"},"brands":[{"id":1343,"name":"Fagor","slug":"fagor"}],"_links":{"self":[{"href":"https:\/\/www.multifrigo.pl\/sklep\/wp-json\/wp\/v2\/product\/61368","targetHints":{"allow":["GET"]}}],"collection":[{"href":"https:\/\/www.multifrigo.pl\/sklep\/wp-json\/wp\/v2\/product"}],"about":[{"href":"https:\/\/www.multifrigo.pl\/sklep\/wp-json\/wp\/v2\/types\/product"}],"wp:featuredmedia":[{"embeddable":true,"href":"https:\/\/www.multifrigo.pl\/sklep\/wp-json\/wp\/v2\/media\/61467"}],"wp:attachment":[{"href":"https:\/\/www.multifrigo.pl\/sklep\/wp-json\/wp\/v2\/media?parent=61368"}],"wp:term":[{"taxonomy":"pwb-brand","embeddable":true,"href":"https:\/\/www.multifrigo.pl\/sklep\/wp-json\/wp\/v2\/pwb-brand?post=61368"},{"taxonomy":"product_brand","embeddable":true,"href":"https:\/\/www.multifrigo.pl\/sklep\/wp-json\/wp\/v2\/product_brand?post=61368"},{"taxonomy":"product_cat","embeddable":true,"href":"https:\/\/www.multifrigo.pl\/sklep\/wp-json\/wp\/v2\/product_cat?post=61368"},{"taxonomy":"product_tag","embeddable":true,"href":"https:\/\/www.multifrigo.pl\/sklep\/wp-json\/wp\/v2\/product_tag?post=61368"}],"curies":[{"name":"wp","href":"https:\/\/api.w.org\/{rel}","templated":true}]}}