{"id":61369,"date":"2024-11-15T12:55:23","date_gmt":"2024-11-15T12:55:23","guid":{"rendered":"https:\/\/www.multifrigo.pl\/sklep\/produkt\/kuchnia-gazowa-z-plyta-grzewcza-nastawna-fagor-c-g910\/"},"modified":"2025-08-04T11:48:31","modified_gmt":"2025-08-04T11:48:31","slug":"kuchnia-gazowa-z-plyta-grzewcza-nastawna-fagor-c-g910","status":"publish","type":"product","link":"https:\/\/www.multifrigo.pl\/sklep\/produkt\/kuchnia-gazowa-z-plyta-grzewcza-nastawna-fagor-c-g910\/","title":{"rendered":"Kuchnia gazowa z p\u0142yt\u0105 grzewcz\u0105 nastawna | Fagor C-G910"},"content":{"rendered":"<p>Jedna du\u017ca, g\u0142adka, wierzchnia p\u0142yta grzewcza wykonana z \u017celiwa o znacznej r\u00f3\u017cnicy temperatur (na \u015brodku p\u0142yty do 400\u2013500\u00b0C, przy brzegach oko\u0142o 150\u2013200\u00b0C). Wymiary p\u0142yty \u017celiwnej: 840 x 695 mm. Pod p\u0142yt\u0105 znajduje si\u0119 wielopier\u015bcieniowy palnik o mocy 11,0 kW, otoczony wyk\u0142adzin\u0105 szamotow\u0105, kt\u00f3ra zapewnia doskona\u0142e rozprowadzenie ciep\u0142a. Palnik z zaworami bezpiecze\u0144stwa i termoparami odpalany piezoelektrycznie. <\/p>\n","protected":false},"excerpt":{"rendered":"<p>Jedna du\u017ca, g\u0142adka, wierzchnia p\u0142yta grzewcza wykonana z \u017celiwa o znacznej r\u00f3\u017cnicy temperatur (na \u015brodku p\u0142yty do 400\u2013500\u00b0C, przy brzegach oko\u0142o 150\u2013200\u00b0C). Wymiary p\u0142yty \u017celiwnej: 840 x 695 mm. Pod p\u0142yt\u0105 znajduje si\u0119 wielopier\u015bcieniowy palnik o mocy 11,0 kW, otoczony wyk\u0142adzin\u0105 szamotow\u0105, kt\u00f3ra zapewnia doskona\u0142e rozprowadzenie ciep\u0142a. Palnik z zaworami bezpiecze\u0144stwa i termoparami odpalany piezoelektrycznie.<\/p>\n","protected":false},"featured_media":61468,"template":"","meta":{"_et_pb_use_builder":"","_et_pb_old_content":"","_et_gb_content_width":""},"pwb-brand":[1343],"product_brand":[],"product_cat":[1006],"product_tag":[],"class_list":{"0":"post-61369","1":"product","2":"type-product","3":"status-publish","4":"has-post-thumbnail","6":"pwb-brand-fagor","7":"product_cat-z-plyta-grzewcza","9":"first","10":"instock","11":"taxable","12":"shipping-taxable","13":"purchasable","14":"product-type-simple"},"brands":[{"id":1343,"name":"Fagor","slug":"fagor"}],"_links":{"self":[{"href":"https:\/\/www.multifrigo.pl\/sklep\/wp-json\/wp\/v2\/product\/61369","targetHints":{"allow":["GET"]}}],"collection":[{"href":"https:\/\/www.multifrigo.pl\/sklep\/wp-json\/wp\/v2\/product"}],"about":[{"href":"https:\/\/www.multifrigo.pl\/sklep\/wp-json\/wp\/v2\/types\/product"}],"wp:featuredmedia":[{"embeddable":true,"href":"https:\/\/www.multifrigo.pl\/sklep\/wp-json\/wp\/v2\/media\/61468"}],"wp:attachment":[{"href":"https:\/\/www.multifrigo.pl\/sklep\/wp-json\/wp\/v2\/media?parent=61369"}],"wp:term":[{"taxonomy":"pwb-brand","embeddable":true,"href":"https:\/\/www.multifrigo.pl\/sklep\/wp-json\/wp\/v2\/pwb-brand?post=61369"},{"taxonomy":"product_brand","embeddable":true,"href":"https:\/\/www.multifrigo.pl\/sklep\/wp-json\/wp\/v2\/product_brand?post=61369"},{"taxonomy":"product_cat","embeddable":true,"href":"https:\/\/www.multifrigo.pl\/sklep\/wp-json\/wp\/v2\/product_cat?post=61369"},{"taxonomy":"product_tag","embeddable":true,"href":"https:\/\/www.multifrigo.pl\/sklep\/wp-json\/wp\/v2\/product_tag?post=61369"}],"curies":[{"name":"wp","href":"https:\/\/api.w.org\/{rel}","templated":true}]}}