{"id":61370,"date":"2024-11-15T12:56:14","date_gmt":"2024-11-15T12:56:14","guid":{"rendered":"https:\/\/www.multifrigo.pl\/sklep\/produkt\/kuchnia-gazowa-z-plyta-grzewcza-fagor-c-g911\/"},"modified":"2025-08-04T11:48:36","modified_gmt":"2025-08-04T11:48:36","slug":"kuchnia-gazowa-z-plyta-grzewcza-fagor-c-g911","status":"publish","type":"product","link":"https:\/\/www.multifrigo.pl\/sklep\/produkt\/kuchnia-gazowa-z-plyta-grzewcza-fagor-c-g911\/","title":{"rendered":"Kuchnia gazowa z p\u0142yt\u0105 grzewcz\u0105 | Fagor C-G911"},"content":{"rendered":"<p>Jedna du\u017ca, g\u0142adka, wierzchnia p\u0142yta grzewcza wykonana z \u017celiwa o znacznej r\u00f3\u017cnicy temperatur (na \u015brodku p\u0142yty do 400\u2013500\u00b0C, przy brzegach oko\u0142o 150\u2013200\u00b0C). Wymiary p\u0142yty \u017celiwnej: 840 x 695 mm. Pod p\u0142yt\u0105 znajduje si\u0119 wielopier\u015bcieniowy palnik o mocy 11,0 kW, otoczony wyk\u0142adzin\u0105 szamotow\u0105, kt\u00f3ra zapewnia doskona\u0142e rozprowadzenie ciep\u0142a. Palnik z zaworami bezpiecze\u0144stwa i termoparami odpalany piezoelektrycznie. Piekarnik gazowy z rusztem 3x GN 2\/1 (650 x 520 mm),<br \/>\nsterowany termostatem w zakresie temperatur 130\u00b0C-350\u00b0C.<\/p>\n","protected":false},"excerpt":{"rendered":"<p>Jedna du\u017ca, g\u0142adka, wierzchnia p\u0142yta grzewcza wykonana z \u017celiwa o znacznej r\u00f3\u017cnicy temperatur (na \u015brodku p\u0142yty do 400\u2013500\u00b0C, przy brzegach oko\u0142o 150\u2013200\u00b0C). Wymiary p\u0142yty \u017celiwnej: 840 x 695 mm. Pod p\u0142yt\u0105 znajduje si\u0119 wielopier\u015bcieniowy palnik o mocy 11,0 kW, otoczony wyk\u0142adzin\u0105 szamotow\u0105, kt\u00f3ra zapewnia doskona\u0142e rozprowadzenie ciep\u0142a. Palnik z zaworami bezpiecze\u0144stwa i termoparami odpalany piezoelektrycznie. [&hellip;]<\/p>\n","protected":false},"featured_media":61469,"template":"","meta":{"_et_pb_use_builder":"","_et_pb_old_content":"","_et_gb_content_width":""},"pwb-brand":[1343],"product_brand":[],"product_cat":[1006],"product_tag":[],"class_list":{"0":"post-61370","1":"product","2":"type-product","3":"status-publish","4":"has-post-thumbnail","6":"pwb-brand-fagor","7":"product_cat-z-plyta-grzewcza","9":"first","10":"instock","11":"taxable","12":"shipping-taxable","13":"purchasable","14":"product-type-simple"},"brands":[{"id":1343,"name":"Fagor","slug":"fagor"}],"_links":{"self":[{"href":"https:\/\/www.multifrigo.pl\/sklep\/wp-json\/wp\/v2\/product\/61370","targetHints":{"allow":["GET"]}}],"collection":[{"href":"https:\/\/www.multifrigo.pl\/sklep\/wp-json\/wp\/v2\/product"}],"about":[{"href":"https:\/\/www.multifrigo.pl\/sklep\/wp-json\/wp\/v2\/types\/product"}],"wp:featuredmedia":[{"embeddable":true,"href":"https:\/\/www.multifrigo.pl\/sklep\/wp-json\/wp\/v2\/media\/61469"}],"wp:attachment":[{"href":"https:\/\/www.multifrigo.pl\/sklep\/wp-json\/wp\/v2\/media?parent=61370"}],"wp:term":[{"taxonomy":"pwb-brand","embeddable":true,"href":"https:\/\/www.multifrigo.pl\/sklep\/wp-json\/wp\/v2\/pwb-brand?post=61370"},{"taxonomy":"product_brand","embeddable":true,"href":"https:\/\/www.multifrigo.pl\/sklep\/wp-json\/wp\/v2\/product_brand?post=61370"},{"taxonomy":"product_cat","embeddable":true,"href":"https:\/\/www.multifrigo.pl\/sklep\/wp-json\/wp\/v2\/product_cat?post=61370"},{"taxonomy":"product_tag","embeddable":true,"href":"https:\/\/www.multifrigo.pl\/sklep\/wp-json\/wp\/v2\/product_tag?post=61370"}],"curies":[{"name":"wp","href":"https:\/\/api.w.org\/{rel}","templated":true}]}}