{"id":61372,"date":"2024-11-15T12:57:53","date_gmt":"2024-11-15T12:57:53","guid":{"rendered":"https:\/\/www.multifrigo.pl\/sklep\/produkt\/kuchnia-gazowa-2-palnikowa-nastawna-fagor-c-g920\/"},"modified":"2025-08-04T11:48:41","modified_gmt":"2025-08-04T11:48:41","slug":"kuchnia-gazowa-2-palnikowa-nastawna-fagor-c-g920","status":"publish","type":"product","link":"https:\/\/www.multifrigo.pl\/sklep\/produkt\/kuchnia-gazowa-2-palnikowa-nastawna-fagor-c-g920\/","title":{"rendered":"Kuchnia gazowa 2-palnikowa nastawna | Fagor C-G920"},"content":{"rendered":"<p>2 palniki  o dwukoronowej budowie, zapewniaj\u0105ce du\u017c\u0105 moc i wysok\u0105 sprawno\u015b\u0107. Ruszty i palniki wykonane z \u017celiwa. Palniki nawierzchniowe z zaworami bezpiecze\u0144stwa i termoparami. Misy ociekowe o pojemno\u015bci 1,5 dm3 pod palnikami (1 misa na 2 palniki), \u0142atwo wyjmowane, stanowi\u0105ce integraln\u0105 cz\u0119\u015b\u0107 urz\u0105dzenia.<\/p>\n","protected":false},"excerpt":{"rendered":"<p>2 palniki o dwukoronowej budowie, zapewniaj\u0105ce du\u017c\u0105 moc i wysok\u0105 sprawno\u015b\u0107. Ruszty i palniki wykonane z \u017celiwa. Palniki nawierzchniowe z zaworami bezpiecze\u0144stwa i termoparami. Misy ociekowe o pojemno\u015bci 1,5 dm3 pod palnikami (1 misa na 2 palniki), \u0142atwo wyjmowane, stanowi\u0105ce integraln\u0105 cz\u0119\u015b\u0107 urz\u0105dzenia.<\/p>\n","protected":false},"featured_media":61471,"template":"","meta":{"_et_pb_use_builder":"","_et_pb_old_content":"","_et_gb_content_width":""},"pwb-brand":[1343],"product_brand":[],"product_cat":[583],"product_tag":[],"class_list":{"0":"post-61372","1":"product","2":"type-product","3":"status-publish","4":"has-post-thumbnail","6":"pwb-brand-fagor","7":"product_cat-2-palnikowe","9":"first","10":"instock","11":"taxable","12":"shipping-taxable","13":"purchasable","14":"product-type-simple"},"brands":[{"id":1343,"name":"Fagor","slug":"fagor"}],"_links":{"self":[{"href":"https:\/\/www.multifrigo.pl\/sklep\/wp-json\/wp\/v2\/product\/61372","targetHints":{"allow":["GET"]}}],"collection":[{"href":"https:\/\/www.multifrigo.pl\/sklep\/wp-json\/wp\/v2\/product"}],"about":[{"href":"https:\/\/www.multifrigo.pl\/sklep\/wp-json\/wp\/v2\/types\/product"}],"wp:featuredmedia":[{"embeddable":true,"href":"https:\/\/www.multifrigo.pl\/sklep\/wp-json\/wp\/v2\/media\/61471"}],"wp:attachment":[{"href":"https:\/\/www.multifrigo.pl\/sklep\/wp-json\/wp\/v2\/media?parent=61372"}],"wp:term":[{"taxonomy":"pwb-brand","embeddable":true,"href":"https:\/\/www.multifrigo.pl\/sklep\/wp-json\/wp\/v2\/pwb-brand?post=61372"},{"taxonomy":"product_brand","embeddable":true,"href":"https:\/\/www.multifrigo.pl\/sklep\/wp-json\/wp\/v2\/product_brand?post=61372"},{"taxonomy":"product_cat","embeddable":true,"href":"https:\/\/www.multifrigo.pl\/sklep\/wp-json\/wp\/v2\/product_cat?post=61372"},{"taxonomy":"product_tag","embeddable":true,"href":"https:\/\/www.multifrigo.pl\/sklep\/wp-json\/wp\/v2\/product_tag?post=61372"}],"curies":[{"name":"wp","href":"https:\/\/api.w.org\/{rel}","templated":true}]}}