{"id":61381,"date":"2024-11-15T13:05:47","date_gmt":"2024-11-15T13:05:47","guid":{"rendered":"https:\/\/www.multifrigo.pl\/sklep\/produkt\/kuchnia-gazowa-6-palnikowa-fagor-c-g961-op-h\/"},"modified":"2025-08-04T11:49:09","modified_gmt":"2025-08-04T11:49:09","slug":"kuchnia-gazowa-6-palnikowa-fagor-c-g961-op-h","status":"publish","type":"product","link":"https:\/\/www.multifrigo.pl\/sklep\/produkt\/kuchnia-gazowa-6-palnikowa-fagor-c-g961-op-h\/","title":{"rendered":"Kuchnia gazowa 6-palnikowa | Fagor C-G961 OP H"},"content":{"rendered":"<p>6  wzmocnionych palnik\u00f3w o dwukoronowej budowie, zapewniaj\u0105ce du\u017c\u0105 moc i wysok\u0105 sprawno\u015b\u0107. Ruszty i palniki wykonane z \u017celiwa. Palniki nawierzchniowe z zaworami bezpiecze\u0144stwa i termoparami. Misy ociekowe o pojemno\u015bci 1,5 dm3 pod palnikami (1 misa na 2 palniki), \u0142atwo wyjmowane, stanowi\u0105ce integraln\u0105 cz\u0119\u015b\u0107 urz\u0105dzenia. Piekarnik gazowy o wymiarach 1000x700x290 ze stali nierdzewnej. Sterowanie termostatem w zakresie temperatur 130-350\u00b0C. Piezoelektryczne odpalanie palnika.<\/p>\n","protected":false},"excerpt":{"rendered":"<p>6 wzmocnionych palnik\u00f3w o dwukoronowej budowie, zapewniaj\u0105ce du\u017c\u0105 moc i wysok\u0105 sprawno\u015b\u0107. Ruszty i palniki wykonane z \u017celiwa. Palniki nawierzchniowe z zaworami bezpiecze\u0144stwa i termoparami. Misy ociekowe o pojemno\u015bci 1,5 dm3 pod palnikami (1 misa na 2 palniki), \u0142atwo wyjmowane, stanowi\u0105ce integraln\u0105 cz\u0119\u015b\u0107 urz\u0105dzenia. Piekarnik gazowy o wymiarach 1000x700x290 ze stali nierdzewnej. Sterowanie termostatem w [&hellip;]<\/p>\n","protected":false},"featured_media":61480,"template":"","meta":{"_et_pb_use_builder":"","_et_pb_old_content":"","_et_gb_content_width":""},"pwb-brand":[1343],"product_brand":[],"product_cat":[591],"product_tag":[],"class_list":{"0":"post-61381","1":"product","2":"type-product","3":"status-publish","4":"has-post-thumbnail","6":"pwb-brand-fagor","7":"product_cat-6-palnikowe","9":"first","10":"instock","11":"taxable","12":"shipping-taxable","13":"purchasable","14":"product-type-simple"},"brands":[{"id":1343,"name":"Fagor","slug":"fagor"}],"_links":{"self":[{"href":"https:\/\/www.multifrigo.pl\/sklep\/wp-json\/wp\/v2\/product\/61381","targetHints":{"allow":["GET"]}}],"collection":[{"href":"https:\/\/www.multifrigo.pl\/sklep\/wp-json\/wp\/v2\/product"}],"about":[{"href":"https:\/\/www.multifrigo.pl\/sklep\/wp-json\/wp\/v2\/types\/product"}],"wp:featuredmedia":[{"embeddable":true,"href":"https:\/\/www.multifrigo.pl\/sklep\/wp-json\/wp\/v2\/media\/61480"}],"wp:attachment":[{"href":"https:\/\/www.multifrigo.pl\/sklep\/wp-json\/wp\/v2\/media?parent=61381"}],"wp:term":[{"taxonomy":"pwb-brand","embeddable":true,"href":"https:\/\/www.multifrigo.pl\/sklep\/wp-json\/wp\/v2\/pwb-brand?post=61381"},{"taxonomy":"product_brand","embeddable":true,"href":"https:\/\/www.multifrigo.pl\/sklep\/wp-json\/wp\/v2\/product_brand?post=61381"},{"taxonomy":"product_cat","embeddable":true,"href":"https:\/\/www.multifrigo.pl\/sklep\/wp-json\/wp\/v2\/product_cat?post=61381"},{"taxonomy":"product_tag","embeddable":true,"href":"https:\/\/www.multifrigo.pl\/sklep\/wp-json\/wp\/v2\/product_tag?post=61381"}],"curies":[{"name":"wp","href":"https:\/\/api.w.org\/{rel}","templated":true}]}}