{"id":61383,"date":"2024-11-15T13:07:51","date_gmt":"2024-11-15T13:07:51","guid":{"rendered":"https:\/\/www.multifrigo.pl\/sklep\/produkt\/kuchnia-gazowa-z-piekarnikiem-elektrycznym-fagor-c-ge941\/"},"modified":"2025-08-04T11:49:14","modified_gmt":"2025-08-04T11:49:14","slug":"kuchnia-gazowa-z-piekarnikiem-elektrycznym-fagor-c-ge941","status":"publish","type":"product","link":"https:\/\/www.multifrigo.pl\/sklep\/produkt\/kuchnia-gazowa-z-piekarnikiem-elektrycznym-fagor-c-ge941\/","title":{"rendered":"Kuchnia gazowa z piekarnikiem elektrycznym | Fagor C-GE941"},"content":{"rendered":"<p>4 palniki o dwukoronowej budowie, zapewniaj\u0105ce du\u017c\u0105 moc i wysok\u0105 sprawno\u015b\u0107. Palniki nawierzchniowe z zaworami bezpiecze\u0144stwa i termoparami. Ruszty i palniki wykonane z \u017celiwa. Rynny ociekowe o pojemno\u015bci 1,5 dm3 pod palnikami, \u0142atwo wyjmowane, stanowi\u0105ce integraln\u0105 cz\u0119\u015b\u0107 urz\u0105dzenia. Piekarnik elektryczny z rusztem GN 2\/1 (650 x 520 mm) z dolnymi i g\u00f3rnymi elementami grzejnymi. Wymiary piekarnika: 520 x 650 x 300 mm. Prze\u0142\u0105cznik wyboru element\u00f3w grzejnych. Piekarnik sterowany termostatem w zakresie 55\u2013350\u00b0C.<\/p>\n","protected":false},"excerpt":{"rendered":"<p>4 palniki o dwukoronowej budowie, zapewniaj\u0105ce du\u017c\u0105 moc i wysok\u0105 sprawno\u015b\u0107. Palniki nawierzchniowe z zaworami bezpiecze\u0144stwa i termoparami. Ruszty i palniki wykonane z \u017celiwa. Rynny ociekowe o pojemno\u015bci 1,5 dm3 pod palnikami, \u0142atwo wyjmowane, stanowi\u0105ce integraln\u0105 cz\u0119\u015b\u0107 urz\u0105dzenia. Piekarnik elektryczny z rusztem GN 2\/1 (650 x 520 mm) z dolnymi i g\u00f3rnymi elementami grzejnymi. Wymiary [&hellip;]<\/p>\n","protected":false},"featured_media":61482,"template":"","meta":{"_et_pb_use_builder":"","_et_pb_old_content":"","_et_gb_content_width":""},"pwb-brand":[1343],"product_brand":[],"product_cat":[594],"product_tag":[],"class_list":{"0":"post-61383","1":"product","2":"type-product","3":"status-publish","4":"has-post-thumbnail","6":"pwb-brand-fagor","7":"product_cat-4-palnikowe-z-piekarnikiem-elektrycznym","9":"first","10":"instock","11":"taxable","12":"shipping-taxable","13":"purchasable","14":"product-type-simple"},"brands":[{"id":1343,"name":"Fagor","slug":"fagor"}],"_links":{"self":[{"href":"https:\/\/www.multifrigo.pl\/sklep\/wp-json\/wp\/v2\/product\/61383","targetHints":{"allow":["GET"]}}],"collection":[{"href":"https:\/\/www.multifrigo.pl\/sklep\/wp-json\/wp\/v2\/product"}],"about":[{"href":"https:\/\/www.multifrigo.pl\/sklep\/wp-json\/wp\/v2\/types\/product"}],"wp:featuredmedia":[{"embeddable":true,"href":"https:\/\/www.multifrigo.pl\/sklep\/wp-json\/wp\/v2\/media\/61482"}],"wp:attachment":[{"href":"https:\/\/www.multifrigo.pl\/sklep\/wp-json\/wp\/v2\/media?parent=61383"}],"wp:term":[{"taxonomy":"pwb-brand","embeddable":true,"href":"https:\/\/www.multifrigo.pl\/sklep\/wp-json\/wp\/v2\/pwb-brand?post=61383"},{"taxonomy":"product_brand","embeddable":true,"href":"https:\/\/www.multifrigo.pl\/sklep\/wp-json\/wp\/v2\/product_brand?post=61383"},{"taxonomy":"product_cat","embeddable":true,"href":"https:\/\/www.multifrigo.pl\/sklep\/wp-json\/wp\/v2\/product_cat?post=61383"},{"taxonomy":"product_tag","embeddable":true,"href":"https:\/\/www.multifrigo.pl\/sklep\/wp-json\/wp\/v2\/product_tag?post=61383"}],"curies":[{"name":"wp","href":"https:\/\/api.w.org\/{rel}","templated":true}]}}