{"id":61385,"date":"2024-11-15T13:09:53","date_gmt":"2024-11-15T13:09:53","guid":{"rendered":"https:\/\/www.multifrigo.pl\/sklep\/produkt\/kuchnia-gazowa-do-paelli-z-piekarnikiem-fagor-c-gp911\/"},"modified":"2025-08-04T11:49:19","modified_gmt":"2025-08-04T11:49:19","slug":"kuchnia-gazowa-do-paelli-z-piekarnikiem-fagor-c-gp911","status":"publish","type":"product","link":"https:\/\/www.multifrigo.pl\/sklep\/produkt\/kuchnia-gazowa-do-paelli-z-piekarnikiem-fagor-c-gp911\/","title":{"rendered":"Kuchnia gazowa do paelli z piekarnikiem | Fagor C-GP911"},"content":{"rendered":"<p>Dwucz\u0119\u015bciowy palnik nawierzchniowy (zewn\u0119trzny i wewn\u0119trzny pier\u015bcie\u0144), zapewniaj\u0105cy du\u017c\u0105 moc i sprawno\u015b\u0107. Ka\u017cda cz\u0119\u015b\u0107 palnika sterowana za pomoc\u0105 niezale\u017cnego pokr\u0119t\u0142a. Moc zewn\u0119trznego pier\u015bcienia wynosi 11,0 kW, natomiast wewn\u0119trznego 5,5 kW. Nawierzchniowy ruszt o wymiarach 850 x 700 mm wykonany ze stali nierdzewnej. Rynny ociekowe pod palnikiem na t\u0142uszcze \u0142atwo wyjmowalne stanowi\u0105 integraln\u0105 cz\u0119\u015b\u0107 urz\u0105dzenia. Piekarnik o wymiarach 730x730x330, pilot i termopara, Piekarnik sterowany termostatem w zakresie temperatur 130\u2013350\u00b0C.<\/p>\n","protected":false},"excerpt":{"rendered":"<p>Dwucz\u0119\u015bciowy palnik nawierzchniowy (zewn\u0119trzny i wewn\u0119trzny pier\u015bcie\u0144), zapewniaj\u0105cy du\u017c\u0105 moc i sprawno\u015b\u0107. Ka\u017cda cz\u0119\u015b\u0107 palnika sterowana za pomoc\u0105 niezale\u017cnego pokr\u0119t\u0142a. Moc zewn\u0119trznego pier\u015bcienia wynosi 11,0 kW, natomiast wewn\u0119trznego 5,5 kW. Nawierzchniowy ruszt o wymiarach 850 x 700 mm wykonany ze stali nierdzewnej. Rynny ociekowe pod palnikiem na t\u0142uszcze \u0142atwo wyjmowalne stanowi\u0105 integraln\u0105 cz\u0119\u015b\u0107 urz\u0105dzenia. Piekarnik [&hellip;]<\/p>\n","protected":false},"featured_media":61484,"template":"","meta":{"_et_pb_use_builder":"","_et_pb_old_content":"","_et_gb_content_width":""},"pwb-brand":[1343],"product_brand":[],"product_cat":[5014],"product_tag":[],"class_list":{"0":"post-61385","1":"product","2":"type-product","3":"status-publish","4":"has-post-thumbnail","6":"pwb-brand-fagor","7":"product_cat-kuchnie-do-paelli","9":"first","10":"instock","11":"taxable","12":"shipping-taxable","13":"purchasable","14":"product-type-simple"},"brands":[{"id":1343,"name":"Fagor","slug":"fagor"}],"_links":{"self":[{"href":"https:\/\/www.multifrigo.pl\/sklep\/wp-json\/wp\/v2\/product\/61385","targetHints":{"allow":["GET"]}}],"collection":[{"href":"https:\/\/www.multifrigo.pl\/sklep\/wp-json\/wp\/v2\/product"}],"about":[{"href":"https:\/\/www.multifrigo.pl\/sklep\/wp-json\/wp\/v2\/types\/product"}],"wp:featuredmedia":[{"embeddable":true,"href":"https:\/\/www.multifrigo.pl\/sklep\/wp-json\/wp\/v2\/media\/61484"}],"wp:attachment":[{"href":"https:\/\/www.multifrigo.pl\/sklep\/wp-json\/wp\/v2\/media?parent=61385"}],"wp:term":[{"taxonomy":"pwb-brand","embeddable":true,"href":"https:\/\/www.multifrigo.pl\/sklep\/wp-json\/wp\/v2\/pwb-brand?post=61385"},{"taxonomy":"product_brand","embeddable":true,"href":"https:\/\/www.multifrigo.pl\/sklep\/wp-json\/wp\/v2\/product_brand?post=61385"},{"taxonomy":"product_cat","embeddable":true,"href":"https:\/\/www.multifrigo.pl\/sklep\/wp-json\/wp\/v2\/product_cat?post=61385"},{"taxonomy":"product_tag","embeddable":true,"href":"https:\/\/www.multifrigo.pl\/sklep\/wp-json\/wp\/v2\/product_tag?post=61385"}],"curies":[{"name":"wp","href":"https:\/\/api.w.org\/{rel}","templated":true}]}}