{"id":61390,"date":"2024-11-15T13:14:42","date_gmt":"2024-11-15T13:14:42","guid":{"rendered":"https:\/\/www.multifrigo.pl\/sklep\/produkt\/warnik-do-makaronu-elektryczny-jednokomorowy-fagor-cp-e905\/"},"modified":"2025-08-04T11:49:39","modified_gmt":"2025-08-04T11:49:39","slug":"warnik-do-makaronu-elektryczny-jednokomorowy-fagor-cp-e905","status":"publish","type":"product","link":"https:\/\/www.multifrigo.pl\/sklep\/produkt\/warnik-do-makaronu-elektryczny-jednokomorowy-fagor-cp-e905\/","title":{"rendered":"Warnik do makaronu elektryczny jednokomorowy | Fagor CP-E905"},"content":{"rendered":"<p>Pojemno\u015b\u0107 komory gotowania 40 litr\u00f3w, Istnieje mo\u017cliwo\u015b\u0107 dokupienia 2 koszy 1\/2, 1 kosza 1\/1 lub 6 koszy 1\/6. Posiada otw\u00f3r przelewowy i zaw\u00f3r spustowy. Nape\u0142nianie wod\u0105 za pomoc\u0105 elektrozaworu. <\/p>\n","protected":false},"excerpt":{"rendered":"<p>Pojemno\u015b\u0107 komory gotowania 40 litr\u00f3w, Istnieje mo\u017cliwo\u015b\u0107 dokupienia 2 koszy 1\/2, 1 kosza 1\/1 lub 6 koszy 1\/6. Posiada otw\u00f3r przelewowy i zaw\u00f3r spustowy. Nape\u0142nianie wod\u0105 za pomoc\u0105 elektrozaworu.<\/p>\n","protected":false},"featured_media":61489,"template":"","meta":{"_et_pb_use_builder":"","_et_pb_old_content":"","_et_gb_content_width":""},"pwb-brand":[1343],"product_brand":[],"product_cat":[615],"product_tag":[],"class_list":{"0":"post-61390","1":"product","2":"type-product","3":"status-publish","4":"has-post-thumbnail","6":"pwb-brand-fagor","7":"product_cat-makaroniarki-makaroniarki","9":"first","10":"instock","11":"taxable","12":"shipping-taxable","13":"purchasable","14":"product-type-simple"},"brands":[{"id":1343,"name":"Fagor","slug":"fagor"}],"_links":{"self":[{"href":"https:\/\/www.multifrigo.pl\/sklep\/wp-json\/wp\/v2\/product\/61390","targetHints":{"allow":["GET"]}}],"collection":[{"href":"https:\/\/www.multifrigo.pl\/sklep\/wp-json\/wp\/v2\/product"}],"about":[{"href":"https:\/\/www.multifrigo.pl\/sklep\/wp-json\/wp\/v2\/types\/product"}],"wp:featuredmedia":[{"embeddable":true,"href":"https:\/\/www.multifrigo.pl\/sklep\/wp-json\/wp\/v2\/media\/61489"}],"wp:attachment":[{"href":"https:\/\/www.multifrigo.pl\/sklep\/wp-json\/wp\/v2\/media?parent=61390"}],"wp:term":[{"taxonomy":"pwb-brand","embeddable":true,"href":"https:\/\/www.multifrigo.pl\/sklep\/wp-json\/wp\/v2\/pwb-brand?post=61390"},{"taxonomy":"product_brand","embeddable":true,"href":"https:\/\/www.multifrigo.pl\/sklep\/wp-json\/wp\/v2\/product_brand?post=61390"},{"taxonomy":"product_cat","embeddable":true,"href":"https:\/\/www.multifrigo.pl\/sklep\/wp-json\/wp\/v2\/product_cat?post=61390"},{"taxonomy":"product_tag","embeddable":true,"href":"https:\/\/www.multifrigo.pl\/sklep\/wp-json\/wp\/v2\/product_tag?post=61390"}],"curies":[{"name":"wp","href":"https:\/\/api.w.org\/{rel}","templated":true}]}}