{"id":61393,"date":"2024-11-15T13:17:46","date_gmt":"2024-11-15T13:17:46","guid":{"rendered":"https:\/\/www.multifrigo.pl\/sklep\/produkt\/frytownica-elektryczna-jednokomorowa-21-litrow-21-kw-fagor-f-e9121-d\/"},"modified":"2025-08-04T11:49:49","modified_gmt":"2025-08-04T11:49:49","slug":"frytownica-elektryczna-jednokomorowa-21-litrow-21-kw-fagor-f-e9121-d","status":"publish","type":"product","link":"https:\/\/www.multifrigo.pl\/sklep\/produkt\/frytownica-elektryczna-jednokomorowa-21-litrow-21-kw-fagor-f-e9121-d\/","title":{"rendered":"Frytownica elektryczna jednokomorowa 21 litr\u00f3w 21 kW | Fagor F-E9121 D"},"content":{"rendered":"<p>Pojemno\u015b\u0107 1 komory wynosi 21 litr\u00f3w. Du\u017ca moc grzewcza, wyposa\u017cenie: 2x kosz wymiar: 130 x 330 x 130 mm.  Zimna strefa na dnie komory, zwi\u0119kszaj\u0105ca \u017cywotno\u015b\u0107 oleju. Temperatura pracy regulowana termostatem w zakresie 60\u2013200\u00b0C. Lampka kontrolna grzania. Elementy grzejne wykonane ze stali nierdzewnej. Spust oleju poprzez zaw\u00f3r spustowy w szafce pod komor\u0105. Pojemno\u015b\u0107 kosza:  2,5kg. Wydajno\u015b\u0107 1 komory: 25 kg\/godz. Cyfrowy sterownik <\/p>\n","protected":false},"excerpt":{"rendered":"<p>Pojemno\u015b\u0107 1 komory wynosi 21 litr\u00f3w. Du\u017ca moc grzewcza, wyposa\u017cenie: 2x kosz wymiar: 130 x 330 x 130 mm. Zimna strefa na dnie komory, zwi\u0119kszaj\u0105ca \u017cywotno\u015b\u0107 oleju. Temperatura pracy regulowana termostatem w zakresie 60\u2013200\u00b0C. Lampka kontrolna grzania. Elementy grzejne wykonane ze stali nierdzewnej. Spust oleju poprzez zaw\u00f3r spustowy w szafce pod komor\u0105. Pojemno\u015b\u0107 kosza: 2,5kg. [&hellip;]<\/p>\n","protected":false},"featured_media":61492,"template":"","meta":{"_et_pb_use_builder":"","_et_pb_old_content":"","_et_gb_content_width":""},"pwb-brand":[1343],"product_brand":[],"product_cat":[447],"product_tag":[],"class_list":{"0":"post-61393","1":"product","2":"type-product","3":"status-publish","4":"has-post-thumbnail","6":"pwb-brand-fagor","7":"product_cat-frytownice-gastronomiczne","9":"first","10":"instock","11":"taxable","12":"shipping-taxable","13":"purchasable","14":"product-type-simple"},"brands":[{"id":1343,"name":"Fagor","slug":"fagor"}],"_links":{"self":[{"href":"https:\/\/www.multifrigo.pl\/sklep\/wp-json\/wp\/v2\/product\/61393","targetHints":{"allow":["GET"]}}],"collection":[{"href":"https:\/\/www.multifrigo.pl\/sklep\/wp-json\/wp\/v2\/product"}],"about":[{"href":"https:\/\/www.multifrigo.pl\/sklep\/wp-json\/wp\/v2\/types\/product"}],"wp:featuredmedia":[{"embeddable":true,"href":"https:\/\/www.multifrigo.pl\/sklep\/wp-json\/wp\/v2\/media\/61492"}],"wp:attachment":[{"href":"https:\/\/www.multifrigo.pl\/sklep\/wp-json\/wp\/v2\/media?parent=61393"}],"wp:term":[{"taxonomy":"pwb-brand","embeddable":true,"href":"https:\/\/www.multifrigo.pl\/sklep\/wp-json\/wp\/v2\/pwb-brand?post=61393"},{"taxonomy":"product_brand","embeddable":true,"href":"https:\/\/www.multifrigo.pl\/sklep\/wp-json\/wp\/v2\/product_brand?post=61393"},{"taxonomy":"product_cat","embeddable":true,"href":"https:\/\/www.multifrigo.pl\/sklep\/wp-json\/wp\/v2\/product_cat?post=61393"},{"taxonomy":"product_tag","embeddable":true,"href":"https:\/\/www.multifrigo.pl\/sklep\/wp-json\/wp\/v2\/product_tag?post=61393"}],"curies":[{"name":"wp","href":"https:\/\/api.w.org\/{rel}","templated":true}]}}