{"id":61394,"date":"2024-11-15T13:18:46","date_gmt":"2024-11-15T13:18:46","guid":{"rendered":"https:\/\/www.multifrigo.pl\/sklep\/produkt\/frytownica-elektryczna-jednokomorowa-23-litry-fagor-f-e9123\/"},"modified":"2025-08-04T11:49:52","modified_gmt":"2025-08-04T11:49:52","slug":"frytownica-elektryczna-jednokomorowa-23-litry-fagor-f-e9123","status":"publish","type":"product","link":"https:\/\/www.multifrigo.pl\/sklep\/produkt\/frytownica-elektryczna-jednokomorowa-23-litry-fagor-f-e9123\/","title":{"rendered":"Frytownica elektryczna jednokomorowa 23 litry | Fagor F-E9123"},"content":{"rendered":"<p>Model z zewn\u0119trznymi grza\u0142kami. Pojemno\u015b\u0107 1 komory wynosi 23 L. Automatycznie spawany i polerowany, \u0142atwy w czyszczeniu zbiornik w kszta\u0142cie litery V. Pojemnik z filtrem na zu\u017cyty t\u0142uszcz umieszczony pod zbiornikiem. Termostat bezpiecze\u0144stwa we wszytkich modelach. Opr\u00f3\u017cnianie oleju ze zbiornika poprzez trwa\u0142y i niezawodny zaw\u00f3r kulkowy odporny na wysokie temperatury. <\/p>\n","protected":false},"excerpt":{"rendered":"<p>Model z zewn\u0119trznymi grza\u0142kami. Pojemno\u015b\u0107 1 komory wynosi 23 L. Automatycznie spawany i polerowany, \u0142atwy w czyszczeniu zbiornik w kszta\u0142cie litery V. Pojemnik z filtrem na zu\u017cyty t\u0142uszcz umieszczony pod zbiornikiem. Termostat bezpiecze\u0144stwa we wszytkich modelach. Opr\u00f3\u017cnianie oleju ze zbiornika poprzez trwa\u0142y i niezawodny zaw\u00f3r kulkowy odporny na wysokie temperatury.<\/p>\n","protected":false},"featured_media":61493,"template":"","meta":{"_et_pb_use_builder":"","_et_pb_old_content":"","_et_gb_content_width":""},"pwb-brand":[1343],"product_brand":[],"product_cat":[447],"product_tag":[],"class_list":{"0":"post-61394","1":"product","2":"type-product","3":"status-publish","4":"has-post-thumbnail","6":"pwb-brand-fagor","7":"product_cat-frytownice-gastronomiczne","9":"first","10":"instock","11":"taxable","12":"shipping-taxable","13":"purchasable","14":"product-type-simple"},"brands":[{"id":1343,"name":"Fagor","slug":"fagor"}],"_links":{"self":[{"href":"https:\/\/www.multifrigo.pl\/sklep\/wp-json\/wp\/v2\/product\/61394","targetHints":{"allow":["GET"]}}],"collection":[{"href":"https:\/\/www.multifrigo.pl\/sklep\/wp-json\/wp\/v2\/product"}],"about":[{"href":"https:\/\/www.multifrigo.pl\/sklep\/wp-json\/wp\/v2\/types\/product"}],"wp:featuredmedia":[{"embeddable":true,"href":"https:\/\/www.multifrigo.pl\/sklep\/wp-json\/wp\/v2\/media\/61493"}],"wp:attachment":[{"href":"https:\/\/www.multifrigo.pl\/sklep\/wp-json\/wp\/v2\/media?parent=61394"}],"wp:term":[{"taxonomy":"pwb-brand","embeddable":true,"href":"https:\/\/www.multifrigo.pl\/sklep\/wp-json\/wp\/v2\/pwb-brand?post=61394"},{"taxonomy":"product_brand","embeddable":true,"href":"https:\/\/www.multifrigo.pl\/sklep\/wp-json\/wp\/v2\/product_brand?post=61394"},{"taxonomy":"product_cat","embeddable":true,"href":"https:\/\/www.multifrigo.pl\/sklep\/wp-json\/wp\/v2\/product_cat?post=61394"},{"taxonomy":"product_tag","embeddable":true,"href":"https:\/\/www.multifrigo.pl\/sklep\/wp-json\/wp\/v2\/product_tag?post=61394"}],"curies":[{"name":"wp","href":"https:\/\/api.w.org\/{rel}","templated":true}]}}