{"id":61395,"date":"2024-11-15T13:19:50","date_gmt":"2024-11-15T13:19:50","guid":{"rendered":"https:\/\/www.multifrigo.pl\/sklep\/produkt\/frytownica-gazowa-jednokomorowa-21-l-fagor-f-g9121-r\/"},"modified":"2025-08-04T11:49:55","modified_gmt":"2025-08-04T11:49:55","slug":"frytownica-gazowa-jednokomorowa-21-l-fagor-f-g9121-r","status":"publish","type":"product","link":"https:\/\/www.multifrigo.pl\/sklep\/produkt\/frytownica-gazowa-jednokomorowa-21-l-fagor-f-g9121-r\/","title":{"rendered":"Frytownica gazowa jednokomorowa 21 l | Fagor F-G9121 R"},"content":{"rendered":"<p>Pojemno\u015b\u0107 komory wynosi 21 litr\u00f3w. Du\u017ca moc grzewcza, wyposa\u017cenie: 2x kosz wymiar: 130x330x130mm.  Zimna strefa na dnie komory, zwi\u0119kszaj\u0105ca \u017cywotno\u015b\u0107 oleju. Temperatura pracy regulowana termostatem w zakresie 60\u2013200\u00b0C. Odpalanie palnik\u00f3w za pomoc\u0105 zaworu elektromagnetycznego z pilotem i termopar\u0105. Spust oleju poprzez zaw\u00f3r spustowy w szafce pod komor\u0105. Pojemno\u015b\u0107 jednego kosza: 2,5kg. Wydajno\u015b\u0107 1 komory: 30 kg\/godz.<\/p>\n","protected":false},"excerpt":{"rendered":"<p>Pojemno\u015b\u0107 komory wynosi 21 litr\u00f3w. Du\u017ca moc grzewcza, wyposa\u017cenie: 2x kosz wymiar: 130x330x130mm. Zimna strefa na dnie komory, zwi\u0119kszaj\u0105ca \u017cywotno\u015b\u0107 oleju. Temperatura pracy regulowana termostatem w zakresie 60\u2013200\u00b0C. Odpalanie palnik\u00f3w za pomoc\u0105 zaworu elektromagnetycznego z pilotem i termopar\u0105. Spust oleju poprzez zaw\u00f3r spustowy w szafce pod komor\u0105. Pojemno\u015b\u0107 jednego kosza: 2,5kg. Wydajno\u015b\u0107 1 komory: 30 [&hellip;]<\/p>\n","protected":false},"featured_media":61494,"template":"","meta":{"_et_pb_use_builder":"","_et_pb_old_content":"","_et_gb_content_width":""},"pwb-brand":[1343],"product_brand":[],"product_cat":[447],"product_tag":[],"class_list":{"0":"post-61395","1":"product","2":"type-product","3":"status-publish","4":"has-post-thumbnail","6":"pwb-brand-fagor","7":"product_cat-frytownice-gastronomiczne","9":"first","10":"instock","11":"taxable","12":"shipping-taxable","13":"purchasable","14":"product-type-simple"},"brands":[{"id":1343,"name":"Fagor","slug":"fagor"}],"_links":{"self":[{"href":"https:\/\/www.multifrigo.pl\/sklep\/wp-json\/wp\/v2\/product\/61395","targetHints":{"allow":["GET"]}}],"collection":[{"href":"https:\/\/www.multifrigo.pl\/sklep\/wp-json\/wp\/v2\/product"}],"about":[{"href":"https:\/\/www.multifrigo.pl\/sklep\/wp-json\/wp\/v2\/types\/product"}],"wp:featuredmedia":[{"embeddable":true,"href":"https:\/\/www.multifrigo.pl\/sklep\/wp-json\/wp\/v2\/media\/61494"}],"wp:attachment":[{"href":"https:\/\/www.multifrigo.pl\/sklep\/wp-json\/wp\/v2\/media?parent=61395"}],"wp:term":[{"taxonomy":"pwb-brand","embeddable":true,"href":"https:\/\/www.multifrigo.pl\/sklep\/wp-json\/wp\/v2\/pwb-brand?post=61395"},{"taxonomy":"product_brand","embeddable":true,"href":"https:\/\/www.multifrigo.pl\/sklep\/wp-json\/wp\/v2\/product_brand?post=61395"},{"taxonomy":"product_cat","embeddable":true,"href":"https:\/\/www.multifrigo.pl\/sklep\/wp-json\/wp\/v2\/product_cat?post=61395"},{"taxonomy":"product_tag","embeddable":true,"href":"https:\/\/www.multifrigo.pl\/sklep\/wp-json\/wp\/v2\/product_tag?post=61395"}],"curies":[{"name":"wp","href":"https:\/\/api.w.org\/{rel}","templated":true}]}}