{"id":61404,"date":"2024-11-15T13:28:23","date_gmt":"2024-11-15T13:28:23","guid":{"rendered":"https:\/\/www.multifrigo.pl\/sklep\/produkt\/plyta-grillowa-elektryczna-chromowana-2-3-gladka-1-3-ryflowana-fagor-ft-e910-clr\/"},"modified":"2025-08-04T11:50:23","modified_gmt":"2025-08-04T11:50:23","slug":"plyta-grillowa-elektryczna-chromowana-2-3-gladka-1-3-ryflowana-fagor-ft-e910-clr","status":"publish","type":"product","link":"https:\/\/www.multifrigo.pl\/sklep\/produkt\/plyta-grillowa-elektryczna-chromowana-2-3-gladka-1-3-ryflowana-fagor-ft-e910-clr\/","title":{"rendered":"P\u0142yta grillowa elektryczna chromowana 2\/3 g\u0142adka 1\/3 ryflowana | Fagor FT-E910 CLR"},"content":{"rendered":"<p>P\u0142yta grillowa g\u0142adko-ryflowana. Temperatura p\u0142yty sterowana termostatem w zakresie temperatur 120\u2013350\u00b0C. Zbiornik t\u0142uszczu o du\u017cej obj\u0119to\u015bci znajduj\u0105cy si\u0119 pod p\u0142yt\u0105 grillow\u0105. P\u0142yta pokryta 50-mikronow\u0105 warstw\u0105 chromu; zmniejszona emisja ciep\u0142a do otoczenia, lepszy komfort pracy, produkty grillowane nie przywieraj\u0105 do p\u0142yty.<\/p>\n","protected":false},"excerpt":{"rendered":"<p>P\u0142yta grillowa g\u0142adko-ryflowana. Temperatura p\u0142yty sterowana termostatem w zakresie temperatur 120\u2013350\u00b0C. Zbiornik t\u0142uszczu o du\u017cej obj\u0119to\u015bci znajduj\u0105cy si\u0119 pod p\u0142yt\u0105 grillow\u0105. P\u0142yta pokryta 50-mikronow\u0105 warstw\u0105 chromu; zmniejszona emisja ciep\u0142a do otoczenia, lepszy komfort pracy, produkty grillowane nie przywieraj\u0105 do p\u0142yty.<\/p>\n","protected":false},"featured_media":61503,"template":"","meta":{"_et_pb_use_builder":"","_et_pb_old_content":"","_et_gb_content_width":""},"pwb-brand":[1343],"product_brand":[],"product_cat":[446],"product_tag":[],"class_list":{"0":"post-61404","1":"product","2":"type-product","3":"status-publish","4":"has-post-thumbnail","6":"pwb-brand-fagor","7":"product_cat-plyty-grillowe","9":"first","10":"instock","11":"taxable","12":"shipping-taxable","13":"purchasable","14":"product-type-simple"},"brands":[{"id":1343,"name":"Fagor","slug":"fagor"}],"_links":{"self":[{"href":"https:\/\/www.multifrigo.pl\/sklep\/wp-json\/wp\/v2\/product\/61404","targetHints":{"allow":["GET"]}}],"collection":[{"href":"https:\/\/www.multifrigo.pl\/sklep\/wp-json\/wp\/v2\/product"}],"about":[{"href":"https:\/\/www.multifrigo.pl\/sklep\/wp-json\/wp\/v2\/types\/product"}],"wp:featuredmedia":[{"embeddable":true,"href":"https:\/\/www.multifrigo.pl\/sklep\/wp-json\/wp\/v2\/media\/61503"}],"wp:attachment":[{"href":"https:\/\/www.multifrigo.pl\/sklep\/wp-json\/wp\/v2\/media?parent=61404"}],"wp:term":[{"taxonomy":"pwb-brand","embeddable":true,"href":"https:\/\/www.multifrigo.pl\/sklep\/wp-json\/wp\/v2\/pwb-brand?post=61404"},{"taxonomy":"product_brand","embeddable":true,"href":"https:\/\/www.multifrigo.pl\/sklep\/wp-json\/wp\/v2\/product_brand?post=61404"},{"taxonomy":"product_cat","embeddable":true,"href":"https:\/\/www.multifrigo.pl\/sklep\/wp-json\/wp\/v2\/product_cat?post=61404"},{"taxonomy":"product_tag","embeddable":true,"href":"https:\/\/www.multifrigo.pl\/sklep\/wp-json\/wp\/v2\/product_tag?post=61404"}],"curies":[{"name":"wp","href":"https:\/\/api.w.org\/{rel}","templated":true}]}}