{"id":61418,"date":"2024-11-15T13:40:30","date_gmt":"2024-11-15T13:40:30","guid":{"rendered":"https:\/\/www.multifrigo.pl\/sklep\/produkt\/plyta-grillowa-gazowa-podwojna-ryflowana-fagor-ft-g910-r\/"},"modified":"2025-08-04T11:51:05","modified_gmt":"2025-08-04T11:51:05","slug":"plyta-grillowa-gazowa-podwojna-ryflowana-fagor-ft-g910-r","status":"publish","type":"product","link":"https:\/\/www.multifrigo.pl\/sklep\/produkt\/plyta-grillowa-gazowa-podwojna-ryflowana-fagor-ft-g910-r\/","title":{"rendered":"P\u0142yta grillowa gazowa podw\u00f3jna ryflowana | Fagor FT-G910 R"},"content":{"rendered":"<p>P\u0142yta grillowa ryflowana, Palniki rurowe pod p\u0142yt\u0105 grillow\u0105 wykonane ze stali nierdzewnej z p\u0142omieniem kontrolnym i termopar\u0105. Piezoelektryczne odpalanie palnik\u00f3w. Temperatura p\u0142yty sterowana termostatem (120\u2013310\u00b0C). Zbiornik t\u0142uszczu o du\u017cej obj\u0119to\u015bci znajduj\u0105cy si\u0119 pod p\u0142yt\u0105 grillow\u0105. <\/p>\n","protected":false},"excerpt":{"rendered":"<p>P\u0142yta grillowa ryflowana, Palniki rurowe pod p\u0142yt\u0105 grillow\u0105 wykonane ze stali nierdzewnej z p\u0142omieniem kontrolnym i termopar\u0105. Piezoelektryczne odpalanie palnik\u00f3w. Temperatura p\u0142yty sterowana termostatem (120\u2013310\u00b0C). Zbiornik t\u0142uszczu o du\u017cej obj\u0119to\u015bci znajduj\u0105cy si\u0119 pod p\u0142yt\u0105 grillow\u0105.<\/p>\n","protected":false},"featured_media":61517,"template":"","meta":{"_et_pb_use_builder":"","_et_pb_old_content":"","_et_gb_content_width":""},"pwb-brand":[1343],"product_brand":[],"product_cat":[446],"product_tag":[],"class_list":{"0":"post-61418","1":"product","2":"type-product","3":"status-publish","4":"has-post-thumbnail","6":"pwb-brand-fagor","7":"product_cat-plyty-grillowe","9":"first","10":"instock","11":"taxable","12":"shipping-taxable","13":"purchasable","14":"product-type-simple"},"brands":[{"id":1343,"name":"Fagor","slug":"fagor"}],"_links":{"self":[{"href":"https:\/\/www.multifrigo.pl\/sklep\/wp-json\/wp\/v2\/product\/61418","targetHints":{"allow":["GET"]}}],"collection":[{"href":"https:\/\/www.multifrigo.pl\/sklep\/wp-json\/wp\/v2\/product"}],"about":[{"href":"https:\/\/www.multifrigo.pl\/sklep\/wp-json\/wp\/v2\/types\/product"}],"wp:featuredmedia":[{"embeddable":true,"href":"https:\/\/www.multifrigo.pl\/sklep\/wp-json\/wp\/v2\/media\/61517"}],"wp:attachment":[{"href":"https:\/\/www.multifrigo.pl\/sklep\/wp-json\/wp\/v2\/media?parent=61418"}],"wp:term":[{"taxonomy":"pwb-brand","embeddable":true,"href":"https:\/\/www.multifrigo.pl\/sklep\/wp-json\/wp\/v2\/pwb-brand?post=61418"},{"taxonomy":"product_brand","embeddable":true,"href":"https:\/\/www.multifrigo.pl\/sklep\/wp-json\/wp\/v2\/product_brand?post=61418"},{"taxonomy":"product_cat","embeddable":true,"href":"https:\/\/www.multifrigo.pl\/sklep\/wp-json\/wp\/v2\/product_cat?post=61418"},{"taxonomy":"product_tag","embeddable":true,"href":"https:\/\/www.multifrigo.pl\/sklep\/wp-json\/wp\/v2\/product_tag?post=61418"}],"curies":[{"name":"wp","href":"https:\/\/api.w.org\/{rel}","templated":true}]}}