{"id":61420,"date":"2024-11-15T13:42:26","date_gmt":"2024-11-15T13:42:26","guid":{"rendered":"https:\/\/www.multifrigo.pl\/sklep\/produkt\/frytownica-gazowa-dwukomorowa-2x15-l-fagor-f-g9215\/"},"modified":"2025-08-04T11:51:11","modified_gmt":"2025-08-04T11:51:11","slug":"frytownica-gazowa-dwukomorowa-2x15-l-fagor-f-g9215","status":"publish","type":"product","link":"https:\/\/www.multifrigo.pl\/sklep\/produkt\/frytownica-gazowa-dwukomorowa-2x15-l-fagor-f-g9215\/","title":{"rendered":"Frytownica gazowa dwukomorowa 2&#215;15 l | Fagor F-G9215"},"content":{"rendered":"<p>Pojemno\u015b\u0107 komory wynosi 2x 15 litr\u00f3w. Du\u017ca moc grzewcza, wyposa\u017cenie: 2 kosze 250x280x100mm  Zimna strefa na dnie komory, zwi\u0119kszaj\u0105ca \u017cywotno\u015b\u0107 oleju. Temperatura pracy regulowana termostatem w zakresie 60\u2013200\u00b0C. Odpalanie palnik\u00f3w za pomoc\u0105 zaworu elektromagnetycznego z pilotem i termopar\u0105. Spust oleju poprzez zaw\u00f3r spustowy w szafce pod komor\u0105. Pojemno\u015b\u0107 jednego kosza: 5 kg. Wydajno\u015b\u0107 1 komory: 30 kg\/godz.<\/p>\n","protected":false},"excerpt":{"rendered":"<p>Pojemno\u015b\u0107 komory wynosi 2x 15 litr\u00f3w. Du\u017ca moc grzewcza, wyposa\u017cenie: 2 kosze 250x280x100mm Zimna strefa na dnie komory, zwi\u0119kszaj\u0105ca \u017cywotno\u015b\u0107 oleju. Temperatura pracy regulowana termostatem w zakresie 60\u2013200\u00b0C. Odpalanie palnik\u00f3w za pomoc\u0105 zaworu elektromagnetycznego z pilotem i termopar\u0105. Spust oleju poprzez zaw\u00f3r spustowy w szafce pod komor\u0105. Pojemno\u015b\u0107 jednego kosza: 5 kg. Wydajno\u015b\u0107 1 komory: [&hellip;]<\/p>\n","protected":false},"featured_media":61519,"template":"","meta":{"_et_pb_use_builder":"","_et_pb_old_content":"","_et_gb_content_width":""},"pwb-brand":[1343],"product_brand":[],"product_cat":[447],"product_tag":[],"class_list":{"0":"post-61420","1":"product","2":"type-product","3":"status-publish","4":"has-post-thumbnail","6":"pwb-brand-fagor","7":"product_cat-frytownice-gastronomiczne","9":"first","10":"instock","11":"taxable","12":"shipping-taxable","13":"purchasable","14":"product-type-simple"},"brands":[{"id":1343,"name":"Fagor","slug":"fagor"}],"_links":{"self":[{"href":"https:\/\/www.multifrigo.pl\/sklep\/wp-json\/wp\/v2\/product\/61420","targetHints":{"allow":["GET"]}}],"collection":[{"href":"https:\/\/www.multifrigo.pl\/sklep\/wp-json\/wp\/v2\/product"}],"about":[{"href":"https:\/\/www.multifrigo.pl\/sklep\/wp-json\/wp\/v2\/types\/product"}],"wp:featuredmedia":[{"embeddable":true,"href":"https:\/\/www.multifrigo.pl\/sklep\/wp-json\/wp\/v2\/media\/61519"}],"wp:attachment":[{"href":"https:\/\/www.multifrigo.pl\/sklep\/wp-json\/wp\/v2\/media?parent=61420"}],"wp:term":[{"taxonomy":"pwb-brand","embeddable":true,"href":"https:\/\/www.multifrigo.pl\/sklep\/wp-json\/wp\/v2\/pwb-brand?post=61420"},{"taxonomy":"product_brand","embeddable":true,"href":"https:\/\/www.multifrigo.pl\/sklep\/wp-json\/wp\/v2\/product_brand?post=61420"},{"taxonomy":"product_cat","embeddable":true,"href":"https:\/\/www.multifrigo.pl\/sklep\/wp-json\/wp\/v2\/product_cat?post=61420"},{"taxonomy":"product_tag","embeddable":true,"href":"https:\/\/www.multifrigo.pl\/sklep\/wp-json\/wp\/v2\/product_tag?post=61420"}],"curies":[{"name":"wp","href":"https:\/\/api.w.org\/{rel}","templated":true}]}}