{"id":61423,"date":"2024-11-15T13:45:04","date_gmt":"2024-11-15T13:45:04","guid":{"rendered":"https:\/\/www.multifrigo.pl\/sklep\/produkt\/kociol-gazowy-z-grzaniem-bezposrednim-150-l-fagor-mp-g915\/"},"modified":"2025-08-04T11:51:21","modified_gmt":"2025-08-04T11:51:21","slug":"kociol-gazowy-z-grzaniem-bezposrednim-150-l-fagor-mp-g915","status":"publish","type":"product","link":"https:\/\/www.multifrigo.pl\/sklep\/produkt\/kociol-gazowy-z-grzaniem-bezposrednim-150-l-fagor-mp-g915\/","title":{"rendered":"Kocio\u0142 gazowy z grzaniem bezpo\u015brednim 150 l | Fagor MP-G915"},"content":{"rendered":"<p>POJEMNO\u015a\u0106 150 Litr\u00f3w,  Pokrywa z zawiasami samobalansuj\u0105cymi. Nape\u0142nianie zbiornika ciep\u0142\u0105 b\u0105d\u017a zimn\u0105 wod\u0105 za pomoc\u0105 elektrozaworu. Zaw\u00f3r spustowy o du\u017cym przepu\u015bcie. Zaw\u00f3r nadci\u015bnieniowy i termostat bezpiecze\u0144stwa. System bezpiecze\u0144stwa automatycznie wy\u0142\u0105czaj\u0105cy ogrzewanie w przypadku braku wody. Piezoelektryczne odpalanie palnika. Dno kot\u0142a wykonane ze stali nierdzewnej AISI-316-L. Zasilanie: 230 V &#8211; 1 + N.<\/p>\n","protected":false},"excerpt":{"rendered":"<p>POJEMNO\u015a\u0106 150 Litr\u00f3w, Pokrywa z zawiasami samobalansuj\u0105cymi. Nape\u0142nianie zbiornika ciep\u0142\u0105 b\u0105d\u017a zimn\u0105 wod\u0105 za pomoc\u0105 elektrozaworu. Zaw\u00f3r spustowy o du\u017cym przepu\u015bcie. Zaw\u00f3r nadci\u015bnieniowy i termostat bezpiecze\u0144stwa. System bezpiecze\u0144stwa automatycznie wy\u0142\u0105czaj\u0105cy ogrzewanie w przypadku braku wody. Piezoelektryczne odpalanie palnika. Dno kot\u0142a wykonane ze stali nierdzewnej AISI-316-L. Zasilanie: 230 V &#8211; 1 + N.<\/p>\n","protected":false},"featured_media":61522,"template":"","meta":{"_et_pb_use_builder":"","_et_pb_old_content":"","_et_gb_content_width":""},"pwb-brand":[1343],"product_brand":[],"product_cat":[616],"product_tag":[],"class_list":{"0":"post-61423","1":"product","2":"type-product","3":"status-publish","4":"has-post-thumbnail","6":"pwb-brand-fagor","7":"product_cat-kotly-warzelne","9":"first","10":"instock","11":"taxable","12":"shipping-taxable","13":"purchasable","14":"product-type-simple"},"brands":[{"id":1343,"name":"Fagor","slug":"fagor"}],"_links":{"self":[{"href":"https:\/\/www.multifrigo.pl\/sklep\/wp-json\/wp\/v2\/product\/61423","targetHints":{"allow":["GET"]}}],"collection":[{"href":"https:\/\/www.multifrigo.pl\/sklep\/wp-json\/wp\/v2\/product"}],"about":[{"href":"https:\/\/www.multifrigo.pl\/sklep\/wp-json\/wp\/v2\/types\/product"}],"wp:featuredmedia":[{"embeddable":true,"href":"https:\/\/www.multifrigo.pl\/sklep\/wp-json\/wp\/v2\/media\/61522"}],"wp:attachment":[{"href":"https:\/\/www.multifrigo.pl\/sklep\/wp-json\/wp\/v2\/media?parent=61423"}],"wp:term":[{"taxonomy":"pwb-brand","embeddable":true,"href":"https:\/\/www.multifrigo.pl\/sklep\/wp-json\/wp\/v2\/pwb-brand?post=61423"},{"taxonomy":"product_brand","embeddable":true,"href":"https:\/\/www.multifrigo.pl\/sklep\/wp-json\/wp\/v2\/product_brand?post=61423"},{"taxonomy":"product_cat","embeddable":true,"href":"https:\/\/www.multifrigo.pl\/sklep\/wp-json\/wp\/v2\/product_cat?post=61423"},{"taxonomy":"product_tag","embeddable":true,"href":"https:\/\/www.multifrigo.pl\/sklep\/wp-json\/wp\/v2\/product_tag?post=61423"}],"curies":[{"name":"wp","href":"https:\/\/api.w.org\/{rel}","templated":true}]}}