{"id":61434,"date":"2024-11-15T13:54:34","date_gmt":"2024-11-15T13:54:34","guid":{"rendered":"https:\/\/www.multifrigo.pl\/sklep\/produkt\/patelnia-przechylna-gazowa-stal-nierdzewna-120-l-fagor-sb-g915-im\/"},"modified":"2025-08-04T11:51:55","modified_gmt":"2025-08-04T11:51:55","slug":"patelnia-przechylna-gazowa-stal-nierdzewna-120-l-fagor-sb-g915-im","status":"publish","type":"product","link":"https:\/\/www.multifrigo.pl\/sklep\/produkt\/patelnia-przechylna-gazowa-stal-nierdzewna-120-l-fagor-sb-g915-im\/","title":{"rendered":"Patelnia przechylna gazowa stal nierdzewna 120 l | Fagor SB-G915 IM"},"content":{"rendered":"<p>Pojemno\u015b\u0107 120 litr\u00f3w. Podnoszenie elektryczne. Misa ze stali nierdzewnej. Wywa\u017cona uchylana pokrywa z mo\u017cliwo\u015bci\u0105 wykorzystania jako blat roboczy. Nape\u0142nianie misy patelni wod\u0105 za pomoc\u0105 elektrozaworu. Temperatura pracy sterowana termostatem w zakresie 50\u00b0C-315\u00b0C. Palniki rurowe wykonane ze stali nierdzewnej sterowane zaworem elektromagnetycznym. System bezpiecze\u0144stwa automatycznie wy\u0142\u0105czaj\u0105cy dop\u0142yw gazu w przypadku podniesienia misy patelni. Zasilanie: 230 V &#8211; 1 + N.<\/p>\n","protected":false},"excerpt":{"rendered":"<p>Pojemno\u015b\u0107 120 litr\u00f3w. Podnoszenie elektryczne. Misa ze stali nierdzewnej. Wywa\u017cona uchylana pokrywa z mo\u017cliwo\u015bci\u0105 wykorzystania jako blat roboczy. Nape\u0142nianie misy patelni wod\u0105 za pomoc\u0105 elektrozaworu. Temperatura pracy sterowana termostatem w zakresie 50\u00b0C-315\u00b0C. Palniki rurowe wykonane ze stali nierdzewnej sterowane zaworem elektromagnetycznym. System bezpiecze\u0144stwa automatycznie wy\u0142\u0105czaj\u0105cy dop\u0142yw gazu w przypadku podniesienia misy patelni. Zasilanie: 230 V [&hellip;]<\/p>\n","protected":false},"featured_media":61534,"template":"","meta":{"_et_pb_use_builder":"","_et_pb_old_content":"","_et_gb_content_width":""},"pwb-brand":[1343],"product_brand":[],"product_cat":[476],"product_tag":[],"class_list":{"0":"post-61434","1":"product","2":"type-product","3":"status-publish","4":"has-post-thumbnail","6":"pwb-brand-fagor","7":"product_cat-patelnie-uchylne","9":"first","10":"instock","11":"taxable","12":"shipping-taxable","13":"purchasable","14":"product-type-simple"},"brands":[{"id":1343,"name":"Fagor","slug":"fagor"}],"_links":{"self":[{"href":"https:\/\/www.multifrigo.pl\/sklep\/wp-json\/wp\/v2\/product\/61434","targetHints":{"allow":["GET"]}}],"collection":[{"href":"https:\/\/www.multifrigo.pl\/sklep\/wp-json\/wp\/v2\/product"}],"about":[{"href":"https:\/\/www.multifrigo.pl\/sklep\/wp-json\/wp\/v2\/types\/product"}],"wp:featuredmedia":[{"embeddable":true,"href":"https:\/\/www.multifrigo.pl\/sklep\/wp-json\/wp\/v2\/media\/61534"}],"wp:attachment":[{"href":"https:\/\/www.multifrigo.pl\/sklep\/wp-json\/wp\/v2\/media?parent=61434"}],"wp:term":[{"taxonomy":"pwb-brand","embeddable":true,"href":"https:\/\/www.multifrigo.pl\/sklep\/wp-json\/wp\/v2\/pwb-brand?post=61434"},{"taxonomy":"product_brand","embeddable":true,"href":"https:\/\/www.multifrigo.pl\/sklep\/wp-json\/wp\/v2\/product_brand?post=61434"},{"taxonomy":"product_cat","embeddable":true,"href":"https:\/\/www.multifrigo.pl\/sklep\/wp-json\/wp\/v2\/product_cat?post=61434"},{"taxonomy":"product_tag","embeddable":true,"href":"https:\/\/www.multifrigo.pl\/sklep\/wp-json\/wp\/v2\/product_tag?post=61434"}],"curies":[{"name":"wp","href":"https:\/\/api.w.org\/{rel}","templated":true}]}}