{"id":61439,"date":"2024-11-15T13:58:49","date_gmt":"2024-11-15T13:58:49","guid":{"rendered":"https:\/\/www.multifrigo.pl\/sklep\/produkt\/grill-elektryczny-nastawny-ruszt-ze-stali-nierdzewnej-fagor-b-e910\/"},"modified":"2025-08-04T11:52:10","modified_gmt":"2025-08-04T11:52:10","slug":"grill-elektryczny-nastawny-ruszt-ze-stali-nierdzewnej-fagor-b-e910","status":"publish","type":"product","link":"https:\/\/www.multifrigo.pl\/sklep\/produkt\/grill-elektryczny-nastawny-ruszt-ze-stali-nierdzewnej-fagor-b-e910\/","title":{"rendered":"Grill elektryczny nastawny ruszt ze stali nierdzewnej | Fagor B-E910"},"content":{"rendered":"<p>MODELE NASTAWNE ELEKTRYCZNE. Ruszt grillowy wykonany ze stali nierdzewnej. Grupy trzech element\u00f3w pokrytych stal\u0105 nierdzewn\u0105, na kt\u00f3rych mo\u017cna bezpo\u015brednio grillowa\u0107 (jedna grupa z\u00a0trzema palnikami dla modeli o\u00a0po\u0142owie rozmiaru, dwie grupy dla modeli z\u00a0ca\u0142ym modu\u0142em), &#8211; Taca na wod\u0119 dla zapewnienia bezpiecze\u0144stwa. Pozwala na osi\u0105gni\u0119cie odpowiedniego poziomu wilgotno\u015bci dla optymalnych warunk\u00f3w gotowania.<\/p>\n","protected":false},"excerpt":{"rendered":"<p>MODELE NASTAWNE ELEKTRYCZNE. Ruszt grillowy wykonany ze stali nierdzewnej. Grupy trzech element\u00f3w pokrytych stal\u0105 nierdzewn\u0105, na kt\u00f3rych mo\u017cna bezpo\u015brednio grillowa\u0107 (jedna grupa z\u00a0trzema palnikami dla modeli o\u00a0po\u0142owie rozmiaru, dwie grupy dla modeli z\u00a0ca\u0142ym modu\u0142em), &#8211; Taca na wod\u0119 dla zapewnienia bezpiecze\u0144stwa. Pozwala na osi\u0105gni\u0119cie odpowiedniego poziomu wilgotno\u015bci dla optymalnych warunk\u00f3w gotowania.<\/p>\n","protected":false},"featured_media":61539,"template":"","meta":{"_et_pb_use_builder":"","_et_pb_old_content":"","_et_gb_content_width":""},"pwb-brand":[1343],"product_brand":[],"product_cat":[673],"product_tag":[],"class_list":{"0":"post-61439","1":"product","2":"type-product","3":"status-publish","4":"has-post-thumbnail","6":"pwb-brand-fagor","7":"product_cat-grille-gastronomiczne","9":"first","10":"instock","11":"taxable","12":"shipping-taxable","13":"purchasable","14":"product-type-simple"},"brands":[{"id":1343,"name":"Fagor","slug":"fagor"}],"_links":{"self":[{"href":"https:\/\/www.multifrigo.pl\/sklep\/wp-json\/wp\/v2\/product\/61439","targetHints":{"allow":["GET"]}}],"collection":[{"href":"https:\/\/www.multifrigo.pl\/sklep\/wp-json\/wp\/v2\/product"}],"about":[{"href":"https:\/\/www.multifrigo.pl\/sklep\/wp-json\/wp\/v2\/types\/product"}],"wp:featuredmedia":[{"embeddable":true,"href":"https:\/\/www.multifrigo.pl\/sklep\/wp-json\/wp\/v2\/media\/61539"}],"wp:attachment":[{"href":"https:\/\/www.multifrigo.pl\/sklep\/wp-json\/wp\/v2\/media?parent=61439"}],"wp:term":[{"taxonomy":"pwb-brand","embeddable":true,"href":"https:\/\/www.multifrigo.pl\/sklep\/wp-json\/wp\/v2\/pwb-brand?post=61439"},{"taxonomy":"product_brand","embeddable":true,"href":"https:\/\/www.multifrigo.pl\/sklep\/wp-json\/wp\/v2\/product_brand?post=61439"},{"taxonomy":"product_cat","embeddable":true,"href":"https:\/\/www.multifrigo.pl\/sklep\/wp-json\/wp\/v2\/product_cat?post=61439"},{"taxonomy":"product_tag","embeddable":true,"href":"https:\/\/www.multifrigo.pl\/sklep\/wp-json\/wp\/v2\/product_tag?post=61439"}],"curies":[{"name":"wp","href":"https:\/\/api.w.org\/{rel}","templated":true}]}}