{"id":61444,"date":"2024-11-15T14:03:13","date_gmt":"2024-11-15T14:03:13","guid":{"rendered":"https:\/\/www.multifrigo.pl\/sklep\/produkt\/kuchnia-gazowa-4-palnikowa-fagor-c-g941-xh\/"},"modified":"2025-08-04T11:52:24","modified_gmt":"2025-08-04T11:52:24","slug":"kuchnia-gazowa-4-palnikowa-fagor-c-g941-xh","status":"publish","type":"product","link":"https:\/\/www.multifrigo.pl\/sklep\/produkt\/kuchnia-gazowa-4-palnikowa-fagor-c-g941-xh\/","title":{"rendered":"Kuchnia gazowa 4-palnikowa | Fagor C-G941 XH"},"content":{"rendered":"<p>4 palniki o najwy\u017cszej mocy (10,2kW) o dwukoronowej budowie, zapewniaj\u0105ce du\u017c\u0105 moc i wysok\u0105 sprawno\u015b\u0107. Ruszty i palniki wykonane z \u017celiwa. Palniki nawierzchniowe z zaworami bezpiecze\u0144stwa i termoparami. Misy ociekowe o pojemno\u015bci 1,5 dm3 pod palnikami (1 misa na 2 palniki), \u0142atwo wyjmowane, stanowi\u0105ce integraln\u0105 cz\u0119\u015b\u0107 urz\u0105dzenia. Piekarnik gazowy o pojemno\u015bci 3 x GN 2\/1 ze stali nierdzewnej. Sterowanie termostatem w zakresie temperatur 130-350\u00b0C. Piezoelektryczne odpalanie palnika.<\/p>\n","protected":false},"excerpt":{"rendered":"<p>4 palniki o najwy\u017cszej mocy (10,2kW) o dwukoronowej budowie, zapewniaj\u0105ce du\u017c\u0105 moc i wysok\u0105 sprawno\u015b\u0107. Ruszty i palniki wykonane z \u017celiwa. Palniki nawierzchniowe z zaworami bezpiecze\u0144stwa i termoparami. Misy ociekowe o pojemno\u015bci 1,5 dm3 pod palnikami (1 misa na 2 palniki), \u0142atwo wyjmowane, stanowi\u0105ce integraln\u0105 cz\u0119\u015b\u0107 urz\u0105dzenia. Piekarnik gazowy o pojemno\u015bci 3 x GN 2\/1 [&hellip;]<\/p>\n","protected":false},"featured_media":61543,"template":"","meta":{"_et_pb_use_builder":"","_et_pb_old_content":"","_et_gb_content_width":""},"pwb-brand":[1343],"product_brand":[],"product_cat":[588],"product_tag":[],"class_list":{"0":"post-61444","1":"product","2":"type-product","3":"status-publish","4":"has-post-thumbnail","6":"pwb-brand-fagor","7":"product_cat-4-palnikowe","9":"first","10":"instock","11":"taxable","12":"shipping-taxable","13":"purchasable","14":"product-type-simple"},"brands":[{"id":1343,"name":"Fagor","slug":"fagor"}],"_links":{"self":[{"href":"https:\/\/www.multifrigo.pl\/sklep\/wp-json\/wp\/v2\/product\/61444","targetHints":{"allow":["GET"]}}],"collection":[{"href":"https:\/\/www.multifrigo.pl\/sklep\/wp-json\/wp\/v2\/product"}],"about":[{"href":"https:\/\/www.multifrigo.pl\/sklep\/wp-json\/wp\/v2\/types\/product"}],"wp:featuredmedia":[{"embeddable":true,"href":"https:\/\/www.multifrigo.pl\/sklep\/wp-json\/wp\/v2\/media\/61543"}],"wp:attachment":[{"href":"https:\/\/www.multifrigo.pl\/sklep\/wp-json\/wp\/v2\/media?parent=61444"}],"wp:term":[{"taxonomy":"pwb-brand","embeddable":true,"href":"https:\/\/www.multifrigo.pl\/sklep\/wp-json\/wp\/v2\/pwb-brand?post=61444"},{"taxonomy":"product_brand","embeddable":true,"href":"https:\/\/www.multifrigo.pl\/sklep\/wp-json\/wp\/v2\/product_brand?post=61444"},{"taxonomy":"product_cat","embeddable":true,"href":"https:\/\/www.multifrigo.pl\/sklep\/wp-json\/wp\/v2\/product_cat?post=61444"},{"taxonomy":"product_tag","embeddable":true,"href":"https:\/\/www.multifrigo.pl\/sklep\/wp-json\/wp\/v2\/product_tag?post=61444"}],"curies":[{"name":"wp","href":"https:\/\/api.w.org\/{rel}","templated":true}]}}