{"id":61623,"date":"2024-11-20T13:57:03","date_gmt":"2024-11-20T13:57:03","guid":{"rendered":"https:\/\/www.multifrigo.pl\/sklep\/produkt\/piec-konwekcyjno-parowy-elektryczny-concept-directsteam-6gn-1-1-fagor-c-061-e-r-s\/"},"modified":"2025-08-04T10:38:54","modified_gmt":"2025-08-04T10:38:54","slug":"piec-konwekcyjno-parowy-elektryczny-concept-directsteam-6gn-1-1-fagor-c-061-e-r-s","status":"publish","type":"product","link":"https:\/\/www.multifrigo.pl\/sklep\/produkt\/piec-konwekcyjno-parowy-elektryczny-concept-directsteam-6gn-1-1-fagor-c-061-e-r-s\/","title":{"rendered":"Piec konwekcyjno-parowy elektryczny CONCEPT DirectSteam 6GN-1\/1 | Fagor C-061-E R S"},"content":{"rendered":"<p><b>Piec konwekcyjno-parowy elektryczny CONCEPT DirectSteam 6GN-1\/1<\/b><br \/>\n Pojemno\u015b\u0107 6xGN1\/1. W\u0142a\u015bciwo\u015bci: DirectSteam &#8211; model natryskowy. iCooking (ksi\u0105\u017cka kulinarna): mi\u0119so, dr\u00f3b, ryby, owoce morza, warzywa, ry\u017c i ro\u015bliny str\u0105czkowe, jajka i nabia\u0142, ciasta i chleb. Centrum przepis\u00f3w Fagor.  iFunction: regeneracja, gotowanie pr\u00f3\u017cniowe, gotowanie nocne, fermentacja, pasteryzacja, w\u0119dzenie, marynowanie, dehydratacja. iClima: zarz\u0105dzanie i regulacja wilgotno\u015bci z dok\u0142adno\u015bci\u0105 do 10%. Tryby gotowania: para niskotemperaturowa 30-98\u00b0, para 99\u00b0, superpara 100-130\u00b0, kombinacja 30-300\u00b0 i konwekcja 30-300\u00b0. Model z prysznicem. Mycie: tryb r\u0119czny. <\/p>\n","protected":false},"excerpt":{"rendered":"<p>Piec konwekcyjno-parowy elektryczny CONCEPT DirectSteam 6GN-1\/1 Pojemno\u015b\u0107 6xGN1\/1. W\u0142a\u015bciwo\u015bci: DirectSteam &#8211; model natryskowy. iCooking (ksi\u0105\u017cka kulinarna): mi\u0119so, dr\u00f3b, ryby, owoce morza, warzywa, ry\u017c i ro\u015bliny str\u0105czkowe, jajka i nabia\u0142, ciasta i chleb. Centrum przepis\u00f3w Fagor. iFunction: regeneracja, gotowanie pr\u00f3\u017cniowe, gotowanie nocne, fermentacja, pasteryzacja, w\u0119dzenie, marynowanie, dehydratacja. iClima: zarz\u0105dzanie i regulacja wilgotno\u015bci z dok\u0142adno\u015bci\u0105 do 10%. [&hellip;]<\/p>\n","protected":false},"featured_media":61845,"template":"","meta":{"_et_pb_use_builder":"","_et_pb_old_content":"","_et_gb_content_width":""},"pwb-brand":[1343],"product_brand":[],"product_cat":[541],"product_tag":[],"class_list":{"0":"post-61623","1":"product","2":"type-product","3":"status-publish","4":"has-post-thumbnail","6":"pwb-brand-fagor","7":"product_cat-piece-konwekcyjno-parowe","9":"first","10":"instock","11":"taxable","12":"shipping-taxable","13":"purchasable","14":"product-type-simple"},"brands":[{"id":1343,"name":"Fagor","slug":"fagor"}],"_links":{"self":[{"href":"https:\/\/www.multifrigo.pl\/sklep\/wp-json\/wp\/v2\/product\/61623","targetHints":{"allow":["GET"]}}],"collection":[{"href":"https:\/\/www.multifrigo.pl\/sklep\/wp-json\/wp\/v2\/product"}],"about":[{"href":"https:\/\/www.multifrigo.pl\/sklep\/wp-json\/wp\/v2\/types\/product"}],"wp:featuredmedia":[{"embeddable":true,"href":"https:\/\/www.multifrigo.pl\/sklep\/wp-json\/wp\/v2\/media\/61845"}],"wp:attachment":[{"href":"https:\/\/www.multifrigo.pl\/sklep\/wp-json\/wp\/v2\/media?parent=61623"}],"wp:term":[{"taxonomy":"pwb-brand","embeddable":true,"href":"https:\/\/www.multifrigo.pl\/sklep\/wp-json\/wp\/v2\/pwb-brand?post=61623"},{"taxonomy":"product_brand","embeddable":true,"href":"https:\/\/www.multifrigo.pl\/sklep\/wp-json\/wp\/v2\/product_brand?post=61623"},{"taxonomy":"product_cat","embeddable":true,"href":"https:\/\/www.multifrigo.pl\/sklep\/wp-json\/wp\/v2\/product_cat?post=61623"},{"taxonomy":"product_tag","embeddable":true,"href":"https:\/\/www.multifrigo.pl\/sklep\/wp-json\/wp\/v2\/product_tag?post=61623"}],"curies":[{"name":"wp","href":"https:\/\/api.w.org\/{rel}","templated":true}]}}