{"id":61705,"date":"2024-11-20T14:27:01","date_gmt":"2024-11-20T14:27:01","guid":{"rendered":"https:\/\/www.multifrigo.pl\/sklep\/produkt\/podstawa-scienna-do-pieca-konwekcyjno-parowego-shp-23-fagor\/"},"modified":"2025-08-04T10:43:01","modified_gmt":"2025-08-04T10:43:01","slug":"podstawa-scienna-do-pieca-konwekcyjno-parowego-shp-23-fagor","status":"publish","type":"product","link":"https:\/\/www.multifrigo.pl\/sklep\/produkt\/podstawa-scienna-do-pieca-konwekcyjno-parowego-shp-23-fagor\/","title":{"rendered":"Podstawa \u015bcienna do pieca konwekcyjno-parowego SHP-23 | Fagor"},"content":{"rendered":"<p><b>Podstawa \u015bcienna do pieca konwekcyjno-parowego SHP-23<\/b><br \/>\nKonsola. Uchwyt \u015bcienny &#8211; do monta\u017cu pieca na \u015bcianie.<\/p>\n","protected":false},"excerpt":{"rendered":"<p>Podstawa \u015bcienna do pieca konwekcyjno-parowego SHP-23 Konsola. Uchwyt \u015bcienny &#8211; do monta\u017cu pieca na \u015bcianie.<\/p>\n","protected":false},"featured_media":61817,"template":"","meta":{"_et_pb_use_builder":"","_et_pb_old_content":"","_et_gb_content_width":""},"pwb-brand":[1343],"product_brand":[],"product_cat":[542],"product_tag":[],"class_list":{"0":"post-61705","1":"product","2":"type-product","3":"status-publish","4":"has-post-thumbnail","6":"pwb-brand-fagor","7":"product_cat-podstawy-pod-piece","9":"first","10":"instock","11":"taxable","12":"shipping-taxable","13":"purchasable","14":"product-type-simple"},"brands":[{"id":1343,"name":"Fagor","slug":"fagor"}],"_links":{"self":[{"href":"https:\/\/www.multifrigo.pl\/sklep\/wp-json\/wp\/v2\/product\/61705","targetHints":{"allow":["GET"]}}],"collection":[{"href":"https:\/\/www.multifrigo.pl\/sklep\/wp-json\/wp\/v2\/product"}],"about":[{"href":"https:\/\/www.multifrigo.pl\/sklep\/wp-json\/wp\/v2\/types\/product"}],"wp:featuredmedia":[{"embeddable":true,"href":"https:\/\/www.multifrigo.pl\/sklep\/wp-json\/wp\/v2\/media\/61817"}],"wp:attachment":[{"href":"https:\/\/www.multifrigo.pl\/sklep\/wp-json\/wp\/v2\/media?parent=61705"}],"wp:term":[{"taxonomy":"pwb-brand","embeddable":true,"href":"https:\/\/www.multifrigo.pl\/sklep\/wp-json\/wp\/v2\/pwb-brand?post=61705"},{"taxonomy":"product_brand","embeddable":true,"href":"https:\/\/www.multifrigo.pl\/sklep\/wp-json\/wp\/v2\/product_brand?post=61705"},{"taxonomy":"product_cat","embeddable":true,"href":"https:\/\/www.multifrigo.pl\/sklep\/wp-json\/wp\/v2\/product_cat?post=61705"},{"taxonomy":"product_tag","embeddable":true,"href":"https:\/\/www.multifrigo.pl\/sklep\/wp-json\/wp\/v2\/product_tag?post=61705"}],"curies":[{"name":"wp","href":"https:\/\/api.w.org\/{rel}","templated":true}]}}