{"id":61708,"date":"2024-11-20T14:27:19","date_gmt":"2024-11-20T14:27:19","guid":{"rendered":"https:\/\/www.multifrigo.pl\/sklep\/produkt\/podstawa-pod-piec-mh-11-b-do-modelu-061-fagor-mh-11-b-h850\/"},"modified":"2025-08-04T10:43:12","modified_gmt":"2025-08-04T10:43:12","slug":"podstawa-pod-piec-mh-11-b-do-modelu-061-fagor-mh-11-b-h850","status":"publish","type":"product","link":"https:\/\/www.multifrigo.pl\/sklep\/produkt\/podstawa-pod-piec-mh-11-b-do-modelu-061-fagor-mh-11-b-h850\/","title":{"rendered":"Podstawa pod piec MH-11-B do modelu 061 | Fagor MH-11-B H850"},"content":{"rendered":"<p><b>Podstawa pod piec MH-11-B do modelu 061<\/b><br \/>\nPODSTAWA Z PROWADNICAMI NA POJEMNIKI GN. Wysoko\u015b\u0107 = 850 mm.<br \/>\n2 zestawy prowadnic dla 6 poziom\u00f3w GN-1\/1. (Wysoko\u015b\u0107 pomi\u0119dzy prowadnicami 68 mm). Dla pieca elektrycznego.<\/p>\n","protected":false},"excerpt":{"rendered":"<p>Podstawa pod piec MH-11-B do modelu 061 PODSTAWA Z PROWADNICAMI NA POJEMNIKI GN. Wysoko\u015b\u0107 = 850 mm. 2 zestawy prowadnic dla 6 poziom\u00f3w GN-1\/1. (Wysoko\u015b\u0107 pomi\u0119dzy prowadnicami 68 mm). Dla pieca elektrycznego.<\/p>\n","protected":false},"featured_media":61817,"template":"","meta":{"_et_pb_use_builder":"","_et_pb_old_content":"","_et_gb_content_width":""},"pwb-brand":[1343],"product_brand":[],"product_cat":[542],"product_tag":[],"class_list":{"0":"post-61708","1":"product","2":"type-product","3":"status-publish","4":"has-post-thumbnail","6":"pwb-brand-fagor","7":"product_cat-podstawy-pod-piece","9":"first","10":"instock","11":"taxable","12":"shipping-taxable","13":"purchasable","14":"product-type-simple"},"brands":[{"id":1343,"name":"Fagor","slug":"fagor"}],"_links":{"self":[{"href":"https:\/\/www.multifrigo.pl\/sklep\/wp-json\/wp\/v2\/product\/61708","targetHints":{"allow":["GET"]}}],"collection":[{"href":"https:\/\/www.multifrigo.pl\/sklep\/wp-json\/wp\/v2\/product"}],"about":[{"href":"https:\/\/www.multifrigo.pl\/sklep\/wp-json\/wp\/v2\/types\/product"}],"wp:featuredmedia":[{"embeddable":true,"href":"https:\/\/www.multifrigo.pl\/sklep\/wp-json\/wp\/v2\/media\/61817"}],"wp:attachment":[{"href":"https:\/\/www.multifrigo.pl\/sklep\/wp-json\/wp\/v2\/media?parent=61708"}],"wp:term":[{"taxonomy":"pwb-brand","embeddable":true,"href":"https:\/\/www.multifrigo.pl\/sklep\/wp-json\/wp\/v2\/pwb-brand?post=61708"},{"taxonomy":"product_brand","embeddable":true,"href":"https:\/\/www.multifrigo.pl\/sklep\/wp-json\/wp\/v2\/product_brand?post=61708"},{"taxonomy":"product_cat","embeddable":true,"href":"https:\/\/www.multifrigo.pl\/sklep\/wp-json\/wp\/v2\/product_cat?post=61708"},{"taxonomy":"product_tag","embeddable":true,"href":"https:\/\/www.multifrigo.pl\/sklep\/wp-json\/wp\/v2\/product_tag?post=61708"}],"curies":[{"name":"wp","href":"https:\/\/api.w.org\/{rel}","templated":true}]}}