{"id":61709,"date":"2024-11-20T14:28:38","date_gmt":"2024-11-20T14:28:38","guid":{"rendered":"https:\/\/www.multifrigo.pl\/sklep\/produkt\/szybkoschladzarka-z-funkcja-szybkozamrazania-abco-06-2-3-hc-fagor\/"},"modified":"2025-08-04T10:43:15","modified_gmt":"2025-08-04T10:43:15","slug":"szybkoschladzarka-z-funkcja-szybkozamrazania-abco-06-2-3-hc-fagor","status":"publish","type":"product","link":"https:\/\/www.multifrigo.pl\/sklep\/produkt\/szybkoschladzarka-z-funkcja-szybkozamrazania-abco-06-2-3-hc-fagor\/","title":{"rendered":"Szybkosch\u0142adzarka z funkcj\u0105 szybkozamra\u017cania ABCO-06 2\/3 HC | Fagor"},"content":{"rendered":"<p><b>Szybkosch\u0142adzarka z funkcj\u0105 szybkozamra\u017cania ABCO-06 2\/3 HC<\/b><br \/>\n 6 poziom\u00f3w GN 2\/3, wydajno\u015b\u0107 procesu szybkosch\u0142adzania: 12kg, szybkozamra\u017cania: 6kg.  Charakterystyka: Urz\u0105dzenie kompatybilne z piecem gamy Advance Fagor professional, kolorowy wy\u015bwietlacz: wyb\u00f3r szybkosch\u0142adzania w dw\u00f3ch krokach, 99 program\u00f3w do zapami\u0119tania, pod\u0142\u0105czenie USB do zgrania danych do dokumentacji HACCP. Wykonane z austenistycznej stali nierdzewnej. Regulowane nogi ze stali nierdzewnej. Prowadnice \u015blizgowe dla wk\u0142ad\u00f3w Gastronom i Euronom (60&#215;40 cm). Drzwi z funkcj\u0105 automatycznego zamykania. Model zaprojektowany do redukcji temperatury z +70\u00b0C do +3\u00b0C (sch\u0142adzanie) lub z +20\u00b0C do -18\u00b0C (zamra\u017canie). Program mocnego lub s\u0142abego sch\u0142adzania: dwa cykle sch\u0142adzania i dwa cykle zamra\u017cania: &#8211; Cykl mocny: dla produkt\u00f3w o grubo\u015bci wi\u0119kszej ni\u017c 2 cm. &#8211; Cykl s\u0142aby: dla produkt\u00f3w o grubo\u015bci mniejszej ni\u017c 2 cm lub o ma\u0142ej g\u0119sto\u015bci. Cykle wykonywane s\u0105 w dw\u00f3ch zaprogramowanych krokach. Cykl s\u0142aby zapobiega tworzeniu si\u0119 szronu w produkcie. Maksymalny czas trwania cykli: &#8211; Sch\u0142adzanie: 90 minut (1,5 godziny). &#8211; Zamra\u017canie: 240 minut (4 godziny). Elektroniczny zegar i sonda temperaturowa w standardzie. Opcje szybkosch\u0142adzania sterowane przez sond\u0119 lub zegar czasowy. Automatyczny alarm ko\u0144ca cyklu. Po zako\u0144czeniu cyklu szybkoscch\u0142adzarka dzia\u0142a jako szafa ch\u0142odnicza, zachowuj\u0105c temperatur\u0119 +2\/+4\u00b0C podczas sch\u0142adzania i -18\u00b0C podczas zamra\u017cania. Usuwalny, wentylowany i szczelny kompresor. Czynnik ch\u0142odniczy R-290. Wtryskiwana izolacja poliuretanowa grubo\u015bci 60 mm, 40 kg\/m3 g\u0119sto\u015bci. Miedziany parownik z aluminiowymi \u017cebrami. Wymuszony obieg powietrza. Automatyczne odparowanie wody podczas rozmra\u017cania.<\/p>\n","protected":false},"excerpt":{"rendered":"<p>Szybkosch\u0142adzarka z funkcj\u0105 szybkozamra\u017cania ABCO-06 2\/3 HC 6 poziom\u00f3w GN 2\/3, wydajno\u015b\u0107 procesu szybkosch\u0142adzania: 12kg, szybkozamra\u017cania: 6kg. Charakterystyka: Urz\u0105dzenie kompatybilne z piecem gamy Advance Fagor professional, kolorowy wy\u015bwietlacz: wyb\u00f3r szybkosch\u0142adzania w dw\u00f3ch krokach, 99 program\u00f3w do zapami\u0119tania, pod\u0142\u0105czenie USB do zgrania danych do dokumentacji HACCP. Wykonane z austenistycznej stali nierdzewnej. Regulowane nogi ze stali nierdzewnej. [&hellip;]<\/p>\n","protected":false},"featured_media":61856,"template":"","meta":{"_et_pb_use_builder":"","_et_pb_old_content":"","_et_gb_content_width":""},"pwb-brand":[1343],"product_brand":[],"product_cat":[5086],"product_tag":[],"class_list":{"0":"post-61709","1":"product","2":"type-product","3":"status-publish","4":"has-post-thumbnail","6":"pwb-brand-fagor","7":"product_cat-schladzarki-szokowe","9":"first","10":"instock","11":"taxable","12":"shipping-taxable","13":"purchasable","14":"product-type-simple"},"brands":[{"id":1343,"name":"Fagor","slug":"fagor"}],"_links":{"self":[{"href":"https:\/\/www.multifrigo.pl\/sklep\/wp-json\/wp\/v2\/product\/61709","targetHints":{"allow":["GET"]}}],"collection":[{"href":"https:\/\/www.multifrigo.pl\/sklep\/wp-json\/wp\/v2\/product"}],"about":[{"href":"https:\/\/www.multifrigo.pl\/sklep\/wp-json\/wp\/v2\/types\/product"}],"wp:featuredmedia":[{"embeddable":true,"href":"https:\/\/www.multifrigo.pl\/sklep\/wp-json\/wp\/v2\/media\/61856"}],"wp:attachment":[{"href":"https:\/\/www.multifrigo.pl\/sklep\/wp-json\/wp\/v2\/media?parent=61709"}],"wp:term":[{"taxonomy":"pwb-brand","embeddable":true,"href":"https:\/\/www.multifrigo.pl\/sklep\/wp-json\/wp\/v2\/pwb-brand?post=61709"},{"taxonomy":"product_brand","embeddable":true,"href":"https:\/\/www.multifrigo.pl\/sklep\/wp-json\/wp\/v2\/product_brand?post=61709"},{"taxonomy":"product_cat","embeddable":true,"href":"https:\/\/www.multifrigo.pl\/sklep\/wp-json\/wp\/v2\/product_cat?post=61709"},{"taxonomy":"product_tag","embeddable":true,"href":"https:\/\/www.multifrigo.pl\/sklep\/wp-json\/wp\/v2\/product_tag?post=61709"}],"curies":[{"name":"wp","href":"https:\/\/api.w.org\/{rel}","templated":true}]}}