{"id":61971,"date":"2025-05-19T14:32:24","date_gmt":"2025-05-19T14:32:24","guid":{"rendered":"https:\/\/www.multifrigo.pl\/sklep\/produkt\/lada-mroznicza-lmu01-12-jbg\/"},"modified":"2025-05-19T14:56:09","modified_gmt":"2025-05-19T14:56:09","slug":"lada-mroznicza-lmu01-12-jbg","status":"publish","type":"product","link":"https:\/\/www.multifrigo.pl\/sklep\/produkt\/lada-mroznicza-lmu01-12-jbg\/","title":{"rendered":"Lada mro\u017anicza LMU01-1,2 | JBG"},"content":{"rendered":"<p><strong>LADA MRO\u0179NICZA JBG LMU01-1,2<\/strong><br \/>\n<b>Cechy:<\/b><\/p>\n<ul>\n<li>U\u017cywana, stan dobry.<\/li>\n<li>Wymiary:<br \/>\n&#8211; d\u0142ugo\u015b\u0107 szeroko\u015b\u0107 1200 mm<br \/>\n&#8211; g\u0142\u0119boko\u015b\u0107 800 mm<br \/>\n&#8211; wysoko\u015b\u0107 1300 mm<\/li>\n<li>Napi\u0119cie znamionowe [V] 230\/50Hz<\/li>\n<li>Moc znamionowa: 0,89 kW<\/li>\n<li>Moc o\u015bwietlenia: 0,03 kW<\/li>\n<li>Moc grza\u0142ki: 0,65 kW<\/li>\n<li>Czynnik ch\u0142odniczy: R507\/0,35 kg<\/li>\n<li>Zakres temperatur: -18 \u00b0C do -12 \u00b0C<\/li>\n<li>Masa urz\u0105dzenia: 100 kg<\/li>\n<\/ul>\n","protected":false},"excerpt":{"rendered":"<p><b>Lada mro\u017anicza LMU01-1,2<\/b><br \/>\nProdukt z ekspozycji.<\/p>\n","protected":false},"featured_media":62000,"template":"","meta":{"_et_pb_use_builder":"","_et_pb_old_content":"","_et_gb_content_width":""},"pwb-brand":[5108],"product_brand":[],"product_cat":[1101],"product_tag":[],"class_list":{"0":"post-61971","1":"product","2":"type-product","3":"status-publish","4":"has-post-thumbnail","6":"pwb-brand-jbg","7":"product_cat-polecane","9":"first","10":"instock","11":"taxable","12":"shipping-taxable","13":"purchasable","14":"product-type-simple"},"brands":[{"id":5108,"name":"JBG","slug":"jbg"}],"_links":{"self":[{"href":"https:\/\/www.multifrigo.pl\/sklep\/wp-json\/wp\/v2\/product\/61971","targetHints":{"allow":["GET"]}}],"collection":[{"href":"https:\/\/www.multifrigo.pl\/sklep\/wp-json\/wp\/v2\/product"}],"about":[{"href":"https:\/\/www.multifrigo.pl\/sklep\/wp-json\/wp\/v2\/types\/product"}],"wp:featuredmedia":[{"embeddable":true,"href":"https:\/\/www.multifrigo.pl\/sklep\/wp-json\/wp\/v2\/media\/62000"}],"wp:attachment":[{"href":"https:\/\/www.multifrigo.pl\/sklep\/wp-json\/wp\/v2\/media?parent=61971"}],"wp:term":[{"taxonomy":"pwb-brand","embeddable":true,"href":"https:\/\/www.multifrigo.pl\/sklep\/wp-json\/wp\/v2\/pwb-brand?post=61971"},{"taxonomy":"product_brand","embeddable":true,"href":"https:\/\/www.multifrigo.pl\/sklep\/wp-json\/wp\/v2\/product_brand?post=61971"},{"taxonomy":"product_cat","embeddable":true,"href":"https:\/\/www.multifrigo.pl\/sklep\/wp-json\/wp\/v2\/product_cat?post=61971"},{"taxonomy":"product_tag","embeddable":true,"href":"https:\/\/www.multifrigo.pl\/sklep\/wp-json\/wp\/v2\/product_tag?post=61971"}],"curies":[{"name":"wp","href":"https:\/\/api.w.org\/{rel}","templated":true}]}}