{"id":61978,"date":"2025-05-19T14:32:58","date_gmt":"2025-05-19T14:32:58","guid":{"rendered":"https:\/\/www.multifrigo.pl\/sklep\/produkt\/okap-przyscienny-wyciagowy-e6010-1200x1200-egaz\/"},"modified":"2025-05-19T14:45:18","modified_gmt":"2025-05-19T14:45:18","slug":"okap-przyscienny-wyciagowy-e6010-1200x1200-egaz","status":"publish","type":"product","link":"https:\/\/www.multifrigo.pl\/sklep\/produkt\/okap-przyscienny-wyciagowy-e6010-1200x1200-egaz\/","title":{"rendered":"Okap przy\u015bcienny wyci\u0105gowy E6010 1200&#215;1200 | Egaz"},"content":{"rendered":"","protected":false},"excerpt":{"rendered":"<p><b>Okap przy\u015bcienny wyci\u0105gowy E6010 1200&#215;1200<\/b><br \/>\nProdukt z ekspozycji.<\/p>\n","protected":false},"featured_media":62003,"template":"","meta":{"_et_pb_use_builder":"","_et_pb_old_content":"","_et_gb_content_width":""},"pwb-brand":[1478],"product_brand":[],"product_cat":[1101],"product_tag":[],"class_list":{"0":"post-61978","1":"product","2":"type-product","3":"status-publish","4":"has-post-thumbnail","6":"pwb-brand-egaz","7":"product_cat-polecane","9":"first","10":"instock","11":"taxable","12":"shipping-taxable","13":"purchasable","14":"product-type-simple"},"brands":[{"id":1478,"name":"Egaz","slug":"egaz"}],"_links":{"self":[{"href":"https:\/\/www.multifrigo.pl\/sklep\/wp-json\/wp\/v2\/product\/61978","targetHints":{"allow":["GET"]}}],"collection":[{"href":"https:\/\/www.multifrigo.pl\/sklep\/wp-json\/wp\/v2\/product"}],"about":[{"href":"https:\/\/www.multifrigo.pl\/sklep\/wp-json\/wp\/v2\/types\/product"}],"wp:featuredmedia":[{"embeddable":true,"href":"https:\/\/www.multifrigo.pl\/sklep\/wp-json\/wp\/v2\/media\/62003"}],"wp:attachment":[{"href":"https:\/\/www.multifrigo.pl\/sklep\/wp-json\/wp\/v2\/media?parent=61978"}],"wp:term":[{"taxonomy":"pwb-brand","embeddable":true,"href":"https:\/\/www.multifrigo.pl\/sklep\/wp-json\/wp\/v2\/pwb-brand?post=61978"},{"taxonomy":"product_brand","embeddable":true,"href":"https:\/\/www.multifrigo.pl\/sklep\/wp-json\/wp\/v2\/product_brand?post=61978"},{"taxonomy":"product_cat","embeddable":true,"href":"https:\/\/www.multifrigo.pl\/sklep\/wp-json\/wp\/v2\/product_cat?post=61978"},{"taxonomy":"product_tag","embeddable":true,"href":"https:\/\/www.multifrigo.pl\/sklep\/wp-json\/wp\/v2\/product_tag?post=61978"}],"curies":[{"name":"wp","href":"https:\/\/api.w.org\/{rel}","templated":true}]}}