{"id":61979,"date":"2025-05-19T14:33:02","date_gmt":"2025-05-19T14:33:02","guid":{"rendered":"https:\/\/www.multifrigo.pl\/sklep\/produkt\/podstawa-szafkowa-pod-ekspres-do-kawy-z-dyspenserem-na-kubki-i-szuflada-na-fusy-bln-0010-oraz-plyta-wierzchnia-blpa-01-dora-metal\/"},"modified":"2025-07-17T00:00:01","modified_gmt":"2025-07-17T00:00:01","slug":"podstawa-szafkowa-pod-ekspres-do-kawy-z-dyspenserem-na-kubki-i-szuflada-na-fusy-bln-0010-oraz-plyta-wierzchnia-blpa-01-dora-metal","status":"publish","type":"product","link":"https:\/\/www.multifrigo.pl\/sklep\/produkt\/podstawa-szafkowa-pod-ekspres-do-kawy-z-dyspenserem-na-kubki-i-szuflada-na-fusy-bln-0010-oraz-plyta-wierzchnia-blpa-01-dora-metal\/","title":{"rendered":"Podstawa szafkowa pod ekspres do kawy z dyspenserem na kubki i szuflad\u0105 na fusy BLN\u20130010 oraz p\u0142yt\u0105 wierzchni\u0105 BLPA-01 | Dora Metal"},"content":{"rendered":"<p><b>Podstawa szafkowa pod ekspres do kawy z dyspenserem na kubki i szuflad\u0105 na fusy BLN\u20130010<\/b>&gt;<\/p>\n<ul>\n<li>1 szuflada z pojemnikiem na fusy (g\u00f3rna)<\/li>\n<li>1 szuflada na prowadnicach samodomykajacych (dolna)<\/li>\n<li>2 dyspensery kubk\u00f3w<\/li>\n<li>Wymiary: 600x590x849 mm<br \/>\n<b>P\u0142yta wierzchnia BLPA-01<\/b><\/li>\n<li>powierzchnia p\u0142yt wibrowana dla p\u0142yt nierdzewnych<\/li>\n<li>rant tylny o wysoko\u015bci h=100 mm<\/li>\n<li>kraw\u0119d\u017a przednia zaokr\u0105glona R15<\/li>\n<li>grubo\u015b\u0107 zastosowanych blach # 1,0 &#8211; 2,0 mm<\/li>\n<li>Wymiary: 600x700x49<\/li>\n<\/ul>\n","protected":false},"excerpt":{"rendered":"<p><b>Podstawa szafkowa pod ekspres do kawy z dyspenserem na kubki i szuflad\u0105 na fusy BLN\u20130010 oraz p\u0142yt\u0105 wierzchni\u0105 BLPA-01<\/b><br \/>\nProdukt z ekspozycji.<\/p>\n","protected":false},"featured_media":62012,"template":"","meta":{"_et_pb_use_builder":"","_et_pb_old_content":"","_et_gb_content_width":""},"pwb-brand":[1345],"product_brand":[],"product_cat":[1101],"product_tag":[],"class_list":{"0":"post-61979","1":"product","2":"type-product","3":"status-publish","4":"has-post-thumbnail","6":"pwb-brand-dora-metal","7":"product_cat-polecane","9":"first","10":"instock","11":"taxable","12":"shipping-taxable","13":"purchasable","14":"product-type-simple"},"brands":[{"id":1345,"name":"Dora Metal","slug":"dora-metal"}],"_links":{"self":[{"href":"https:\/\/www.multifrigo.pl\/sklep\/wp-json\/wp\/v2\/product\/61979","targetHints":{"allow":["GET"]}}],"collection":[{"href":"https:\/\/www.multifrigo.pl\/sklep\/wp-json\/wp\/v2\/product"}],"about":[{"href":"https:\/\/www.multifrigo.pl\/sklep\/wp-json\/wp\/v2\/types\/product"}],"wp:featuredmedia":[{"embeddable":true,"href":"https:\/\/www.multifrigo.pl\/sklep\/wp-json\/wp\/v2\/media\/62012"}],"wp:attachment":[{"href":"https:\/\/www.multifrigo.pl\/sklep\/wp-json\/wp\/v2\/media?parent=61979"}],"wp:term":[{"taxonomy":"pwb-brand","embeddable":true,"href":"https:\/\/www.multifrigo.pl\/sklep\/wp-json\/wp\/v2\/pwb-brand?post=61979"},{"taxonomy":"product_brand","embeddable":true,"href":"https:\/\/www.multifrigo.pl\/sklep\/wp-json\/wp\/v2\/product_brand?post=61979"},{"taxonomy":"product_cat","embeddable":true,"href":"https:\/\/www.multifrigo.pl\/sklep\/wp-json\/wp\/v2\/product_cat?post=61979"},{"taxonomy":"product_tag","embeddable":true,"href":"https:\/\/www.multifrigo.pl\/sklep\/wp-json\/wp\/v2\/product_tag?post=61979"}],"curies":[{"name":"wp","href":"https:\/\/api.w.org\/{rel}","templated":true}]}}