{"id":61982,"date":"2025-05-19T14:33:16","date_gmt":"2025-05-19T14:33:16","guid":{"rendered":"https:\/\/www.multifrigo.pl\/sklep\/produkt\/kebab-grill-elektryczny-de-1a-redfox\/"},"modified":"2025-05-19T14:49:26","modified_gmt":"2025-05-19T14:49:26","slug":"kebab-grill-elektryczny-de-1a-redfox","status":"publish","type":"product","link":"https:\/\/www.multifrigo.pl\/sklep\/produkt\/kebab-grill-elektryczny-de-1a-redfox\/","title":{"rendered":"Kebab &#8211; grill elektryczny DE-1A | RedFox"},"content":{"rendered":"<p><strong>Kebab &#8211; grill elektryczny DE-1A<\/strong><br \/>\n<b>Opis:<\/b><\/p>\n<ul>\n<li>oddzielne sterowanie dla ka\u017cdej strefy grzewczej<\/li>\n<li>trzystopniowe sterowanie mocy grza\u0142ek<\/li>\n<li>nap\u0119d ig\u0142y umieszczony na dole urz\u0105dzenia<\/li>\n<li>regulacja odleg\u0142o\u015bci ig\u0142y od grza\u0142ek<\/li>\n<li>wy\u0142\u0105cznik g\u0142\u00f3wny<\/li>\n<li>mo\u017cliwo\u015b\u0107 nachylenia ig\u0142y<\/li>\n<li>specjalnej d\u0142ugo\u015bci wyprofilowane grza\u0142ki &#8211; idealny rozk\u0142ad temperatur<\/li>\n<li>szuflada na t\u0142uszcz<\/li>\n<li>\u0142opatka na mi\u0119so<\/li>\n<li>gniazdo 230 V do pod\u0142\u0105czenia no\u017ca elektrycznego<\/li>\n<li>Wymiary: 530x640x670<\/li>\n<li>moc: 4,9 kW<\/li>\n<li>zasilanie: 400 V<\/li>\n<\/ul>\n","protected":false},"excerpt":{"rendered":"<p><b>Kebab &#8211; grill elektryczny DE-1A<\/b><br \/>\nProdukt z ekspozycji.<\/p>\n","protected":false},"featured_media":62009,"template":"","meta":{"_et_pb_use_builder":"","_et_pb_old_content":"","_et_gb_content_width":""},"pwb-brand":[5112],"product_brand":[],"product_cat":[1101],"product_tag":[],"class_list":{"0":"post-61982","1":"product","2":"type-product","3":"status-publish","4":"has-post-thumbnail","6":"pwb-brand-redfox","7":"product_cat-polecane","9":"first","10":"instock","11":"taxable","12":"shipping-taxable","13":"purchasable","14":"product-type-simple"},"brands":[{"id":5112,"name":"RedFox","slug":"redfox"}],"_links":{"self":[{"href":"https:\/\/www.multifrigo.pl\/sklep\/wp-json\/wp\/v2\/product\/61982","targetHints":{"allow":["GET"]}}],"collection":[{"href":"https:\/\/www.multifrigo.pl\/sklep\/wp-json\/wp\/v2\/product"}],"about":[{"href":"https:\/\/www.multifrigo.pl\/sklep\/wp-json\/wp\/v2\/types\/product"}],"wp:featuredmedia":[{"embeddable":true,"href":"https:\/\/www.multifrigo.pl\/sklep\/wp-json\/wp\/v2\/media\/62009"}],"wp:attachment":[{"href":"https:\/\/www.multifrigo.pl\/sklep\/wp-json\/wp\/v2\/media?parent=61982"}],"wp:term":[{"taxonomy":"pwb-brand","embeddable":true,"href":"https:\/\/www.multifrigo.pl\/sklep\/wp-json\/wp\/v2\/pwb-brand?post=61982"},{"taxonomy":"product_brand","embeddable":true,"href":"https:\/\/www.multifrigo.pl\/sklep\/wp-json\/wp\/v2\/product_brand?post=61982"},{"taxonomy":"product_cat","embeddable":true,"href":"https:\/\/www.multifrigo.pl\/sklep\/wp-json\/wp\/v2\/product_cat?post=61982"},{"taxonomy":"product_tag","embeddable":true,"href":"https:\/\/www.multifrigo.pl\/sklep\/wp-json\/wp\/v2\/product_tag?post=61982"}],"curies":[{"name":"wp","href":"https:\/\/api.w.org\/{rel}","templated":true}]}}