{"id":61983,"date":"2025-05-19T14:33:20","date_gmt":"2025-05-19T14:33:20","guid":{"rendered":"https:\/\/www.multifrigo.pl\/sklep\/produkt\/warnik-hw-10-bravilor-bonamat\/"},"modified":"2025-05-19T14:49:24","modified_gmt":"2025-05-19T14:49:24","slug":"warnik-hw-10-bravilor-bonamat","status":"publish","type":"product","link":"https:\/\/www.multifrigo.pl\/sklep\/produkt\/warnik-hw-10-bravilor-bonamat\/","title":{"rendered":"Warnik HW 10 | Bravilor Bonamat"},"content":{"rendered":"<p><strong>WARNIK HW 10<\/strong><br \/>\nWarnik do gor\u0105cej wody, z termostatem, ociekaczem i niekapi\u0105cym kranikiem, wykonany ze stali nierdzewnej. R\u0119cznie nape\u0142niany wod\u0105. <b> Zalety<\/b><\/p>\n<ul>\n<li>Szybkie przygotowanie du\u017cych ilo\u015bci gor\u0105cej wody<\/li>\n<li>Dzi\u0119ki r\u0119cznemu nape\u0142nianiu wod\u0105, mo\u017cna z nich korzysta\u0107 w dowolnym miejscu<\/li>\n<li>Niekapi\u0105cy kranik<\/li>\n<li>Wysoka trwa\u0142o\u015b\u0107 dzi\u0119ki zastosowaniu najwy\u017cszej jako\u015bci stali nierdzewnej<\/li>\n<li>Bezpieczne dla u\u017cytkownika<\/li>\n<li>Pojemno\u015b\u0107: 2 litry<\/li>\n<li>Wydajno\u015b\u0107 na godzin\u0119: 18 litr\u00f3w<\/li>\n<\/ul>\n","protected":false},"excerpt":{"rendered":"<p><b>Warnik HW 10<\/b><br \/>\nProdukt z ekspozycji.<\/p>\n","protected":false},"featured_media":62008,"template":"","meta":{"_et_pb_use_builder":"","_et_pb_old_content":"","_et_gb_content_width":""},"pwb-brand":[4701],"product_brand":[],"product_cat":[1101],"product_tag":[],"class_list":{"0":"post-61983","1":"product","2":"type-product","3":"status-publish","4":"has-post-thumbnail","6":"pwb-brand-bravilor-bonamat","7":"product_cat-polecane","9":"first","10":"instock","11":"taxable","12":"shipping-taxable","13":"purchasable","14":"product-type-simple"},"brands":[{"id":4701,"name":"Bravilor Bonamat","slug":"bravilor-bonamat"}],"_links":{"self":[{"href":"https:\/\/www.multifrigo.pl\/sklep\/wp-json\/wp\/v2\/product\/61983","targetHints":{"allow":["GET"]}}],"collection":[{"href":"https:\/\/www.multifrigo.pl\/sklep\/wp-json\/wp\/v2\/product"}],"about":[{"href":"https:\/\/www.multifrigo.pl\/sklep\/wp-json\/wp\/v2\/types\/product"}],"wp:featuredmedia":[{"embeddable":true,"href":"https:\/\/www.multifrigo.pl\/sklep\/wp-json\/wp\/v2\/media\/62008"}],"wp:attachment":[{"href":"https:\/\/www.multifrigo.pl\/sklep\/wp-json\/wp\/v2\/media?parent=61983"}],"wp:term":[{"taxonomy":"pwb-brand","embeddable":true,"href":"https:\/\/www.multifrigo.pl\/sklep\/wp-json\/wp\/v2\/pwb-brand?post=61983"},{"taxonomy":"product_brand","embeddable":true,"href":"https:\/\/www.multifrigo.pl\/sklep\/wp-json\/wp\/v2\/product_brand?post=61983"},{"taxonomy":"product_cat","embeddable":true,"href":"https:\/\/www.multifrigo.pl\/sklep\/wp-json\/wp\/v2\/product_cat?post=61983"},{"taxonomy":"product_tag","embeddable":true,"href":"https:\/\/www.multifrigo.pl\/sklep\/wp-json\/wp\/v2\/product_tag?post=61983"}],"curies":[{"name":"wp","href":"https:\/\/api.w.org\/{rel}","templated":true}]}}