{"id":61984,"date":"2025-05-19T14:33:24","date_gmt":"2025-05-19T14:33:24","guid":{"rendered":"https:\/\/www.multifrigo.pl\/sklep\/produkt\/ekspres-przelewowy-ate-2-coffee-queen\/"},"modified":"2025-05-19T14:47:40","modified_gmt":"2025-05-19T14:47:40","slug":"ekspres-przelewowy-ate-2-coffee-queen","status":"publish","type":"product","link":"https:\/\/www.multifrigo.pl\/sklep\/produkt\/ekspres-przelewowy-ate-2-coffee-queen\/","title":{"rendered":"Ekspres przelewowy ATE-2 | Coffee Queen"},"content":{"rendered":"<p><strong>EKSPRES PRZELEWOWY DO KAWY CAFFEE QUEEN ATE-2<\/strong><\/p>\n<ul>\n<li><b>Opis:<\/b><\/li>\n<li>Ekspres do kawy z automatycznym uzupe\u0142nianiem wody.<\/li>\n<li>Funkcja programowania automatycznego nape\u0142niania wod\u0105 z mo\u017cliwo\u015bci\u0105 wyboru pomi\u0119dzy pe\u0142nym i do po\u0142owy pe\u0142nym dzbankiem kawy. (Funkcja umo\u017cliwia regulacj\u0119 ilo\u015bci wody nap\u0142ywaj\u0105cej do dzbanka oraz czasu parzenia.)<\/li>\n<li>P\u0142ywak w zbiorniku na wod\u0119 uruchamia mikroprze\u0142\u0105cznik wewn\u0105trz urz\u0105dzenia, tzw wkr\u00f3tce uzupe\u0142niona zostanie woda. Mikroprze\u0142\u0105cznik w\u0142\u0105cza ogrzewanie w bojlerze i rozpoczyna si\u0119 proces warzenia.<\/li>\n<li>Je\u017celi kocio\u0142 jest pusty, zasilanie ogrzewania zostaje przerwane.<\/li>\n<li>Dolna p\u0142yta grzewcza grzeje tak d\u0142ugo, jak ekspres do kawy jest w\u0142\u0105czony, g\u00f3rna p\u0142yta grzewcza w\u0142\u0105czana jest dodatkowym w\u0142\u0105cznikiem.<\/li>\n<li>Urz\u0105dzenie posiada zabezpieczenie przed przegrzaniem, kt\u00f3re mo\u017cna ponownie w\u0142\u0105czy\u0107 r\u0119cznie, kiedy zadzia\u0142a bezpiecznik.<br \/>\n<b>Opis zbiornika ciep\u0142ej wody:<\/b><\/li>\n<li>Zbiornik na gor\u0105c\u0105 wod\u0119 o pojemno\u015bci 5 l, z czego 3 l mo\u017cna spu\u015bci\u0107 za pomoc\u0105 kranu wylotowego.<\/li>\n<li>Temperatur\u0119 wody ustawia si\u0119 za pomoc\u0105 termostatu regulacyjnego. Znajduje si\u0119 on wewn\u0105trz urz\u0105dzenia.<\/li>\n<\/ul>\n","protected":false},"excerpt":{"rendered":"<p><b>Ekspres przelewowy ATE-2<\/b><br \/>\nProdukt z ekspozycji.<\/p>\n","protected":false},"featured_media":62007,"template":"","meta":{"_et_pb_use_builder":"","_et_pb_old_content":"","_et_gb_content_width":""},"pwb-brand":[5113],"product_brand":[],"product_cat":[1101],"product_tag":[],"class_list":{"0":"post-61984","1":"product","2":"type-product","3":"status-publish","4":"has-post-thumbnail","6":"pwb-brand-coffee-queen","7":"product_cat-polecane","9":"first","10":"instock","11":"taxable","12":"shipping-taxable","13":"purchasable","14":"product-type-simple"},"brands":[{"id":5113,"name":"Coffee Queen","slug":"coffee-queen"}],"_links":{"self":[{"href":"https:\/\/www.multifrigo.pl\/sklep\/wp-json\/wp\/v2\/product\/61984","targetHints":{"allow":["GET"]}}],"collection":[{"href":"https:\/\/www.multifrigo.pl\/sklep\/wp-json\/wp\/v2\/product"}],"about":[{"href":"https:\/\/www.multifrigo.pl\/sklep\/wp-json\/wp\/v2\/types\/product"}],"wp:featuredmedia":[{"embeddable":true,"href":"https:\/\/www.multifrigo.pl\/sklep\/wp-json\/wp\/v2\/media\/62007"}],"wp:attachment":[{"href":"https:\/\/www.multifrigo.pl\/sklep\/wp-json\/wp\/v2\/media?parent=61984"}],"wp:term":[{"taxonomy":"pwb-brand","embeddable":true,"href":"https:\/\/www.multifrigo.pl\/sklep\/wp-json\/wp\/v2\/pwb-brand?post=61984"},{"taxonomy":"product_brand","embeddable":true,"href":"https:\/\/www.multifrigo.pl\/sklep\/wp-json\/wp\/v2\/product_brand?post=61984"},{"taxonomy":"product_cat","embeddable":true,"href":"https:\/\/www.multifrigo.pl\/sklep\/wp-json\/wp\/v2\/product_cat?post=61984"},{"taxonomy":"product_tag","embeddable":true,"href":"https:\/\/www.multifrigo.pl\/sklep\/wp-json\/wp\/v2\/product_tag?post=61984"}],"curies":[{"name":"wp","href":"https:\/\/api.w.org\/{rel}","templated":true}]}}