{"id":61986,"date":"2025-05-19T14:33:33","date_gmt":"2025-05-19T14:33:33","guid":{"rendered":"https:\/\/www.multifrigo.pl\/sklep\/produkt\/czekoladziarka-dyspenser-goracych-napojow-scirocco-3lt-gold-bras\/"},"modified":"2025-05-19T14:45:21","modified_gmt":"2025-05-19T14:45:21","slug":"czekoladziarka-dyspenser-goracych-napojow-scirocco-3lt-gold-bras","status":"publish","type":"product","link":"https:\/\/www.multifrigo.pl\/sklep\/produkt\/czekoladziarka-dyspenser-goracych-napojow-scirocco-3lt-gold-bras\/","title":{"rendered":"Czekoladziarka Dyspenser gor\u0105cych napoj\u00f3w  SCIROCCO 3LT GOLD | Bras"},"content":{"rendered":"<p><strong>CZEKOLADZIARKA DYSPENSER GOR\u0104CYCH NAPOJ\u00d3W SCIROCCO 3LT GOLD<\/strong><br \/>\n<b>Cechy:<\/b><\/p>\n<ul>\n<li>pojemno\u015b\u0107 pojemnika 3 l,<\/li>\n<li>regulacja temperatury: r\u0119czna lub za pomoc\u0105 termostatu elektronicznego,<\/li>\n<li>\u0142atwy demonta\u017c pojemnika i kranu, u\u0142atwia czyszczenie i mycie,<\/li>\n<li>aluminiowo-stalowa p\u0142yta grzewcza,<\/li>\n<li>system antyprzypaleniowy z regulacj\u0105 temperatury do 90\u00b0C,<\/li>\n<li>odpowiednio dobrane obroty mieszad\u0142a, zapewniaj\u0105 jednolity rozk\u0142ad temperatury oraz struktury p\u0142ynu.<\/li>\n<li>Moc: 0,8 kW<\/li>\n<li>Wymiary: 240x290x410<\/li>\n<\/ul>\n","protected":false},"excerpt":{"rendered":"<p><b>Czekoladziarka Dyspenser gor\u0105cych napoj\u00f3w SCIROCCO 3LT GOLD<\/b><br \/>\nProdukt z ekspozycji.<\/p>\n","protected":false},"featured_media":62004,"template":"","meta":{"_et_pb_use_builder":"","_et_pb_old_content":"","_et_gb_content_width":""},"pwb-brand":[5114],"product_brand":[],"product_cat":[1101],"product_tag":[],"class_list":{"0":"post-61986","1":"product","2":"type-product","3":"status-publish","4":"has-post-thumbnail","6":"pwb-brand-bras","7":"product_cat-polecane","9":"first","10":"instock","11":"taxable","12":"shipping-taxable","13":"purchasable","14":"product-type-simple"},"brands":[{"id":5114,"name":"Bras","slug":"bras"}],"_links":{"self":[{"href":"https:\/\/www.multifrigo.pl\/sklep\/wp-json\/wp\/v2\/product\/61986","targetHints":{"allow":["GET"]}}],"collection":[{"href":"https:\/\/www.multifrigo.pl\/sklep\/wp-json\/wp\/v2\/product"}],"about":[{"href":"https:\/\/www.multifrigo.pl\/sklep\/wp-json\/wp\/v2\/types\/product"}],"wp:featuredmedia":[{"embeddable":true,"href":"https:\/\/www.multifrigo.pl\/sklep\/wp-json\/wp\/v2\/media\/62004"}],"wp:attachment":[{"href":"https:\/\/www.multifrigo.pl\/sklep\/wp-json\/wp\/v2\/media?parent=61986"}],"wp:term":[{"taxonomy":"pwb-brand","embeddable":true,"href":"https:\/\/www.multifrigo.pl\/sklep\/wp-json\/wp\/v2\/pwb-brand?post=61986"},{"taxonomy":"product_brand","embeddable":true,"href":"https:\/\/www.multifrigo.pl\/sklep\/wp-json\/wp\/v2\/product_brand?post=61986"},{"taxonomy":"product_cat","embeddable":true,"href":"https:\/\/www.multifrigo.pl\/sklep\/wp-json\/wp\/v2\/product_cat?post=61986"},{"taxonomy":"product_tag","embeddable":true,"href":"https:\/\/www.multifrigo.pl\/sklep\/wp-json\/wp\/v2\/product_tag?post=61986"}],"curies":[{"name":"wp","href":"https:\/\/api.w.org\/{rel}","templated":true}]}}