{"id":62028,"date":"2025-05-21T06:37:27","date_gmt":"2025-05-21T06:37:27","guid":{"rendered":"https:\/\/www.multifrigo.pl\/sklep\/produkt\/szafa-chlodnicza-zgodna-z-norma-piekarska-z-chlodzeniem-powietrzem-obiegowym-liebherr-brpsvh-6501\/"},"modified":"2025-05-21T07:22:39","modified_gmt":"2025-05-21T07:22:39","slug":"szafa-chlodnicza-zgodna-z-norma-piekarska-z-chlodzeniem-powietrzem-obiegowym-liebherr-brpsvh-6501","status":"publish","type":"product","link":"https:\/\/www.multifrigo.pl\/sklep\/produkt\/szafa-chlodnicza-zgodna-z-norma-piekarska-z-chlodzeniem-powietrzem-obiegowym-liebherr-brpsvh-6501\/","title":{"rendered":"Szafa ch\u0142odnicza zgodna z norm\u0105 piekarsk\u0105 z ch\u0142odzeniem powietrzem obiegowym | Liebherr BRPSvh 6501"},"content":{"rendered":"<p><b>Ch\u0142odziarka zgodna z norm\u0105 piekarsk\u0105 z ch\u0142odzeniem powietrzem obiegowym, Stal chromowo-niklowa (1.4301 \/ AISI 304), Stal szlachetna &#8211; Liebherr BRPSvh 6501<\/b><\/p>\n<p><b>Zgodne z europejskimi znormalizowanymi blachami do pieczenia<\/b><\/p>\n<p>Idealne dopasowanie: europejskie znormalizowane blachy do pieczenia idealnie mieszcz\u0105 si\u0119 na solidnych szynach w kszta\u0142cie litery L i \u0142atwo je wyj\u0105\u0107. Ka\u017cde urz\u0105dzenie Liebherr dla piekarni zosta\u0142o tak zaprojektowane, aby mo\u017cna by\u0142o korzysta\u0107 ze znormalizowanych blach do pieczenia. <\/p>\n<p><b>Wyjmowane listwy z naci\u0119ciami<\/b><\/p>\n<p>M\u0105ka i kurz nie maj\u0105 szans \u2014 listwy z naci\u0119ciami mo\u017cna \u0142atwo zdejmowa\u0107 i zak\u0142ada\u0107 ponownie bez u\u017cycia narz\u0119dzi. U\u0142atwia to czyszczenie listwe i g\u0142adkiego wn\u0119trza oraz zapobiega gromadzeniu si\u0119 zanieczyszcze\u0144 wok\u00f3\u0142 po\u0142\u0105cze\u0144. <\/p>\n<p><b>Rozszerzona strefa temperatury -2\u00b0C\/+15\u00b0C<\/b><\/p>\n<p>Lod\u00f3wki Liebherr maj\u0105 rozszerzony zakres temperatury od \u20132\u00b0C do +15\u00b0C. Dzi\u0119ki temu nawet mi\u0119so pozostaje d\u0142ugo \u015bwie\u017ce i smaczne. <\/p>\n<p><b>Przednie o\u015bwietlenie LED<\/b><\/p>\n<p>Przednie o\u015bwietlenie LED zapewnia optymalne pod\u015bwietlenie szuflad nawet w ciemnych pomieszczeniach. Doskona\u0142a widoczno\u015b\u0107 pozwala b\u0142yskawicznie zlokalizowa\u0107 poszukiwan\u0105 substancj\u0119 i szybko zamkn\u0105\u0107 drzwi, zachowuj\u0105c stabiln\u0105 temperatur\u0119 wewn\u0119trzn\u0105. Rozwi\u0105zanie obni\u017ca zu\u017cycie i koszty energii. <\/p>\n<p><b>HumidityControl<\/b><\/p>\n<p>Idealne warunki przechowywania \u017cywno\u015bci mo\u017cna uzyska\u0107 tylko przy odpowiednich parametrach temperatury i wilgotno\u015bci. Funkcja HumidityControl pozwala dostosowa\u0107 wilgotno\u015b\u0107 do Twoich potrzeb. Tak aby \u017cywno\u015b\u0107 zachowa\u0142a \u015bwie\u017co\u015b\u0107 i pierwotn\u0105 konsystencj\u0119 jeszcze d\u0142u\u017cej. <\/p>\n<p><b>Wbudowany interfejs WiFi\/LAN<\/b><\/p>\n<p>Interfejs WiFi\/LAN umo\u017cliwia \u0142atwe po\u0142\u0105czenie urz\u0105dze\u0144 z Liebherr SmartMonitoring lub istniej\u0105cymi systemami lokalnymi. <\/p>\n","protected":false},"excerpt":{"rendered":"<p>Ch\u0142odziarka zgodna z norm\u0105 piekarsk\u0105 z ch\u0142odzeniem powietrzem obiegowym, Stal chromowo-niklowa (1.4301 \/ AISI 304), Stal szlachetna &#8211; Liebherr BRPSvh 6501 Zgodne z europejskimi znormalizowanymi blachami do pieczenia Idealne dopasowanie: europejskie znormalizowane blachy do pieczenia idealnie mieszcz\u0105 si\u0119 na solidnych szynach w kszta\u0142cie litery L i \u0142atwo je wyj\u0105\u0107. Ka\u017cde urz\u0105dzenie Liebherr dla piekarni zosta\u0142o [&hellip;]<\/p>\n","protected":false},"featured_media":31465,"template":"","meta":{"_et_pb_use_builder":"","_et_pb_old_content":"","_et_gb_content_width":""},"pwb-brand":[1352],"product_brand":[],"product_cat":[518],"product_tag":[],"class_list":{"0":"post-62028","1":"product","2":"type-product","3":"status-publish","4":"has-post-thumbnail","6":"pwb-brand-liebherr","7":"product_cat-szafy-chlodnicze","9":"first","10":"instock","11":"taxable","12":"shipping-taxable","13":"purchasable","14":"product-type-simple"},"brands":[{"id":1352,"name":"Liebherr","slug":"liebherr"}],"_links":{"self":[{"href":"https:\/\/www.multifrigo.pl\/sklep\/wp-json\/wp\/v2\/product\/62028","targetHints":{"allow":["GET"]}}],"collection":[{"href":"https:\/\/www.multifrigo.pl\/sklep\/wp-json\/wp\/v2\/product"}],"about":[{"href":"https:\/\/www.multifrigo.pl\/sklep\/wp-json\/wp\/v2\/types\/product"}],"wp:featuredmedia":[{"embeddable":true,"href":"https:\/\/www.multifrigo.pl\/sklep\/wp-json\/wp\/v2\/media\/31465"}],"wp:attachment":[{"href":"https:\/\/www.multifrigo.pl\/sklep\/wp-json\/wp\/v2\/media?parent=62028"}],"wp:term":[{"taxonomy":"pwb-brand","embeddable":true,"href":"https:\/\/www.multifrigo.pl\/sklep\/wp-json\/wp\/v2\/pwb-brand?post=62028"},{"taxonomy":"product_brand","embeddable":true,"href":"https:\/\/www.multifrigo.pl\/sklep\/wp-json\/wp\/v2\/product_brand?post=62028"},{"taxonomy":"product_cat","embeddable":true,"href":"https:\/\/www.multifrigo.pl\/sklep\/wp-json\/wp\/v2\/product_cat?post=62028"},{"taxonomy":"product_tag","embeddable":true,"href":"https:\/\/www.multifrigo.pl\/sklep\/wp-json\/wp\/v2\/product_tag?post=62028"}],"curies":[{"name":"wp","href":"https:\/\/api.w.org\/{rel}","templated":true}]}}