{"id":62038,"date":"2025-05-21T06:39:01","date_gmt":"2025-05-21T06:39:01","guid":{"rendered":"https:\/\/www.multifrigo.pl\/sklep\/produkt\/zamrazarka-skrzyniowa-do-lodow-liebherr-efe-3052\/"},"modified":"2025-05-21T07:22:53","modified_gmt":"2025-05-21T07:22:53","slug":"zamrazarka-skrzyniowa-do-lodow-liebherr-efe-3052","status":"publish","type":"product","link":"https:\/\/www.multifrigo.pl\/sklep\/produkt\/zamrazarka-skrzyniowa-do-lodow-liebherr-efe-3052\/","title":{"rendered":"Zamra\u017carka skrzyniowa do lod\u00f3w | Liebherr EFE 3052"},"content":{"rendered":"<p><b>Zamra\u017carka skrzyniowa do lod\u00f3w, Pokrywa przesuwana szklana, Bia\u0142a &#8211; Liebherr EFE 3052<\/b><\/p>\n<p><b>Przyjazne \u015brodowisku czynniki ch\u0142odnicze<\/b><\/p>\n<p>Przy konstruowaniu urz\u0105dze\u0144 Liebherr skupiono si\u0119 przede wszystkim na zoptymalizowaniu wykorzystania energii i niskich kosztach eksploatacji. Liebherr stosuje wy\u0142\u0105cznie naturalne i przyjazne dla \u015brodowiska czynniki ch\u0142odnicze R 600a i R 290. W po\u0142\u0105czeniu z wysokowydajnymi spr\u0119\u017carkami s\u0105 one niezwykle efektywne, a dzi\u0119ki niskiemu wsp\u00f3\u0142czynnikowi ocieplenia globalnego tak\u017ce przysz\u0142o\u015bciowe. <\/p>\n<p><b>Wydajny system ch\u0142odzenia<\/b><\/p>\n<p>Od dziesi\u0119cioleci firma Liebherr zdobywa do\u015bwiadczenie i prowadzi prace badawczo-rozwojowe w dziedzinie ch\u0142odzenia, co stanowi gwarancj\u0119 najwy\u017cszej jako\u015bci urz\u0105dze\u0144 ch\u0142odniczych. Dzi\u0119ki stosowaniu wy\u0142\u0105cznie najwy\u017cszej klasy kompresor\u00f3w, kondensator\u00f3w, parownik\u00f3w i innych element\u00f3w uk\u0142adu ch\u0142odzenia firma Liebherr tworzy energooszcz\u0119dne urz\u0105dzenia generuj\u0105ce niskie koszty eksploatacji. <\/p>\n<p><b>Doskona\u0142a prezentacja produkt\u00f3w<\/b><\/p>\n<p>Energooszcz\u0119dne o\u015bwietlenie LED zapewnia optymalny przegl\u0105d przechowywanych produkt\u00f3w <\/p>\n<p><b>Hartowane jednowarstwowe szk\u0142o bezpieczne<\/b><\/p>\n<p>Jednowarstwowe szk\u0142o bezpieczne jest wykonane z pojedynczej, hartowanej szyby, kt\u00f3ra jest niezwykle odporna na zu\u017cycie, uderzenia i zmiany temperatury. <\/p>\n<p><b>Przesuwne szklane pokrywy<\/b><\/p>\n<p>Przesuwne szklane pokrywy umo\u017cliwiaj\u0105 przejrzysty przegl\u0105d przechowywanych produkt\u00f3w oraz ich prezentacj\u0119 w spos\u00f3b zach\u0119caj\u0105cy do zakup\u00f3w. S\u0105 wykonane z hartowanego, jednowarstwowego szk\u0142a bezpiecznego, co gwarantuje wyj\u0105tkow\u0105 odporno\u015b\u0107 na uszkodzenia. <\/p>\n","protected":false},"excerpt":{"rendered":"<p>Zamra\u017carka skrzyniowa do lod\u00f3w, Pokrywa przesuwana szklana, Bia\u0142a &#8211; Liebherr EFE 3052 Przyjazne \u015brodowisku czynniki ch\u0142odnicze Przy konstruowaniu urz\u0105dze\u0144 Liebherr skupiono si\u0119 przede wszystkim na zoptymalizowaniu wykorzystania energii i niskich kosztach eksploatacji. Liebherr stosuje wy\u0142\u0105cznie naturalne i przyjazne dla \u015brodowiska czynniki ch\u0142odnicze R 600a i R 290. W po\u0142\u0105czeniu z wysokowydajnymi spr\u0119\u017carkami s\u0105 one niezwykle [&hellip;]<\/p>\n","protected":false},"featured_media":31499,"template":"","meta":{"_et_pb_use_builder":"","_et_pb_old_content":"","_et_gb_content_width":""},"pwb-brand":[1352],"product_brand":[],"product_cat":[540],"product_tag":[],"class_list":{"0":"post-62038","1":"product","2":"type-product","3":"status-publish","4":"has-post-thumbnail","6":"pwb-brand-liebherr","7":"product_cat-zamrazarki-skrzyniowe","9":"first","10":"instock","11":"taxable","12":"shipping-taxable","13":"purchasable","14":"product-type-simple"},"brands":[{"id":1352,"name":"Liebherr","slug":"liebherr"}],"_links":{"self":[{"href":"https:\/\/www.multifrigo.pl\/sklep\/wp-json\/wp\/v2\/product\/62038","targetHints":{"allow":["GET"]}}],"collection":[{"href":"https:\/\/www.multifrigo.pl\/sklep\/wp-json\/wp\/v2\/product"}],"about":[{"href":"https:\/\/www.multifrigo.pl\/sklep\/wp-json\/wp\/v2\/types\/product"}],"wp:featuredmedia":[{"embeddable":true,"href":"https:\/\/www.multifrigo.pl\/sklep\/wp-json\/wp\/v2\/media\/31499"}],"wp:attachment":[{"href":"https:\/\/www.multifrigo.pl\/sklep\/wp-json\/wp\/v2\/media?parent=62038"}],"wp:term":[{"taxonomy":"pwb-brand","embeddable":true,"href":"https:\/\/www.multifrigo.pl\/sklep\/wp-json\/wp\/v2\/pwb-brand?post=62038"},{"taxonomy":"product_brand","embeddable":true,"href":"https:\/\/www.multifrigo.pl\/sklep\/wp-json\/wp\/v2\/product_brand?post=62038"},{"taxonomy":"product_cat","embeddable":true,"href":"https:\/\/www.multifrigo.pl\/sklep\/wp-json\/wp\/v2\/product_cat?post=62038"},{"taxonomy":"product_tag","embeddable":true,"href":"https:\/\/www.multifrigo.pl\/sklep\/wp-json\/wp\/v2\/product_tag?post=62038"}],"curies":[{"name":"wp","href":"https:\/\/api.w.org\/{rel}","templated":true}]}}