{"id":62058,"date":"2025-05-21T06:41:31","date_gmt":"2025-05-21T06:41:31","guid":{"rendered":"https:\/\/www.multifrigo.pl\/sklep\/produkt\/zamrazarka-skrzyniowa-stal-nierdzewna-biala-liebherr-efl-6056\/"},"modified":"2025-05-21T08:41:21","modified_gmt":"2025-05-21T08:41:21","slug":"zamrazarka-skrzyniowa-stal-nierdzewna-biala-liebherr-efl-6056","status":"publish","type":"product","link":"https:\/\/www.multifrigo.pl\/sklep\/produkt\/zamrazarka-skrzyniowa-stal-nierdzewna-biala-liebherr-efl-6056\/","title":{"rendered":"Zamra\u017carka skrzyniowa, stal nierdzewna, Bia\u0142a | Liebherr EFL 6056"},"content":{"rendered":"<h3><b>Zamra\u017carka skrzyniowa, stal nierdzewna, Bia\u0142a &#8211; Liebherr EFL 6056<\/b><\/h3>\n<p>Jest to urz\u0105dzenie dedykowane do zastosowa\u0144 spo\u017cywczych i gastronomicznych. Niezawodna \u015bwie\u017co\u015b\u0107 pod r\u0119k\u0105 dzi\u0119ki funkcji FrostProtect. Zamra\u017carka wyposa\u017cona jest w specjaln\u0105 regulacj\u0119 niskotemperaturow\u0105, umo\u017cliwiaj\u0105c\u0105 stosowanie w temperaturach otoczenia od -15\u00b0C do +43\u00b0C. Liebherr EFL 3055 jest energooszcz\u0119dna, trwa\u0142a i ma prost\u0105 obs\u0142ug\u0119.<\/p>\n","protected":false},"excerpt":{"rendered":"<p>Zamra\u017carka skrzyniowa, stal nierdzewna, Bia\u0142a &#8211; Liebherr EFL 6056 Jest to urz\u0105dzenie dedykowane do zastosowa\u0144 spo\u017cywczych i gastronomicznych. Niezawodna \u015bwie\u017co\u015b\u0107 pod r\u0119k\u0105 dzi\u0119ki funkcji FrostProtect. Zamra\u017carka wyposa\u017cona jest w specjaln\u0105 regulacj\u0119 niskotemperaturow\u0105, umo\u017cliwiaj\u0105c\u0105 stosowanie w temperaturach otoczenia od -15\u00b0C do +43\u00b0C. Liebherr EFL 3055 jest energooszcz\u0119dna, trwa\u0142a i ma prost\u0105 obs\u0142ug\u0119.<\/p>\n","protected":false},"featured_media":62208,"template":"","meta":{"_et_pb_use_builder":"","_et_pb_old_content":"","_et_gb_content_width":""},"pwb-brand":[1352],"product_brand":[],"product_cat":[540],"product_tag":[],"class_list":{"0":"post-62058","1":"product","2":"type-product","3":"status-publish","4":"has-post-thumbnail","6":"pwb-brand-liebherr","7":"product_cat-zamrazarki-skrzyniowe","9":"first","10":"instock","11":"taxable","12":"shipping-taxable","13":"purchasable","14":"product-type-simple"},"brands":[{"id":1352,"name":"Liebherr","slug":"liebherr"}],"_links":{"self":[{"href":"https:\/\/www.multifrigo.pl\/sklep\/wp-json\/wp\/v2\/product\/62058","targetHints":{"allow":["GET"]}}],"collection":[{"href":"https:\/\/www.multifrigo.pl\/sklep\/wp-json\/wp\/v2\/product"}],"about":[{"href":"https:\/\/www.multifrigo.pl\/sklep\/wp-json\/wp\/v2\/types\/product"}],"wp:featuredmedia":[{"embeddable":true,"href":"https:\/\/www.multifrigo.pl\/sklep\/wp-json\/wp\/v2\/media\/62208"}],"wp:attachment":[{"href":"https:\/\/www.multifrigo.pl\/sklep\/wp-json\/wp\/v2\/media?parent=62058"}],"wp:term":[{"taxonomy":"pwb-brand","embeddable":true,"href":"https:\/\/www.multifrigo.pl\/sklep\/wp-json\/wp\/v2\/pwb-brand?post=62058"},{"taxonomy":"product_brand","embeddable":true,"href":"https:\/\/www.multifrigo.pl\/sklep\/wp-json\/wp\/v2\/product_brand?post=62058"},{"taxonomy":"product_cat","embeddable":true,"href":"https:\/\/www.multifrigo.pl\/sklep\/wp-json\/wp\/v2\/product_cat?post=62058"},{"taxonomy":"product_tag","embeddable":true,"href":"https:\/\/www.multifrigo.pl\/sklep\/wp-json\/wp\/v2\/product_tag?post=62058"}],"curies":[{"name":"wp","href":"https:\/\/api.w.org\/{rel}","templated":true}]}}