{"id":62059,"date":"2025-05-21T06:41:47","date_gmt":"2025-05-21T06:41:47","guid":{"rendered":"https:\/\/www.multifrigo.pl\/sklep\/produkt\/chlodziarka-do-win-ze-strefami-temperatur-liebherr-wpsd-4652\/"},"modified":"2025-05-21T08:43:40","modified_gmt":"2025-05-21T08:43:40","slug":"chlodziarka-do-win-ze-strefami-temperatur-liebherr-wpsd-4652","status":"publish","type":"product","link":"https:\/\/www.multifrigo.pl\/sklep\/produkt\/chlodziarka-do-win-ze-strefami-temperatur-liebherr-wpsd-4652\/","title":{"rendered":"Ch\u0142odziarka do win ze strefami temperatur | Liebherr WPsd 4652"},"content":{"rendered":"<h3><b>Ch\u0142odziarka do win ze strefami temperatur, drzwi ze szk\u0142a izolacyjnego z ram\u0105 ze stali nierdzewnej z pow\u0142ok\u0105 SmartSteel, srebrny &#8211; Liebherr WPsd 4652<\/b><\/h3>\n<p><b>TempProtect Plus <\/b><\/p>\n<p>Funkcja TempProtect Plus umo\u017cliwia sta\u0142y pomiar temperatury w ch\u0142odziarkach do starzenia win za pomoc\u0105 dw\u00f3ch czujnik\u00f3w. Daje to jeszcze wi\u0119ksz\u0105 pewno\u015b\u0107, \u017ce wina b\u0119d\u0105 chronione przed wahaniami temperatury. Otrzymasz powiadomienie, gdy tylko jeden z czujnik\u00f3w wykryje krytyczn\u0105 zmian\u0119 temperatury, co pozwala na szybkie podj\u0119cie dzia\u0142a\u0144.<\/p>\n<p><b>HumiditySelect <\/b><\/p>\n<p>Funkcja HumiditySelect w modelach Vinidor umo\u017cliwia ustawienie dw\u00f3ch poziom\u00f3w wilgotno\u015bci: standardowego lub wysokiego. To bardzo proste i korzystne dla wina, poniewa\u017c dzi\u0119ki optymalnej wilgotno\u015bci korki s\u0105 wilgotne, a butelki szczelnie zamkni\u0119te.<\/p>\n<p><b>UVProtect Plus <\/b><\/p>\n<p>Ch\u0142odziarki ze szklanymi drzwiami zapewniaj\u0105 doskona\u0142e zabezpieczenie przed promieniowaniem UV: trzy warstwy ochronne sk\u0142adaj\u0105 si\u0119 z przyciemnionego szk\u0142a i dw\u00f3ch warstw napylanego pr\u00f3\u017cniowo metalu. Pow\u0142oka ta, znana pod nazw\u0105 Low-E, zapewnia bardzo efektywn\u0105 ochron\u0119 przed szkodliwym promieniowaniem s\u0142onecznym.<\/p>\n<p><b>Filtr z w\u0119glem FreshAir <\/b><\/p>\n<p>Aby wino mog\u0142o dojrzewa\u0107 przy optymalnej jako\u015bci powietrza, wszystkie ch\u0142odziarki do starzenia win Liebherr maj\u0105 filtr z w\u0119glem aktywnym niezawodnie wychwytuj\u0105cym wszystkie zapachy. Dzi\u0119ki temu wino zachowa czysty bukiet. Aby tak pozosta\u0142o, ch\u0142odziarka Liebherr co 6 miesi\u0119cy przypomina o wymianie filtra, co mo\u017cna bardzo \u0142atwo zrobi\u0107 samodzielnie.<\/p>\n<p><b>VibrateSafe <\/b><\/p>\n<p>Dzi\u0119ki cichym spr\u0119\u017carkom specjalnie opracowanym przez firm\u0119 Liebherr i stabilnym drewnianym p\u00f3\u0142kom wykonanym z wytrzyma\u0142ego drewna bukowego nasze ch\u0142odziarki do starzenia wina umo\u017cliwiaj\u0105 przechowywanie wina bez najmniejszych zak\u0142\u00f3ce\u0144. W takich warunkach wino b\u0119dzie dojrzewa\u0107 w ciszy i spokoju.<\/p>\n<p><b>Drewniana p\u00f3\u0142ka z regulacj\u0105 wysoko\u015bci <\/b><\/p>\n<p>Ch\u0142odziarka do starzenia wina Liebherr u\u0142atwia tak\u017ce organizacj\u0119 butelek wina w miar\u0119 powi\u0119kszania kolekcji. Aby wykorzysta\u0107 ca\u0142\u0105 przestrze\u0144, wn\u0119trze zaprojektowano w spos\u00f3b umo\u017cliwiaj\u0105cy u\u0142o\u017cenie butelek blisko siebie na drewnianych p\u00f3\u0142kach. Po pierwsze: masz do\u015b\u0107 miejsca na kolejne butelki. I mo\u017cesz nadal powi\u0119ksza\u0107 swoj\u0105 kolekcj\u0119.<\/p>\n","protected":false},"excerpt":{"rendered":"<p>Ch\u0142odziarka do win ze strefami temperatur, drzwi ze szk\u0142a izolacyjnego z ram\u0105 ze stali nierdzewnej z pow\u0142ok\u0105 SmartSteel, srebrny &#8211; Liebherr WPsd 4652 TempProtect Plus Funkcja TempProtect Plus umo\u017cliwia sta\u0142y pomiar temperatury w ch\u0142odziarkach do starzenia win za pomoc\u0105 dw\u00f3ch czujnik\u00f3w. Daje to jeszcze wi\u0119ksz\u0105 pewno\u015b\u0107, \u017ce wina b\u0119d\u0105 chronione przed wahaniami temperatury. Otrzymasz powiadomienie, [&hellip;]<\/p>\n","protected":false},"featured_media":62211,"template":"","meta":{"_et_pb_use_builder":"","_et_pb_old_content":"","_et_gb_content_width":""},"pwb-brand":[1352],"product_brand":[],"product_cat":[539],"product_tag":[],"class_list":{"0":"post-62059","1":"product","2":"type-product","3":"status-publish","4":"has-post-thumbnail","6":"pwb-brand-liebherr","7":"product_cat-szafy-chlodnicze-na-wino","9":"first","10":"instock","11":"taxable","12":"shipping-taxable","13":"purchasable","14":"product-type-simple"},"brands":[{"id":1352,"name":"Liebherr","slug":"liebherr"}],"_links":{"self":[{"href":"https:\/\/www.multifrigo.pl\/sklep\/wp-json\/wp\/v2\/product\/62059","targetHints":{"allow":["GET"]}}],"collection":[{"href":"https:\/\/www.multifrigo.pl\/sklep\/wp-json\/wp\/v2\/product"}],"about":[{"href":"https:\/\/www.multifrigo.pl\/sklep\/wp-json\/wp\/v2\/types\/product"}],"wp:featuredmedia":[{"embeddable":true,"href":"https:\/\/www.multifrigo.pl\/sklep\/wp-json\/wp\/v2\/media\/62211"}],"wp:attachment":[{"href":"https:\/\/www.multifrigo.pl\/sklep\/wp-json\/wp\/v2\/media?parent=62059"}],"wp:term":[{"taxonomy":"pwb-brand","embeddable":true,"href":"https:\/\/www.multifrigo.pl\/sklep\/wp-json\/wp\/v2\/pwb-brand?post=62059"},{"taxonomy":"product_brand","embeddable":true,"href":"https:\/\/www.multifrigo.pl\/sklep\/wp-json\/wp\/v2\/product_brand?post=62059"},{"taxonomy":"product_cat","embeddable":true,"href":"https:\/\/www.multifrigo.pl\/sklep\/wp-json\/wp\/v2\/product_cat?post=62059"},{"taxonomy":"product_tag","embeddable":true,"href":"https:\/\/www.multifrigo.pl\/sklep\/wp-json\/wp\/v2\/product_tag?post=62059"}],"curies":[{"name":"wp","href":"https:\/\/api.w.org\/{rel}","templated":true}]}}