{"id":62063,"date":"2025-05-21T06:42:19","date_gmt":"2025-05-21T06:42:19","guid":{"rendered":"https:\/\/www.multifrigo.pl\/sklep\/produkt\/chlodziarko-zamrazarka-liebherr-fcfcvg-4032\/"},"modified":"2025-05-21T07:24:00","modified_gmt":"2025-05-21T07:24:00","slug":"chlodziarko-zamrazarka-liebherr-fcfcvg-4032","status":"publish","type":"product","link":"https:\/\/www.multifrigo.pl\/sklep\/produkt\/chlodziarko-zamrazarka-liebherr-fcfcvg-4032\/","title":{"rendered":"Ch\u0142odziarko-zamra\u017carka | Liebherr FCFCvg 4032"},"content":{"rendered":"<p><b>Ch\u0142odziarko-zamra\u017carka, drzwi ze szk\u0142a izolacyjnego \/ stal nierdzewna, Stal szlachetna &#8211; Liebherr FCFCvg 4032<\/b><\/p>\n<p><b>Mo\u017cliwo\u015b\u0107 instalacji interfejsu Wi-Fi\/LAN<\/b><\/p>\n<p>Urz\u0105dzenia Liebherr mo\u017cna z \u0142atwo\u015bci\u0105 po\u0142\u0105czy\u0107 z sieci\u0105 IT: po zainstalowaniu opcjonalnego interfejsu Wi-Fi oraz sieci LAN urz\u0105dzenia mo\u017cna bezproblemowo pod\u0142\u0105czy\u0107 do system\u00f3w zewn\u0119trznych, takich jak SmartMonitoring firmy Liebherr. Cyfrowe rozwi\u0105zanie do monitoringu stanowi wygodny i bezpieczny spos\u00f3b monitorowania i dokumentowania temperatury przechowywania poprzez skonfigurowany wcze\u015bniej interfejs. <\/p>\n<p><b>Powiadomienie o awarii zasilania<\/b><\/p>\n<p>W przypadku awarii zasilania informacja o przerwie w zasilaniu zostanie wy\u015bwietlona po jego przywr\u00f3ceniu. Komunikat informuje o tym, \u017ce urz\u0105dzenie by\u0142o czasowo pozbawione zasilania i wskazuje maksymaln\u0105 temperatur\u0119 osi\u0105gni\u0119t\u0105 w tym czasie. Pozwala to oceni\u0107, czy mog\u0142o to doprowadzi\u0107 do pogorszenia jako\u015bci produkt\u00f3w. <\/p>\n<p><b>Przyjazne \u015brodowisku czynniki ch\u0142odnicze<\/b><\/p>\n<p>Przy konstruowaniu urz\u0105dze\u0144 Liebherr skupiono si\u0119 przede wszystkim na zoptymalizowaniu wykorzystania energii i niskich kosztach eksploatacji. Liebherr stosuje wy\u0142\u0105cznie naturalne i przyjazne dla \u015brodowiska czynniki ch\u0142odnicze R 600a i R 290. W po\u0142\u0105czeniu z wysokowydajnymi spr\u0119\u017carkami s\u0105 one niezwykle efektywne, a dzi\u0119ki niskiemu wsp\u00f3\u0142czynnikowi ocieplenia globalnego tak\u017ce przysz\u0142o\u015bciowe. <\/p>\n<p><b>Wydajny system ch\u0142odzenia<\/b><\/p>\n<p>Od dziesi\u0119cioleci firma Liebherr zdobywa do\u015bwiadczenie i prowadzi prace badawczo-rozwojowe w dziedzinie ch\u0142odzenia, co stanowi gwarancj\u0119 najwy\u017cszej jako\u015bci urz\u0105dze\u0144 ch\u0142odniczych. Dzi\u0119ki stosowaniu wy\u0142\u0105cznie najwy\u017cszej klasy kompresor\u00f3w, kondensator\u00f3w, parownik\u00f3w i innych element\u00f3w uk\u0142adu ch\u0142odzenia firma Liebherr tworzy energooszcz\u0119dne urz\u0105dzenia generuj\u0105ce niskie koszty eksploatacji. <\/p>\n<p><b>\u0141atwo dost\u0119pne informacje o urz\u0105dzeniu<\/b><\/p>\n<p>Wszystkie informacje na temat urz\u0105dzenia powinny by\u0107 dost\u0119pne zawsze, gdy s\u0105 potrzebne. W\u0142a\u015bnie dlatego ka\u017cde urz\u0105dzenie Liebherr pokazuje numer seryjny i serwisowy oraz oznaczenie modelu na wy\u015bwietlaczu, umo\u017cliwiaj\u0105c ich \u0142atwy odczyt. Frustruj\u0105ce poszukiwania lub konieczno\u015b\u0107 opr\u00f3\u017cnienia wn\u0119trza w celu odczytania istotnych danych urz\u0105dzenia nale\u017c\u0105 do przesz\u0142o\u015bci. <\/p>\n<p><b>Zgodno\u015b\u0107 z norm\u0105 DIN EN 60335 w zakresie bezpiecze\u0144stwa urz\u0105dze\u0144<\/b><\/p>\n<p>Opr\u00f3cz wymaganego prawem oznaczenia UKCA\/CE wszystkie elementy zwi\u0105zane z bezpiecze\u0144stwem \u2014 od instrukcji obs\u0142ugi po samo urz\u0105dzenie \u2014 s\u0105 oceniane i testowane przez zewn\u0119trzne, niezale\u017cne laboratorium badawcze. Gwarantuje to najwy\u017csze mo\u017cliwe bezpiecze\u0144stwo produktu. <\/p>\n","protected":false},"excerpt":{"rendered":"<p>Ch\u0142odziarko-zamra\u017carka, drzwi ze szk\u0142a izolacyjnego \/ stal nierdzewna, Stal szlachetna &#8211; Liebherr FCFCvg 4032 Mo\u017cliwo\u015b\u0107 instalacji interfejsu Wi-Fi\/LAN Urz\u0105dzenia Liebherr mo\u017cna z \u0142atwo\u015bci\u0105 po\u0142\u0105czy\u0107 z sieci\u0105 IT: po zainstalowaniu opcjonalnego interfejsu Wi-Fi oraz sieci LAN urz\u0105dzenia mo\u017cna bezproblemowo pod\u0142\u0105czy\u0107 do system\u00f3w zewn\u0119trznych, takich jak SmartMonitoring firmy Liebherr. Cyfrowe rozwi\u0105zanie do monitoringu stanowi wygodny i bezpieczny [&hellip;]<\/p>\n","protected":false},"featured_media":31590,"template":"","meta":{"_et_pb_use_builder":"","_et_pb_old_content":"","_et_gb_content_width":""},"pwb-brand":[1352],"product_brand":[],"product_cat":[528],"product_tag":[],"class_list":{"0":"post-62063","1":"product","2":"type-product","3":"status-publish","4":"has-post-thumbnail","6":"pwb-brand-liebherr","7":"product_cat-szafy-chlodniczo-mroznicze","9":"first","10":"instock","11":"taxable","12":"shipping-taxable","13":"purchasable","14":"product-type-simple"},"brands":[{"id":1352,"name":"Liebherr","slug":"liebherr"}],"_links":{"self":[{"href":"https:\/\/www.multifrigo.pl\/sklep\/wp-json\/wp\/v2\/product\/62063","targetHints":{"allow":["GET"]}}],"collection":[{"href":"https:\/\/www.multifrigo.pl\/sklep\/wp-json\/wp\/v2\/product"}],"about":[{"href":"https:\/\/www.multifrigo.pl\/sklep\/wp-json\/wp\/v2\/types\/product"}],"wp:featuredmedia":[{"embeddable":true,"href":"https:\/\/www.multifrigo.pl\/sklep\/wp-json\/wp\/v2\/media\/31590"}],"wp:attachment":[{"href":"https:\/\/www.multifrigo.pl\/sklep\/wp-json\/wp\/v2\/media?parent=62063"}],"wp:term":[{"taxonomy":"pwb-brand","embeddable":true,"href":"https:\/\/www.multifrigo.pl\/sklep\/wp-json\/wp\/v2\/pwb-brand?post=62063"},{"taxonomy":"product_brand","embeddable":true,"href":"https:\/\/www.multifrigo.pl\/sklep\/wp-json\/wp\/v2\/product_brand?post=62063"},{"taxonomy":"product_cat","embeddable":true,"href":"https:\/\/www.multifrigo.pl\/sklep\/wp-json\/wp\/v2\/product_cat?post=62063"},{"taxonomy":"product_tag","embeddable":true,"href":"https:\/\/www.multifrigo.pl\/sklep\/wp-json\/wp\/v2\/product_tag?post=62063"}],"curies":[{"name":"wp","href":"https:\/\/api.w.org\/{rel}","templated":true}]}}