{"id":62069,"date":"2025-05-21T06:43:03","date_gmt":"2025-05-21T06:43:03","guid":{"rendered":"https:\/\/www.multifrigo.pl\/sklep\/produkt\/zamrazarka-szufladowa-wolnostojaca-z-systemem-nofrost-liebherr-fffcvg-4001\/"},"modified":"2025-05-21T07:24:08","modified_gmt":"2025-05-21T07:24:08","slug":"zamrazarka-szufladowa-wolnostojaca-z-systemem-nofrost-liebherr-fffcvg-4001","status":"publish","type":"product","link":"https:\/\/www.multifrigo.pl\/sklep\/produkt\/zamrazarka-szufladowa-wolnostojaca-z-systemem-nofrost-liebherr-fffcvg-4001\/","title":{"rendered":"Zamra\u017carka szufladowa wolnostoj\u0105ca z systemem NoFrost | Liebherr FFFCvg 4001"},"content":{"rendered":"<p><b>Zamra\u017carka szufladowa wolnostoj\u0105ca z systemem NoFrost, stal nierdzewna, Stal szlachetna &#8211; Liebherr FFFCvg 4001<\/b><\/p>\n<p><b>Technologia NoFrost<\/b><\/p>\n<p>W przypadku profesjonalnych urz\u0105dze\u0144 Liebherr rozmra\u017canie nie jest konieczne. Ca\u0142a wilgo\u0107 jest usuwana przez uk\u0142ad ch\u0142odzenia wspomagany wentylatorem, a inicjowane cyklicznie fazy rozmra\u017cania usuwaj\u0105 nawet najmniejsze cz\u0105stki wilgoci z wn\u0119trza \u2212 wygodne, bezpieczne i bezszronowe przechowywanie. <\/p>\n<p><b>Wymienne uszczelki drzwi<\/b><\/p>\n<p>Oszcz\u0119dno\u015b\u0107 czasu i pieni\u0119dzy: Uszczelki w urz\u0105dzeniach Liebherr mo\u017cna \u0142atwo wymieni\u0107. Je\u015bli uszczelka jest zniszczona, mo\u017cna j\u0105 wymieni\u0107 samodzielnie na now\u0105 bez jakichkolwiek narz\u0119dzi. <\/p>\n<p><b>LightAlarm (alarm \u015bwietlny)<\/b><\/p>\n<p>W przypadku niekontrolowanego wzrostu temperatury \u2014 np. je\u015bli pozostawiono otwarte drzwi lub wyst\u0105pi\u0142y inne problemy \u2014 o\u015bwietlenie wewn\u0119trzne urz\u0105dzenia zacznie miga\u0107. W urz\u0105dzeniach ze szklanymi drzwiami wida\u0107 od razu, \u017ce konieczne jest podj\u0119cie szybkich dzia\u0142a\u0144. W urz\u0105dzeniach z nieprzejrzystymi drzwiami migaj\u0105ce o\u015bwietlenie wn\u0119trza sygnalizuje, \u017ce nale\u017cy natychmiast zamkn\u0105\u0107 drzwi, aby chroni\u0107 jako\u015b\u0107 przechowywanych produkt\u00f3w. <\/p>\n<p><b>Przystosowane do znormalizowanych europejskich pojemnik\u00f3w (tylko zamra\u017carki gastronomiczne)<\/b><\/p>\n<p>Otw\u00f3rz drzwiczki i w\u0142\u00f3\u017c pojemnik \u2014 \u0142adnie i schludnie: profesjonalne urz\u0105dzenia dla gastronomii zosta\u0142y zaprojektowane specjalnie dla potrzeb kuchni i piekarni i dlatego dobrze pasuj\u0105 do nich znormalizowane europejskie pojemniki. <\/p>\n<p><b>Samozamykaj\u0105ce si\u0119 drzwi < 90\u00b0 \/ automatyczne zamykanie drzwi przy k\u0105cie mniejszym ni\u017c 90\u00b0<\/b><\/p>\n<p>Wykonuj rutynowe prace w komfortowych warunkach, maj\u0105c pewno\u015b\u0107, \u017ce nic nie zostanie pomini\u0119te: przy k\u0105cie otwarcia ok. 90\u00b0 lub wi\u0119kszym drzwi urz\u0105dzenia pozostaj\u0105 otwarte, co u\u0142atwia wk\u0142adanie i wyjmowanie produkt\u00f3w, jak r\u00f3wnie\u017c czyszczenie. Przy k\u0105cie otwarcia mniejszym ni\u017c ok. 90\u00b0 drzwi zamykaj\u0105 si\u0119 same, dzi\u0119ki czemu urz\u0105dzenie nie pozostanie otwarte, nawet je\u015bli u\u017cytkownik zapomni je zamkn\u0105\u0107. Pozwala to utrzyma\u0107 stabiln\u0105 temperatur\u0119 i chroni\u0107 jako\u015b\u0107 przechowywanych produkt\u00f3w spo\u017cywczych. <\/p>\n<p><b>Mo\u017cliwo\u015b\u0107 instalacji interfejsu Wi-Fi\/LAN<\/b><\/p>\n<p>Urz\u0105dzenia Liebherr mo\u017cna z \u0142atwo\u015bci\u0105 po\u0142\u0105czy\u0107 z sieci\u0105 IT: po zainstalowaniu opcjonalnego interfejsu Wi-Fi oraz sieci LAN urz\u0105dzenia mo\u017cna bezproblemowo pod\u0142\u0105czy\u0107 do system\u00f3w zewn\u0119trznych, takich jak SmartMonitoring firmy Liebherr. Cyfrowe rozwi\u0105zanie do monitoringu stanowi wygodny i bezpieczny spos\u00f3b monitorowania i dokumentowania temperatury przechowywania poprzez skonfigurowany wcze\u015bniej interfejs. <\/p>\n","protected":false},"excerpt":{"rendered":"<p>Zamra\u017carka szufladowa wolnostoj\u0105ca z systemem NoFrost, stal nierdzewna, Stal szlachetna &#8211; Liebherr FFFCvg 4001 Technologia NoFrost W przypadku profesjonalnych urz\u0105dze\u0144 Liebherr rozmra\u017canie nie jest konieczne. Ca\u0142a wilgo\u0107 jest usuwana przez uk\u0142ad ch\u0142odzenia wspomagany wentylatorem, a inicjowane cyklicznie fazy rozmra\u017cania usuwaj\u0105 nawet najmniejsze cz\u0105stki wilgoci z wn\u0119trza \u2212 wygodne, bezpieczne i bezszronowe przechowywanie. Wymienne uszczelki drzwi [&hellip;]<\/p>\n","protected":false},"featured_media":31610,"template":"","meta":{"_et_pb_use_builder":"","_et_pb_old_content":"","_et_gb_content_width":""},"pwb-brand":[1352],"product_brand":[],"product_cat":[520],"product_tag":[],"class_list":{"0":"post-62069","1":"product","2":"type-product","3":"status-publish","4":"has-post-thumbnail","6":"pwb-brand-liebherr","7":"product_cat-szafy-mroznicze","9":"first","10":"instock","11":"taxable","12":"shipping-taxable","13":"purchasable","14":"product-type-simple"},"brands":[{"id":1352,"name":"Liebherr","slug":"liebherr"}],"_links":{"self":[{"href":"https:\/\/www.multifrigo.pl\/sklep\/wp-json\/wp\/v2\/product\/62069","targetHints":{"allow":["GET"]}}],"collection":[{"href":"https:\/\/www.multifrigo.pl\/sklep\/wp-json\/wp\/v2\/product"}],"about":[{"href":"https:\/\/www.multifrigo.pl\/sklep\/wp-json\/wp\/v2\/types\/product"}],"wp:featuredmedia":[{"embeddable":true,"href":"https:\/\/www.multifrigo.pl\/sklep\/wp-json\/wp\/v2\/media\/31610"}],"wp:attachment":[{"href":"https:\/\/www.multifrigo.pl\/sklep\/wp-json\/wp\/v2\/media?parent=62069"}],"wp:term":[{"taxonomy":"pwb-brand","embeddable":true,"href":"https:\/\/www.multifrigo.pl\/sklep\/wp-json\/wp\/v2\/pwb-brand?post=62069"},{"taxonomy":"product_brand","embeddable":true,"href":"https:\/\/www.multifrigo.pl\/sklep\/wp-json\/wp\/v2\/product_brand?post=62069"},{"taxonomy":"product_cat","embeddable":true,"href":"https:\/\/www.multifrigo.pl\/sklep\/wp-json\/wp\/v2\/product_cat?post=62069"},{"taxonomy":"product_tag","embeddable":true,"href":"https:\/\/www.multifrigo.pl\/sklep\/wp-json\/wp\/v2\/product_tag?post=62069"}],"curies":[{"name":"wp","href":"https:\/\/api.w.org\/{rel}","templated":true}]}}