{"id":62086,"date":"2025-05-21T06:45:07","date_gmt":"2025-05-21T06:45:07","guid":{"rendered":"https:\/\/www.multifrigo.pl\/sklep\/produkt\/witryna-chlodnicza-z-chlodzeniem-powietrzem-obiegowym-liebherr-fkdv-4513\/"},"modified":"2025-05-21T07:24:34","modified_gmt":"2025-05-21T07:24:34","slug":"witryna-chlodnicza-z-chlodzeniem-powietrzem-obiegowym-liebherr-fkdv-4513","status":"publish","type":"product","link":"https:\/\/www.multifrigo.pl\/sklep\/produkt\/witryna-chlodnicza-z-chlodzeniem-powietrzem-obiegowym-liebherr-fkdv-4513\/","title":{"rendered":"Witryna ch\u0142odnicza z ch\u0142odzeniem powietrzem obiegowym | Liebherr FKDv 4513"},"content":{"rendered":"<p><b>Witryna ch\u0142odnicza z ch\u0142odzeniem powietrzem obiegowym, drzwi ze szk\u0142a izolacyjnego z ram\u0105 z aluminium, Szary &#8211; Liebherr FKDv 4513<\/b><\/p>\n<p><b>Przyjazne \u015brodowisku czynniki ch\u0142odnicze<\/b><\/p>\n<p>Przy konstruowaniu urz\u0105dze\u0144 Liebherr skupiono si\u0119 przede wszystkim na zoptymalizowaniu wykorzystania energii i niskich kosztach eksploatacji. Liebherr stosuje wy\u0142\u0105cznie naturalne i przyjazne dla \u015brodowiska czynniki ch\u0142odnicze R 600a i R 290. W po\u0142\u0105czeniu z wysokowydajnymi spr\u0119\u017carkami s\u0105 one niezwykle efektywne, a dzi\u0119ki niskiemu wsp\u00f3\u0142czynnikowi ocieplenia globalnego tak\u017ce przysz\u0142o\u015bciowe. <\/p>\n<p><b>Wydajny system ch\u0142odzenia<\/b><\/p>\n<p>Od dziesi\u0119cioleci firma Liebherr zdobywa do\u015bwiadczenie i prowadzi prace badawczo-rozwojowe w dziedzinie ch\u0142odzenia, co stanowi gwarancj\u0119 najwy\u017cszej jako\u015bci urz\u0105dze\u0144 ch\u0142odniczych. Dzi\u0119ki stosowaniu wy\u0142\u0105cznie najwy\u017cszej klasy kompresor\u00f3w, kondensator\u00f3w, parownik\u00f3w i innych element\u00f3w uk\u0142adu ch\u0142odzenia firma Liebherr tworzy energooszcz\u0119dne urz\u0105dzenia generuj\u0105ce niskie koszty eksploatacji. <\/p>\n<p><b>Ch\u0142odzenie powietrzem obiegowym<\/b><\/p>\n<p>Bardzo wydajne wentylatory szybko sch\u0142adzaj\u0105 \u015bwie\u017co w\u0142o\u017cone produkty i utrzymuj\u0105 sta\u0142\u0105 temperatur\u0119 w ca\u0142ym wn\u0119trzu. <\/p>\n<p><b>Wn\u0119trze z tworzywa<\/b><\/p>\n<p>Termoformowane wn\u0119trze jest wykonane z jednego elementu, dzi\u0119ki czemu jest niezwykle \u0142atwe w czyszczeniu. Przyjazny \u015brodowisku polistyren mo\u017cna podda\u0107 recyklingowi. Co wi\u0119cej, ten materia\u0142 jest solidny i wyr\u00f3\u017cnia si\u0119 d\u0142ugim okresem eksploatacji. <\/p>\n<p><b>Regulowane ruszty<\/b><\/p>\n<p>Ruszty mo\u017cna umieszcza\u0107 na r\u00f3\u017cnych wysoko\u015bciach i zmienia\u0107 aran\u017cacj\u0119 wn\u0119trza tak, \u017ceby m\u00f3c w nim przechowywa\u0107 butelki o r\u00f3\u017cnych rozmiarach: w pozycji stoj\u0105cej lub le\u017c\u0105cej. <\/p>\n<p><b>Zmiana kierunku otwarcia drzwi (na prawo\/na lewo)<\/b><\/p>\n<p>Fabrycznie w urz\u0105dzeniach Liebherr drzwi s\u0105 zamontowane po prawej stronie. Mo\u017cliwo\u015b\u0107 zmiany kierunku otwarcia drzwi umo\u017cliwia dopasowanie urz\u0105dzenia do indywidualnych potrzeb i konfiguracji pomieszczenia. <\/p>\n","protected":false},"excerpt":{"rendered":"<p>Witryna ch\u0142odnicza z ch\u0142odzeniem powietrzem obiegowym, drzwi ze szk\u0142a izolacyjnego z ram\u0105 z aluminium, Szary &#8211; Liebherr FKDv 4513 Przyjazne \u015brodowisku czynniki ch\u0142odnicze Przy konstruowaniu urz\u0105dze\u0144 Liebherr skupiono si\u0119 przede wszystkim na zoptymalizowaniu wykorzystania energii i niskich kosztach eksploatacji. Liebherr stosuje wy\u0142\u0105cznie naturalne i przyjazne dla \u015brodowiska czynniki ch\u0142odnicze R 600a i R 290. W [&hellip;]<\/p>\n","protected":false},"featured_media":31690,"template":"","meta":{"_et_pb_use_builder":"","_et_pb_old_content":"","_et_gb_content_width":""},"pwb-brand":[1352],"product_brand":[],"product_cat":[460],"product_tag":[],"class_list":{"0":"post-62086","1":"product","2":"type-product","3":"status-publish","4":"has-post-thumbnail","6":"pwb-brand-liebherr","7":"product_cat-witryny-chlodnicze","9":"first","10":"instock","11":"taxable","12":"shipping-taxable","13":"purchasable","14":"product-type-simple"},"brands":[{"id":1352,"name":"Liebherr","slug":"liebherr"}],"_links":{"self":[{"href":"https:\/\/www.multifrigo.pl\/sklep\/wp-json\/wp\/v2\/product\/62086","targetHints":{"allow":["GET"]}}],"collection":[{"href":"https:\/\/www.multifrigo.pl\/sklep\/wp-json\/wp\/v2\/product"}],"about":[{"href":"https:\/\/www.multifrigo.pl\/sklep\/wp-json\/wp\/v2\/types\/product"}],"wp:featuredmedia":[{"embeddable":true,"href":"https:\/\/www.multifrigo.pl\/sklep\/wp-json\/wp\/v2\/media\/31690"}],"wp:attachment":[{"href":"https:\/\/www.multifrigo.pl\/sklep\/wp-json\/wp\/v2\/media?parent=62086"}],"wp:term":[{"taxonomy":"pwb-brand","embeddable":true,"href":"https:\/\/www.multifrigo.pl\/sklep\/wp-json\/wp\/v2\/pwb-brand?post=62086"},{"taxonomy":"product_brand","embeddable":true,"href":"https:\/\/www.multifrigo.pl\/sklep\/wp-json\/wp\/v2\/product_brand?post=62086"},{"taxonomy":"product_cat","embeddable":true,"href":"https:\/\/www.multifrigo.pl\/sklep\/wp-json\/wp\/v2\/product_cat?post=62086"},{"taxonomy":"product_tag","embeddable":true,"href":"https:\/\/www.multifrigo.pl\/sklep\/wp-json\/wp\/v2\/product_tag?post=62086"}],"curies":[{"name":"wp","href":"https:\/\/api.w.org\/{rel}","templated":true}]}}