{"id":62097,"date":"2025-05-21T06:46:29","date_gmt":"2025-05-21T06:46:29","guid":{"rendered":"https:\/\/www.multifrigo.pl\/sklep\/produkt\/chlodziarka-do-zabudowy-pod-blat-z-chlodzeniem-powietrzem-obiegowym-liebherr-fkuv-1663\/"},"modified":"2025-05-21T07:24:52","modified_gmt":"2025-05-21T07:24:52","slug":"chlodziarka-do-zabudowy-pod-blat-z-chlodzeniem-powietrzem-obiegowym-liebherr-fkuv-1663","status":"publish","type":"product","link":"https:\/\/www.multifrigo.pl\/sklep\/produkt\/chlodziarka-do-zabudowy-pod-blat-z-chlodzeniem-powietrzem-obiegowym-liebherr-fkuv-1663\/","title":{"rendered":"Ch\u0142odziarka do zabudowy pod blat z ch\u0142odzeniem powietrzem obiegowym | Liebherr FKUv 1663"},"content":{"rendered":"<p><b>Ch\u0142odziarka do zabudowy pod blat z ch\u0142odzeniem powietrzem obiegowym, Drzwi ze szk\u0142a izolacyjnego z ram\u0105 ze stali nierdzewnej, Stal szlachetna &#8211; Liebherr FKUv 1663<\/b><\/p>\n<p><b>Przyjazne \u015brodowisku czynniki ch\u0142odnicze<\/b><\/p>\n<p>Przy konstruowaniu urz\u0105dze\u0144 Liebherr skupiono si\u0119 przede wszystkim na zoptymalizowaniu wykorzystania energii i niskich kosztach eksploatacji. Liebherr stosuje wy\u0142\u0105cznie naturalne i przyjazne dla \u015brodowiska czynniki ch\u0142odnicze R 600a i R 290. W po\u0142\u0105czeniu z wysokowydajnymi spr\u0119\u017carkami s\u0105 one niezwykle efektywne, a dzi\u0119ki niskiemu wsp\u00f3\u0142czynnikowi ocieplenia globalnego tak\u017ce przysz\u0142o\u015bciowe. <\/p>\n<p><b>Wydajny system ch\u0142odzenia<\/b><\/p>\n<p>Od dziesi\u0119cioleci firma Liebherr zdobywa do\u015bwiadczenie i prowadzi prace badawczo-rozwojowe w dziedzinie ch\u0142odzenia, co stanowi gwarancj\u0119 najwy\u017cszej jako\u015bci urz\u0105dze\u0144 ch\u0142odniczych. Dzi\u0119ki stosowaniu wy\u0142\u0105cznie najwy\u017cszej klasy kompresor\u00f3w, kondensator\u00f3w, parownik\u00f3w i innych element\u00f3w uk\u0142adu ch\u0142odzenia firma Liebherr tworzy energooszcz\u0119dne urz\u0105dzenia generuj\u0105ce niskie koszty eksploatacji. <\/p>\n<p><b>Cyfrowy wy\u015bwietlacz temperatury<\/b><\/p>\n<p>Temperatura wn\u0119trza widoczna na cyfrowym wy\u015bwietlaczu jest zaokr\u0105glona z dok\u0142adno\u015bci\u0105 do najbli\u017cszego stopnia i mo\u017cna j\u0105 bez problemu odczyta\u0107 z zewn\u0105trz. To eliminuje konieczno\u015b\u0107 otwierania urz\u0105dzenia. <\/p>\n<p><b>Obudowa ze stali szlachetnej<\/b><\/p>\n<p>Boczne \u015bciany obudowy ze stali szlachetnej wykonano z jednego arkusza blachy, dzi\u0119ki czemu nie maj\u0105 zakamark\u00f3w, a co za tym idzie \u2013 s\u0105 niezwykle \u0142atwe w czyszczeniu i umo\u017cliwiaj\u0105 utrzymanie higieny. Stal szlachetna to niezwykle solidny, nierdzewiej\u0105cy stop, kt\u00f3ry idealnie nadaje si\u0119 do zastosowa\u0144 profesjonalnych. <\/p>\n<p><b>Ch\u0142odzenie powietrzem obiegowym<\/b><\/p>\n<p>Bardzo wydajne wentylatory szybko sch\u0142adzaj\u0105 \u015bwie\u017co w\u0142o\u017cone produkty i utrzymuj\u0105 sta\u0142\u0105 temperatur\u0119 w ca\u0142ym wn\u0119trzu. <\/p>\n<p><b>Alarm temperatury<\/b><\/p>\n<p>Wbudowany alarm temperatury informuje o odchyleniach powy\u017cej lub poni\u017cej progu alarmowego, wykorzystuj\u0105c sygna\u0142y akustyczne i wizualne, co pozwala zadba\u0107 o maksymalne bezpiecze\u0144stwo przechowywanych produkt\u00f3w. <\/p>\n","protected":false},"excerpt":{"rendered":"<p>Ch\u0142odziarka do zabudowy pod blat z ch\u0142odzeniem powietrzem obiegowym, Drzwi ze szk\u0142a izolacyjnego z ram\u0105 ze stali nierdzewnej, Stal szlachetna &#8211; Liebherr FKUv 1663 Przyjazne \u015brodowisku czynniki ch\u0142odnicze Przy konstruowaniu urz\u0105dze\u0144 Liebherr skupiono si\u0119 przede wszystkim na zoptymalizowaniu wykorzystania energii i niskich kosztach eksploatacji. Liebherr stosuje wy\u0142\u0105cznie naturalne i przyjazne dla \u015brodowiska czynniki ch\u0142odnicze R [&hellip;]<\/p>\n","protected":false},"featured_media":31734,"template":"","meta":{"_et_pb_use_builder":"","_et_pb_old_content":"","_et_gb_content_width":""},"pwb-brand":[1352],"product_brand":[],"product_cat":[1346],"product_tag":[],"class_list":{"0":"post-62097","1":"product","2":"type-product","3":"status-publish","4":"has-post-thumbnail","6":"pwb-brand-liebherr","7":"product_cat-chlodziarki","9":"first","10":"instock","11":"taxable","12":"shipping-taxable","13":"purchasable","14":"product-type-simple"},"brands":[{"id":1352,"name":"Liebherr","slug":"liebherr"}],"_links":{"self":[{"href":"https:\/\/www.multifrigo.pl\/sklep\/wp-json\/wp\/v2\/product\/62097","targetHints":{"allow":["GET"]}}],"collection":[{"href":"https:\/\/www.multifrigo.pl\/sklep\/wp-json\/wp\/v2\/product"}],"about":[{"href":"https:\/\/www.multifrigo.pl\/sklep\/wp-json\/wp\/v2\/types\/product"}],"wp:featuredmedia":[{"embeddable":true,"href":"https:\/\/www.multifrigo.pl\/sklep\/wp-json\/wp\/v2\/media\/31734"}],"wp:attachment":[{"href":"https:\/\/www.multifrigo.pl\/sklep\/wp-json\/wp\/v2\/media?parent=62097"}],"wp:term":[{"taxonomy":"pwb-brand","embeddable":true,"href":"https:\/\/www.multifrigo.pl\/sklep\/wp-json\/wp\/v2\/pwb-brand?post=62097"},{"taxonomy":"product_brand","embeddable":true,"href":"https:\/\/www.multifrigo.pl\/sklep\/wp-json\/wp\/v2\/product_brand?post=62097"},{"taxonomy":"product_cat","embeddable":true,"href":"https:\/\/www.multifrigo.pl\/sklep\/wp-json\/wp\/v2\/product_cat?post=62097"},{"taxonomy":"product_tag","embeddable":true,"href":"https:\/\/www.multifrigo.pl\/sklep\/wp-json\/wp\/v2\/product_tag?post=62097"}],"curies":[{"name":"wp","href":"https:\/\/api.w.org\/{rel}","templated":true}]}}