{"id":62109,"date":"2025-05-21T06:48:19","date_gmt":"2025-05-21T06:48:19","guid":{"rendered":"https:\/\/www.multifrigo.pl\/sklep\/produkt\/chlodziarka-z-chlodzeniem-powietrzem-obiegowym-liebherr-frfvg-4001\/"},"modified":"2025-05-21T07:25:11","modified_gmt":"2025-05-21T07:25:11","slug":"chlodziarka-z-chlodzeniem-powietrzem-obiegowym-liebherr-frfvg-4001","status":"publish","type":"product","link":"https:\/\/www.multifrigo.pl\/sklep\/produkt\/chlodziarka-z-chlodzeniem-powietrzem-obiegowym-liebherr-frfvg-4001\/","title":{"rendered":"Ch\u0142odziarka z ch\u0142odzeniem powietrzem obiegowym | Liebherr FRFvg 4001"},"content":{"rendered":"<p><b>Ch\u0142odziarka z ch\u0142odzeniem powietrzem obiegowym, stal, Bia\u0142a &#8211; Liebherr FRFvg 4001<\/b><\/p>\n<p><b>Wymienne uszczelki drzwi<\/b><\/p>\n<p>Oszcz\u0119dno\u015b\u0107 czasu i pieni\u0119dzy: Uszczelki w urz\u0105dzeniach Liebherr mo\u017cna \u0142atwo wymieni\u0107. Je\u015bli uszczelka jest zniszczona, mo\u017cna j\u0105 wymieni\u0107 samodzielnie na now\u0105 bez jakichkolwiek narz\u0119dzi. <\/p>\n<p><b>LightAlarm (alarm \u015bwietlny)<\/b><\/p>\n<p>W przypadku niekontrolowanego wzrostu temperatury \u2014 np. je\u015bli pozostawiono otwarte drzwi lub wyst\u0105pi\u0142y inne problemy \u2014 o\u015bwietlenie wewn\u0119trzne urz\u0105dzenia zacznie miga\u0107. W urz\u0105dzeniach ze szklanymi drzwiami wida\u0107 od razu, \u017ce konieczne jest podj\u0119cie szybkich dzia\u0142a\u0144. W urz\u0105dzeniach z nieprzejrzystymi drzwiami migaj\u0105ce o\u015bwietlenie wn\u0119trza sygnalizuje, \u017ce nale\u017cy natychmiast zamkn\u0105\u0107 drzwi, aby chroni\u0107 jako\u015b\u0107 przechowywanych produkt\u00f3w. <\/p>\n<p><b>Samozamykaj\u0105ce si\u0119 drzwi <90\u00b0\/ automatyczne zamykanie drzwi przy k\u0105cie mniejszym ni\u017c 90\u00b0<\/b><\/p>\n<p>Wykonuj rutynowe prace w komfortowych warunkach, maj\u0105c pewno\u015b\u0107, \u017ce nic nie zostanie pomini\u0119te: przy k\u0105cie otwarcia ok. 90\u00b0 lub wi\u0119kszym drzwi urz\u0105dzenia pozostaj\u0105 otwarte, co u\u0142atwia wk\u0142adanie i wyjmowanie produkt\u00f3w, jak r\u00f3wnie\u017c czyszczenie. Przy k\u0105cie otwarcia mniejszym ni\u017c ok. 90\u00b0 drzwi zamykaj\u0105 si\u0119 same, dzi\u0119ki czemu urz\u0105dzenie nie pozostanie otwarte, nawet je\u015bli u\u017cytkownik zapomni je zamkn\u0105\u0107. Pozwala to utrzyma\u0107 stabiln\u0105 temperatur\u0119 i chroni\u0107 jako\u015b\u0107 przechowywanych produkt\u00f3w spo\u017cywczych. <\/p>\n<p><b>Mo\u017cliwo\u015b\u0107 instalacji interfejsu Wi-Fi\/LAN<\/b><\/p>\n<p>Urz\u0105dzenia Liebherr mo\u017cna z \u0142atwo\u015bci\u0105 po\u0142\u0105czy\u0107 z sieci\u0105 IT: po zainstalowaniu opcjonalnego interfejsu Wi-Fi oraz sieci LAN urz\u0105dzenia mo\u017cna bezproblemowo pod\u0142\u0105czy\u0107 do system\u00f3w zewn\u0119trznych, takich jak SmartMonitoring firmy Liebherr. Cyfrowe rozwi\u0105zanie do monitoringu stanowi wygodny i bezpieczny spos\u00f3b monitorowania i dokumentowania temperatury przechowywania poprzez skonfigurowany wcze\u015bniej interfejs. <\/p>\n<p><b>Powiadomienie o awarii zasilania<\/b><\/p>\n<p>W przypadku awarii zasilania informacja o przerwie w zasilaniu zostanie wy\u015bwietlona po jego przywr\u00f3ceniu. Komunikat informuje o tym, \u017ce urz\u0105dzenie by\u0142o czasowo pozbawione zasilania i wskazuje maksymaln\u0105 temperatur\u0119 osi\u0105gni\u0119t\u0105 w tym czasie. Pozwala to oceni\u0107, czy mog\u0142o to doprowadzi\u0107 do pogorszenia jako\u015bci produkt\u00f3w. <\/p>\n<p><b>Przyjazne \u015brodowisku czynniki ch\u0142odnicze<\/b><\/p>\n<p>Przy konstruowaniu urz\u0105dze\u0144 Liebherr skupiono si\u0119 przede wszystkim na zoptymalizowaniu wykorzystania energii i niskich kosztach eksploatacji. Liebherr stosuje wy\u0142\u0105cznie naturalne i przyjazne dla \u015brodowiska czynniki ch\u0142odnicze R 600a i R 290. W po\u0142\u0105czeniu z wysokowydajnymi spr\u0119\u017carkami s\u0105 one niezwykle efektywne, a dzi\u0119ki niskiemu wsp\u00f3\u0142czynnikowi ocieplenia globalnego tak\u017ce przysz\u0142o\u015bciowe. <\/p>\n","protected":false},"excerpt":{"rendered":"<p>Ch\u0142odziarka z ch\u0142odzeniem powietrzem obiegowym, stal, Bia\u0142a &#8211; Liebherr FRFvg 4001 Wymienne uszczelki drzwi Oszcz\u0119dno\u015b\u0107 czasu i pieni\u0119dzy: Uszczelki w urz\u0105dzeniach Liebherr mo\u017cna \u0142atwo wymieni\u0107. Je\u015bli uszczelka jest zniszczona, mo\u017cna j\u0105 wymieni\u0107 samodzielnie na now\u0105 bez jakichkolwiek narz\u0119dzi. LightAlarm (alarm \u015bwietlny) W przypadku niekontrolowanego wzrostu temperatury \u2014 np. je\u015bli pozostawiono otwarte drzwi lub wyst\u0105pi\u0142y inne [&hellip;]<\/p>\n","protected":false},"featured_media":31792,"template":"","meta":{"_et_pb_use_builder":"","_et_pb_old_content":"","_et_gb_content_width":""},"pwb-brand":[1352],"product_brand":[],"product_cat":[518],"product_tag":[],"class_list":{"0":"post-62109","1":"product","2":"type-product","3":"status-publish","4":"has-post-thumbnail","6":"pwb-brand-liebherr","7":"product_cat-szafy-chlodnicze","9":"first","10":"instock","11":"taxable","12":"shipping-taxable","13":"purchasable","14":"product-type-simple"},"brands":[{"id":1352,"name":"Liebherr","slug":"liebherr"}],"_links":{"self":[{"href":"https:\/\/www.multifrigo.pl\/sklep\/wp-json\/wp\/v2\/product\/62109","targetHints":{"allow":["GET"]}}],"collection":[{"href":"https:\/\/www.multifrigo.pl\/sklep\/wp-json\/wp\/v2\/product"}],"about":[{"href":"https:\/\/www.multifrigo.pl\/sklep\/wp-json\/wp\/v2\/types\/product"}],"wp:featuredmedia":[{"embeddable":true,"href":"https:\/\/www.multifrigo.pl\/sklep\/wp-json\/wp\/v2\/media\/31792"}],"wp:attachment":[{"href":"https:\/\/www.multifrigo.pl\/sklep\/wp-json\/wp\/v2\/media?parent=62109"}],"wp:term":[{"taxonomy":"pwb-brand","embeddable":true,"href":"https:\/\/www.multifrigo.pl\/sklep\/wp-json\/wp\/v2\/pwb-brand?post=62109"},{"taxonomy":"product_brand","embeddable":true,"href":"https:\/\/www.multifrigo.pl\/sklep\/wp-json\/wp\/v2\/product_brand?post=62109"},{"taxonomy":"product_cat","embeddable":true,"href":"https:\/\/www.multifrigo.pl\/sklep\/wp-json\/wp\/v2\/product_cat?post=62109"},{"taxonomy":"product_tag","embeddable":true,"href":"https:\/\/www.multifrigo.pl\/sklep\/wp-json\/wp\/v2\/product_tag?post=62109"}],"curies":[{"name":"wp","href":"https:\/\/api.w.org\/{rel}","templated":true}]}}