{"id":62157,"date":"2025-05-21T06:55:08","date_gmt":"2025-05-21T06:55:08","guid":{"rendered":"https:\/\/www.multifrigo.pl\/sklep\/produkt\/profesjonalna-szafa-do-przechowywania-wina-liebherr-wfbli-5041\/"},"modified":"2025-05-21T07:26:21","modified_gmt":"2025-05-21T07:26:21","slug":"profesjonalna-szafa-do-przechowywania-wina-liebherr-wfbli-5041","status":"publish","type":"product","link":"https:\/\/www.multifrigo.pl\/sklep\/produkt\/profesjonalna-szafa-do-przechowywania-wina-liebherr-wfbli-5041\/","title":{"rendered":"Profesjonalna szafa do przechowywania wina | Liebherr WFbli 5041"},"content":{"rendered":"<p><b>Profesjonalna szafa do przechowywania wina, Drzwi podw\u00f3jnie szklone, Czarna &#8211; Liebherr WFbli 5041<\/b><\/p>\n<p><b>Pomoc w za\u0142adunku EasyFill<\/b><\/p>\n<p>\u0141atwe wk\u0142adanie butelek. Funkcja EasyFill gwarantuje, \u017ce drzwi Twojej winiarki pozostan\u0105 otwarte pod k\u0105tem 90\u00b0 \u2013 teraz jeszcze \u0142atwiej w\u0142o\u017cysz wino do \u015brodka. Natomiast mechanizm SelfClosing powoduje, \u017ce drzwiczki zamykaj\u0105 si\u0119 samoczynnie przy k\u0105cie otwarcia mniejszym ni\u017c 90\u00b0 \u2014 delikatnie, jak tego wymaga cenna kolekcja wina. <\/p>\n<p><b>Przyjazne \u015brodowisku czynniki ch\u0142odnicze<\/b><\/p>\n<p>Przy konstruowaniu urz\u0105dze\u0144 Liebherr skupiono si\u0119 przede wszystkim na zoptymalizowaniu wykorzystania energii i niskich kosztach eksploatacji. Liebherr stosuje wy\u0142\u0105cznie naturalne i przyjazne dla \u015brodowiska czynniki ch\u0142odnicze R 600a i R 290. W po\u0142\u0105czeniu z wysokowydajnymi spr\u0119\u017carkami s\u0105 one niezwykle efektywne, a dzi\u0119ki niskiemu wsp\u00f3\u0142czynnikowi ocieplenia globalnego tak\u017ce przysz\u0142o\u015bciowe. <\/p>\n<p><b>Wydajny system ch\u0142odzenia<\/b><\/p>\n<p>Od dziesi\u0119cioleci firma Liebherr zdobywa do\u015bwiadczenie i prowadzi prace badawczo-rozwojowe w dziedzinie ch\u0142odzenia, co stanowi gwarancj\u0119 najwy\u017cszej jako\u015bci urz\u0105dze\u0144 ch\u0142odniczych. Dzi\u0119ki stosowaniu wy\u0142\u0105cznie najwy\u017cszej klasy kompresor\u00f3w, kondensator\u00f3w, parownik\u00f3w i innych element\u00f3w uk\u0142adu ch\u0142odzenia firma Liebherr tworzy energooszcz\u0119dne urz\u0105dzenia generuj\u0105ce niskie koszty eksploatacji. <\/p>\n<p><b>Idealna wilgotno\u015b\u0107<\/b><\/p>\n<p>Odpowiednia wilgotno\u015b\u0107 powietrza odgrywa wa\u017cn\u0105 rol\u0119 w przechowywaniu wina: za jej spraw\u0105 korki zachowuj\u0105 swoje w\u0142a\u015bciwo\u015bci i nie wysychaj\u0105. Wina nale\u017cy przechowywa\u0107 w pozycji le\u017c\u0105cej, \u017ceby korki pozostawa\u0142y ca\u0142y czas odpowiednio nawil\u017cone. Ch\u0142odziarki zapewniaj\u0105 idealne warunki do przechowywania wina za spraw\u0105 wilgotno\u015bci przekraczaj\u0105cej 50% \u2013 jej konkretn\u0105 warto\u015b\u0107 mo\u017cna regulowa\u0107 przyciskiem wentylacji stosownie do potrzeb. <\/p>\n","protected":false},"excerpt":{"rendered":"<p>Profesjonalna szafa do przechowywania wina, Drzwi podw\u00f3jnie szklone, Czarna &#8211; Liebherr WFbli 5041 Pomoc w za\u0142adunku EasyFill \u0141atwe wk\u0142adanie butelek. Funkcja EasyFill gwarantuje, \u017ce drzwi Twojej winiarki pozostan\u0105 otwarte pod k\u0105tem 90\u00b0 \u2013 teraz jeszcze \u0142atwiej w\u0142o\u017cysz wino do \u015brodka. Natomiast mechanizm SelfClosing powoduje, \u017ce drzwiczki zamykaj\u0105 si\u0119 samoczynnie przy k\u0105cie otwarcia mniejszym ni\u017c 90\u00b0 [&hellip;]<\/p>\n","protected":false},"featured_media":32036,"template":"","meta":{"_et_pb_use_builder":"","_et_pb_old_content":"","_et_gb_content_width":""},"pwb-brand":[1352],"product_brand":[],"product_cat":[539],"product_tag":[],"class_list":{"0":"post-62157","1":"product","2":"type-product","3":"status-publish","4":"has-post-thumbnail","6":"pwb-brand-liebherr","7":"product_cat-szafy-chlodnicze-na-wino","9":"first","10":"instock","11":"taxable","12":"shipping-taxable","13":"purchasable","14":"product-type-simple"},"brands":[{"id":1352,"name":"Liebherr","slug":"liebherr"}],"_links":{"self":[{"href":"https:\/\/www.multifrigo.pl\/sklep\/wp-json\/wp\/v2\/product\/62157","targetHints":{"allow":["GET"]}}],"collection":[{"href":"https:\/\/www.multifrigo.pl\/sklep\/wp-json\/wp\/v2\/product"}],"about":[{"href":"https:\/\/www.multifrigo.pl\/sklep\/wp-json\/wp\/v2\/types\/product"}],"wp:featuredmedia":[{"embeddable":true,"href":"https:\/\/www.multifrigo.pl\/sklep\/wp-json\/wp\/v2\/media\/32036"}],"wp:attachment":[{"href":"https:\/\/www.multifrigo.pl\/sklep\/wp-json\/wp\/v2\/media?parent=62157"}],"wp:term":[{"taxonomy":"pwb-brand","embeddable":true,"href":"https:\/\/www.multifrigo.pl\/sklep\/wp-json\/wp\/v2\/pwb-brand?post=62157"},{"taxonomy":"product_brand","embeddable":true,"href":"https:\/\/www.multifrigo.pl\/sklep\/wp-json\/wp\/v2\/product_brand?post=62157"},{"taxonomy":"product_cat","embeddable":true,"href":"https:\/\/www.multifrigo.pl\/sklep\/wp-json\/wp\/v2\/product_cat?post=62157"},{"taxonomy":"product_tag","embeddable":true,"href":"https:\/\/www.multifrigo.pl\/sklep\/wp-json\/wp\/v2\/product_tag?post=62157"}],"curies":[{"name":"wp","href":"https:\/\/api.w.org\/{rel}","templated":true}]}}