{"id":62165,"date":"2025-05-21T06:56:20","date_gmt":"2025-05-21T06:56:20","guid":{"rendered":"https:\/\/www.multifrigo.pl\/sklep\/produkt\/szafka-do-przechowywania-wina-liebherr-wpbli-5231\/"},"modified":"2025-05-21T07:26:37","modified_gmt":"2025-05-21T07:26:37","slug":"szafka-do-przechowywania-wina-liebherr-wpbli-5231","status":"publish","type":"product","link":"https:\/\/www.multifrigo.pl\/sklep\/produkt\/szafka-do-przechowywania-wina-liebherr-wpbli-5231\/","title":{"rendered":"Szafka do przechowywania wina | Liebherr WPbli 5231"},"content":{"rendered":"<p><b>Szafka do przechowywania wina, Drzwi podw\u00f3jnie szklone, Czarna &#8211; Liebherr WPbli 5231<\/b><\/p>\n<p><b>VibrateSafe<\/b><\/p>\n<p>Twoje wino wymaga ciszy i spokoju. Dzi\u0119ki cichym spr\u0119\u017carkom specjalnie opracowanym przez firm\u0119 Liebherr i stabilnym drewnianym p\u00f3\u0142kom wykonanym z wytrzyma\u0142ego drewna bukowego nasze ch\u0142odziarki umo\u017cliwiaj\u0105 przechowywanie wina bez najmniejszych zak\u0142\u00f3ce\u0144. W takich warunkach wino b\u0119dzie dojrzewa\u0107 w ciszy i spokoju. <\/p>\n<p><b>HumidityControl<\/b><\/p>\n<p>Idealne warunki przechowywania \u017cywno\u015bci mo\u017cna uzyska\u0107 tylko przy odpowiednich parametrach temperatury i wilgotno\u015bci. Funkcja HumidityControl pozwala dostosowa\u0107 wilgotno\u015b\u0107 do Twoich potrzeb. Tak aby \u017cywno\u015b\u0107 zachowa\u0142a \u015bwie\u017co\u015b\u0107 i pierwotn\u0105 konsystencj\u0119 jeszcze d\u0142u\u017cej. <\/p>\n<p><b>Drewniane p\u00f3\u0142ki z regulacj\u0105 wysoko\u015bci<\/b><\/p>\n<p>Dopracowane i wyrafinowane. Eleganckie bukowe p\u00f3\u0142ki wykonano tak, aby zminimalizowa\u0107 drgania i przechowywa\u0107 wino w poziomie, a ich ergonomiczny kszta\u0142t u\u0142atwia wk\u0142adanie, wyjmowanie i uk\u0142adanie butelek. Kolejn\u0105 zalet\u0105 jest to, \u017ce drewno oddycha i mo\u017ce pomie\u015bci\u0107 niewielk\u0105 ilo\u015b\u0107 wody, co sprzyja powstawaniu mikroklimatu wewn\u0105trz i pozwala na d\u0142ugotrwa\u0142e przechowywanie. <\/p>\n<p><b>UVProtect Plus<\/b><\/p>\n<p>Potr\u00f3jna ochrona. W przypadku przechowywania przez d\u0142ugi czas ch\u0142odziarki ze szklanymi drzwiami zapewniaj\u0105 doskona\u0142e zabezpieczenie przed promieniowaniem UV: trzy warstwy ochronne sk\u0142adaj\u0105 si\u0119 z przyciemnionego szk\u0142a i dw\u00f3ch warstw napylanego pr\u00f3\u017cniowo metalu. Pow\u0142oka ta, znana pod nazw\u0105 Low-E, zapewnia bardzo efektywn\u0105 ochron\u0119 przed szkodliwym promieniowaniem s\u0142onecznym. <\/p>\n<p><b>Precyzyjne ustawianie temperatury<\/b><\/p>\n<p>Przechowywanie w niew\u0142a\u015bciwej temperaturze mo\u017ce by\u0107 niekorzystne dla wina, kt\u00f3re straci przez to swoj\u0105 jako\u015b\u0107. Precyzyjny system elektroniczny stale utrzymuje wymagan\u0105 temperatur\u0119 we wn\u0119trzu ch\u0142odziarki do wina Liebherr. Mo\u017cna ustawi\u0107 dok\u0142adn\u0105 warto\u015b\u0107 w zakresie od +5\u00b0C do +20\u00b0C. Aktualna temperatura jest widoczna na wy\u015bwietlaczu. <\/p>\n<p><b>Pomoc w za\u0142adunku EasyFill<\/b><\/p>\n<p>\u0141atwe wk\u0142adanie butelek. Funkcja EasyFill gwarantuje, \u017ce drzwi Twojej winiarki pozostan\u0105 otwarte pod k\u0105tem 90\u00b0 \u2013 teraz jeszcze \u0142atwiej w\u0142o\u017cysz wino do \u015brodka. Natomiast mechanizm SelfClosing powoduje, \u017ce drzwiczki zamykaj\u0105 si\u0119 samoczynnie przy k\u0105cie otwarcia mniejszym ni\u017c 90\u00b0 \u2014 delikatnie, jak tego wymaga cenna kolekcja wina. <\/p>\n","protected":false},"excerpt":{"rendered":"<p>Szafka do przechowywania wina, Drzwi podw\u00f3jnie szklone, Czarna &#8211; Liebherr WPbli 5231 VibrateSafe Twoje wino wymaga ciszy i spokoju. Dzi\u0119ki cichym spr\u0119\u017carkom specjalnie opracowanym przez firm\u0119 Liebherr i stabilnym drewnianym p\u00f3\u0142kom wykonanym z wytrzyma\u0142ego drewna bukowego nasze ch\u0142odziarki umo\u017cliwiaj\u0105 przechowywanie wina bez najmniejszych zak\u0142\u00f3ce\u0144. W takich warunkach wino b\u0119dzie dojrzewa\u0107 w ciszy i spokoju. HumidityControl [&hellip;]<\/p>\n","protected":false},"featured_media":32097,"template":"","meta":{"_et_pb_use_builder":"","_et_pb_old_content":"","_et_gb_content_width":""},"pwb-brand":[1352],"product_brand":[],"product_cat":[539],"product_tag":[],"class_list":{"0":"post-62165","1":"product","2":"type-product","3":"status-publish","4":"has-post-thumbnail","6":"pwb-brand-liebherr","7":"product_cat-szafy-chlodnicze-na-wino","9":"first","10":"instock","11":"taxable","12":"shipping-taxable","13":"purchasable","14":"product-type-simple"},"brands":[{"id":1352,"name":"Liebherr","slug":"liebherr"}],"_links":{"self":[{"href":"https:\/\/www.multifrigo.pl\/sklep\/wp-json\/wp\/v2\/product\/62165","targetHints":{"allow":["GET"]}}],"collection":[{"href":"https:\/\/www.multifrigo.pl\/sklep\/wp-json\/wp\/v2\/product"}],"about":[{"href":"https:\/\/www.multifrigo.pl\/sklep\/wp-json\/wp\/v2\/types\/product"}],"wp:featuredmedia":[{"embeddable":true,"href":"https:\/\/www.multifrigo.pl\/sklep\/wp-json\/wp\/v2\/media\/32097"}],"wp:attachment":[{"href":"https:\/\/www.multifrigo.pl\/sklep\/wp-json\/wp\/v2\/media?parent=62165"}],"wp:term":[{"taxonomy":"pwb-brand","embeddable":true,"href":"https:\/\/www.multifrigo.pl\/sklep\/wp-json\/wp\/v2\/pwb-brand?post=62165"},{"taxonomy":"product_brand","embeddable":true,"href":"https:\/\/www.multifrigo.pl\/sklep\/wp-json\/wp\/v2\/product_brand?post=62165"},{"taxonomy":"product_cat","embeddable":true,"href":"https:\/\/www.multifrigo.pl\/sklep\/wp-json\/wp\/v2\/product_cat?post=62165"},{"taxonomy":"product_tag","embeddable":true,"href":"https:\/\/www.multifrigo.pl\/sklep\/wp-json\/wp\/v2\/product_tag?post=62165"}],"curies":[{"name":"wp","href":"https:\/\/api.w.org\/{rel}","templated":true}]}}