{"id":62169,"date":"2025-05-21T06:56:57","date_gmt":"2025-05-21T06:56:57","guid":{"rendered":"https:\/\/www.multifrigo.pl\/sklep\/produkt\/chlodziarka-do-win-ze-strefami-temperatur-liebherr-wpgbi-5273\/"},"modified":"2025-05-21T07:26:45","modified_gmt":"2025-05-21T07:26:45","slug":"chlodziarka-do-win-ze-strefami-temperatur-liebherr-wpgbi-5273","status":"publish","type":"product","link":"https:\/\/www.multifrigo.pl\/sklep\/produkt\/chlodziarka-do-win-ze-strefami-temperatur-liebherr-wpgbi-5273\/","title":{"rendered":"Ch\u0142odziarka do win ze strefami temperatur | Liebherr WPgbi 5273"},"content":{"rendered":"<p><b>Ch\u0142odziarka do win ze strefami temperatur, Drzwi podw\u00f3jnie szklone, BlackSteel &#8211; Liebherr WPgbi 5273<\/b><\/p>\n<p><b>Pomoc w za\u0142adunku EasyFill<\/b><\/p>\n<p>\u0141atwe wk\u0142adanie butelek. Funkcja EasyFill gwarantuje, \u017ce drzwi Twojej winiarki pozostan\u0105 otwarte pod k\u0105tem 90\u00b0 \u2013 teraz jeszcze \u0142atwiej w\u0142o\u017cysz wino do \u015brodka. Natomiast mechanizm SelfClosing powoduje, \u017ce drzwiczki zamykaj\u0105 si\u0119 samoczynnie przy k\u0105cie otwarcia mniejszym ni\u017c 90\u00b0 \u2014 delikatnie, jak tego wymaga cenna kolekcja wina. <\/p>\n<p><b>Filtr FreshAir z w\u0119glem aktywnym<\/b><\/p>\n<p>Aby wino mog\u0142o dojrzewa\u0107 przy optymalnej jako\u015bci powietrza, wszystkie ch\u0142odziarki do win Liebherr maj\u0105 filtr z w\u0119glem aktywnym niezawodnie wychwytuj\u0105cym wszystkie zapachy. Dzi\u0119ki temu wino zachowa czysty bukiet. Aby tak pozosta\u0142o, ch\u0142odziarka Liebherr co 6 miesi\u0119cy przypomina o wymianie filtra, co mo\u017cna bardzo \u0142atwo zrobi\u0107 samodzielnie. <\/p>\n<p><b>GlassBlack<\/b><\/p>\n<p>Front GlassBlack nadaje urz\u0105dzeniu Liebherr ponadczasowy, pi\u0119kny wygl\u0105d i wnosi do kuchni elegancj\u0119. Forma jest prosta, ale z pewno\u015bci\u0105 nie trywialna: lakierowane w kolorze srebrnym \u015bcianki boczne i uchwyty nadaj\u0105 urz\u0105dzeniu wizualnej wyj\u0105tkowo\u015bci. Czarne szk\u0142o charakteryzuje si\u0119 ponadto wysok\u0105 odporno\u015bci\u0105 na \u015bcieranie i zarysowania. <\/p>\n<p><b>Idealna wilgotno\u015b\u0107<\/b><\/p>\n<p>Odpowiednia wilgotno\u015b\u0107 powietrza odgrywa wa\u017cn\u0105 rol\u0119 w przechowywaniu wina: za jej spraw\u0105 korki zachowuj\u0105 swoje w\u0142a\u015bciwo\u015bci i nie wysychaj\u0105. Wina nale\u017cy przechowywa\u0107 w pozycji le\u017c\u0105cej, \u017ceby korki pozostawa\u0142y ca\u0142y czas odpowiednio nawil\u017cone. Ch\u0142odziarki zapewniaj\u0105 idealne warunki do przechowywania wina za spraw\u0105 wilgotno\u015bci przekraczaj\u0105cej 50% \u2013 jej konkretn\u0105 warto\u015b\u0107 mo\u017cna regulowa\u0107 przyciskiem wentylacji stosownie do potrzeb. <\/p>\n<p><b>2 n\u00f3\u017cki z regulacj\u0105 wysoko\u015bci<\/b><\/p>\n<p>Maksymalna stabilno\u015b\u0107. N\u00f3\u017cki z regulacj\u0105 wysoko\u015bci umo\u017cliwiaj\u0105 optymalne wypoziomowanie i dopasowanie ch\u0142odziarki do starzenia wina do nier\u00f3wnej powierzchni. Mo\u017cesz mie\u0107 pewno\u015b\u0107, \u017ce drzwi b\u0119d\u0105 zawsze szczelnie zamkni\u0119te, do wn\u0119trza nie dostanie si\u0119 ciep\u0142o, nie b\u0119dzie skrapla\u0107 si\u0119 para wodna, a warunki starzenia pozostan\u0105 sta\u0142e, co ochroni jako\u015b\u0107 wina. <\/p>\n<p><b>Wn\u0119trze BlackSteel<\/b><\/p>\n<p>Idealne t\u0142o dla Twojej kolekcji win: panel tylny ze stali BlackSteel. Efektowna czarna stal nierdzewna dodaje wn\u0119trzu lod\u00f3wki do starzenia wina wyj\u0105tkowego charakteru. Jednak wygl\u0105d to tylko jedna z jego zalet. Tylna \u015bciana zapewnia ponadto optymaln\u0105 cyrkulacj\u0119 powietrza i doskonale kontrolowan\u0105 wilgotno\u015b\u0107. <\/p>\n","protected":false},"excerpt":{"rendered":"<p>Ch\u0142odziarka do win ze strefami temperatur, Drzwi podw\u00f3jnie szklone, BlackSteel &#8211; Liebherr WPgbi 5273 Pomoc w za\u0142adunku EasyFill \u0141atwe wk\u0142adanie butelek. Funkcja EasyFill gwarantuje, \u017ce drzwi Twojej winiarki pozostan\u0105 otwarte pod k\u0105tem 90\u00b0 \u2013 teraz jeszcze \u0142atwiej w\u0142o\u017cysz wino do \u015brodka. Natomiast mechanizm SelfClosing powoduje, \u017ce drzwiczki zamykaj\u0105 si\u0119 samoczynnie przy k\u0105cie otwarcia mniejszym ni\u017c [&hellip;]<\/p>\n","protected":false},"featured_media":32129,"template":"","meta":{"_et_pb_use_builder":"","_et_pb_old_content":"","_et_gb_content_width":""},"pwb-brand":[1352],"product_brand":[],"product_cat":[539],"product_tag":[],"class_list":{"0":"post-62169","1":"product","2":"type-product","3":"status-publish","4":"has-post-thumbnail","6":"pwb-brand-liebherr","7":"product_cat-szafy-chlodnicze-na-wino","9":"first","10":"instock","11":"taxable","12":"shipping-taxable","13":"purchasable","14":"product-type-simple"},"brands":[{"id":1352,"name":"Liebherr","slug":"liebherr"}],"_links":{"self":[{"href":"https:\/\/www.multifrigo.pl\/sklep\/wp-json\/wp\/v2\/product\/62169","targetHints":{"allow":["GET"]}}],"collection":[{"href":"https:\/\/www.multifrigo.pl\/sklep\/wp-json\/wp\/v2\/product"}],"about":[{"href":"https:\/\/www.multifrigo.pl\/sklep\/wp-json\/wp\/v2\/types\/product"}],"wp:featuredmedia":[{"embeddable":true,"href":"https:\/\/www.multifrigo.pl\/sklep\/wp-json\/wp\/v2\/media\/32129"}],"wp:attachment":[{"href":"https:\/\/www.multifrigo.pl\/sklep\/wp-json\/wp\/v2\/media?parent=62169"}],"wp:term":[{"taxonomy":"pwb-brand","embeddable":true,"href":"https:\/\/www.multifrigo.pl\/sklep\/wp-json\/wp\/v2\/pwb-brand?post=62169"},{"taxonomy":"product_brand","embeddable":true,"href":"https:\/\/www.multifrigo.pl\/sklep\/wp-json\/wp\/v2\/product_brand?post=62169"},{"taxonomy":"product_cat","embeddable":true,"href":"https:\/\/www.multifrigo.pl\/sklep\/wp-json\/wp\/v2\/product_cat?post=62169"},{"taxonomy":"product_tag","embeddable":true,"href":"https:\/\/www.multifrigo.pl\/sklep\/wp-json\/wp\/v2\/product_tag?post=62169"}],"curies":[{"name":"wp","href":"https:\/\/api.w.org\/{rel}","templated":true}]}}