{"id":62180,"date":"2025-05-21T06:58:31","date_gmt":"2025-05-21T06:58:31","guid":{"rendered":"https:\/\/www.multifrigo.pl\/sklep\/produkt\/humidor-na-cygara-liebherr-zkes-453\/"},"modified":"2025-05-23T22:45:26","modified_gmt":"2025-05-23T22:45:26","slug":"humidor-na-cygara-liebherr-zkes-453","status":"publish","type":"product","link":"https:\/\/www.multifrigo.pl\/sklep\/produkt\/humidor-na-cygara-liebherr-zkes-453\/","title":{"rendered":"Humidor na cygara | Liebherr ZKes 453"},"content":{"rendered":"<p><b>Humidor na cygara &#8211; Liebherr ZKes 453<\/b><\/p>\n<p><b>Pow\u0142oka SmartSteel<\/b><\/p>\n<p>Pow\u0142oka SmartSteel znacz\u0105co ogranicza ilo\u015b\u0107 widocznych odcisk\u00f3w palc\u00f3w na powierzchni obudowy i u\u0142atwia jej czyszczenie.<\/p>\n<p><b>Humidor: precyzyjna kontrola<\/b><\/p>\n<p>Za spraw\u0105 precyzyjnego elektronicznego systemu sterowania temperatur\u0119 mo\u017cna ustawi\u0107 w zakresie od +16\u00b0C do +20\u00b0C. Wilgotno\u015b\u0107 mo\u017cna regulowa\u0107 w zakresie od 68% do 75%, zale\u017cnie od preferencji. Alarm informuje o wszelkich odchyleniach temperatury wewn\u0105trz urz\u0105dzenia.<\/p>\n<p><b>Humidor: pude\u0142ko prezentacyjne<\/b><\/p>\n<p>Cedrowe pude\u0142ka to idealne miejsce do przechowywania pojedynczych cygar. Co wi\u0119cej, mo\u017cna je \u0142awo wyj\u0105\u0107 i wykorzysta\u0107 do cel\u00f3w prezentacyjnych.<\/p>\n<p><b>Alarm drzwi<\/b><\/p>\n<p>Akustyczny alarm drzwi uruchamia si\u0119 w sytuacji, gdy drzwi zostan\u0105 otwarte na d\u0142u\u017cej ni\u017c 60 sekund, \u017ceby chroni\u0107 przechowywan\u0105 \u017cywno\u015b\u0107.<\/p>\n<p><b>Zabezpieczenie przed dzie\u0107mi<\/b><\/p>\n<p>Zabezpieczenie przed dzie\u0107mi zapobiega niezamierzonemu wy\u0142\u0105czeniu urz\u0105dzenia. Gdy jest aktywne, na wy\u015bwietlaczu MagicEye pojawia si\u0119 symbol.<\/p>\n<p><b>Wbudowane w \u015bcian\u0119<\/b><\/p>\n<p>Urz\u0105dzenia kompaktowe (WKes 653, ZKes 453, CMes 502) mo\u017cna r\u00f3wnie\u017c bezproblemowo wbudowa\u0107 w \u015bcian\u0119, dzi\u0119ki czemu b\u0119d\u0105 przyci\u0105ga\u0107 uwag\u0119, a przechowywane w nich produkty b\u0119d\u0105 \u0142atwo dost\u0119pne.<\/p>\n","protected":false},"excerpt":{"rendered":"<p>Humidor na cygara &#8211; Liebherr ZKes 453 Pow\u0142oka SmartSteel Pow\u0142oka SmartSteel znacz\u0105co ogranicza ilo\u015b\u0107 widocznych odcisk\u00f3w palc\u00f3w na powierzchni obudowy i u\u0142atwia jej czyszczenie. Humidor: precyzyjna kontrola Za spraw\u0105 precyzyjnego elektronicznego systemu sterowania temperatur\u0119 mo\u017cna ustawi\u0107 w zakresie od +16\u00b0C do +20\u00b0C. Wilgotno\u015b\u0107 mo\u017cna regulowa\u0107 w zakresie od 68% do 75%, zale\u017cnie od preferencji. Alarm [&hellip;]<\/p>\n","protected":false},"featured_media":32214,"template":"","meta":{"_et_pb_use_builder":"","_et_pb_old_content":"","_et_gb_content_width":""},"pwb-brand":[1352],"product_brand":[],"product_cat":[1346],"product_tag":[],"class_list":{"0":"post-62180","1":"product","2":"type-product","3":"status-publish","4":"has-post-thumbnail","6":"pwb-brand-liebherr","7":"product_cat-chlodziarki","9":"first","10":"instock","11":"taxable","12":"shipping-taxable","13":"purchasable","14":"product-type-simple"},"brands":[{"id":1352,"name":"Liebherr","slug":"liebherr"}],"_links":{"self":[{"href":"https:\/\/www.multifrigo.pl\/sklep\/wp-json\/wp\/v2\/product\/62180","targetHints":{"allow":["GET"]}}],"collection":[{"href":"https:\/\/www.multifrigo.pl\/sklep\/wp-json\/wp\/v2\/product"}],"about":[{"href":"https:\/\/www.multifrigo.pl\/sklep\/wp-json\/wp\/v2\/types\/product"}],"wp:featuredmedia":[{"embeddable":true,"href":"https:\/\/www.multifrigo.pl\/sklep\/wp-json\/wp\/v2\/media\/32214"}],"wp:attachment":[{"href":"https:\/\/www.multifrigo.pl\/sklep\/wp-json\/wp\/v2\/media?parent=62180"}],"wp:term":[{"taxonomy":"pwb-brand","embeddable":true,"href":"https:\/\/www.multifrigo.pl\/sklep\/wp-json\/wp\/v2\/pwb-brand?post=62180"},{"taxonomy":"product_brand","embeddable":true,"href":"https:\/\/www.multifrigo.pl\/sklep\/wp-json\/wp\/v2\/product_brand?post=62180"},{"taxonomy":"product_cat","embeddable":true,"href":"https:\/\/www.multifrigo.pl\/sklep\/wp-json\/wp\/v2\/product_cat?post=62180"},{"taxonomy":"product_tag","embeddable":true,"href":"https:\/\/www.multifrigo.pl\/sklep\/wp-json\/wp\/v2\/product_tag?post=62180"}],"curies":[{"name":"wp","href":"https:\/\/api.w.org\/{rel}","templated":true}]}}