{"id":62352,"date":"2025-05-21T09:15:25","date_gmt":"2025-05-21T09:15:25","guid":{"rendered":"https:\/\/www.multifrigo.pl\/sklep\/produkt\/szatkownica-do-warzyw-cl55-z-2-podajnikami-p-1-1-kw-u-400-v-robot-coupe-713553\/"},"modified":"2026-02-17T12:16:27","modified_gmt":"2026-02-17T12:16:27","slug":"szatkownica-do-warzyw-cl55-z-2-podajnikami-p-1-1-kw-u-400-v-robot-coupe-713553","status":"publish","type":"product","link":"https:\/\/www.multifrigo.pl\/sklep\/produkt\/szatkownica-do-warzyw-cl55-z-2-podajnikami-p-1-1-kw-u-400-v-robot-coupe-713553\/","title":{"rendered":"Szatkownica do warzyw, CL55 z 2 podajnikami, P 1.1 kW, U 400 V | Robot Coupe 713553"},"content":{"rendered":"<p><b>Szatkownica do warzyw, CL55 z 2 podajnikami, P 1.1 kW, U 400 V<\/b><br \/>\n<LI>polecana do garma\u017cerii, sto\u0142\u00f3wek i ma\u0142ych zak\u0142ad\u00f3w produkcyjnych  <LI>asynchroniczny silnik  <LI>magnetyczny system bezpiecze\u0144stwa i hamulec silnikowy  <LI>grawitacyjny otw\u00f3r wsadowy  <LI>w komplecie ruchoma podstawa ze stali nierdzewnej  <LI>polecany zestaw tarcz: plastry 2mm, plastry 5mm, wi\u00f3rki 1.5mm, s\u0142upki 2x10mm, zestaw do kostki (tarcza tn\u0105ca 10mm + siatka 10x10mm) &#8211; 714198  <LI>otw\u00f3r wsadowy 227 cm2 z wmontowanym podajnikiem cylindrycznym O 59 mm  <LI>podajnik grawitacyjny przeznaczony do wszystkich warzyw przetwarzanych w du\u017cych ilo\u015bciach np: pomidory, cebula, ziemniaki  <LI>podajnik z popychaczem specjalnie przystosowany do du\u017cych warzyw takich jak kapusta czy seler  <\/p>\n","protected":false},"excerpt":{"rendered":"<p><b>Szatkownica do warzyw, CL55 z 2 podajnikami, P 1.1 kW, U 400 V<\/b><\/p>\n","protected":false},"featured_media":28724,"template":"","meta":{"_et_pb_use_builder":"","_et_pb_old_content":"","_et_gb_content_width":""},"pwb-brand":[1028],"product_brand":[],"product_cat":[655],"product_tag":[],"class_list":{"0":"post-62352","1":"product","2":"type-product","3":"status-publish","4":"has-post-thumbnail","6":"pwb-brand-robot-coupe","7":"product_cat-szatkownice-do-warzyw","9":"first","10":"instock","11":"taxable","12":"shipping-taxable","13":"purchasable","14":"product-type-simple"},"brands":[{"id":1028,"name":"Robot Coupe","slug":"robot-coupe"}],"_links":{"self":[{"href":"https:\/\/www.multifrigo.pl\/sklep\/wp-json\/wp\/v2\/product\/62352","targetHints":{"allow":["GET"]}}],"collection":[{"href":"https:\/\/www.multifrigo.pl\/sklep\/wp-json\/wp\/v2\/product"}],"about":[{"href":"https:\/\/www.multifrigo.pl\/sklep\/wp-json\/wp\/v2\/types\/product"}],"wp:featuredmedia":[{"embeddable":true,"href":"https:\/\/www.multifrigo.pl\/sklep\/wp-json\/wp\/v2\/media\/28724"}],"wp:attachment":[{"href":"https:\/\/www.multifrigo.pl\/sklep\/wp-json\/wp\/v2\/media?parent=62352"}],"wp:term":[{"taxonomy":"pwb-brand","embeddable":true,"href":"https:\/\/www.multifrigo.pl\/sklep\/wp-json\/wp\/v2\/pwb-brand?post=62352"},{"taxonomy":"product_brand","embeddable":true,"href":"https:\/\/www.multifrigo.pl\/sklep\/wp-json\/wp\/v2\/product_brand?post=62352"},{"taxonomy":"product_cat","embeddable":true,"href":"https:\/\/www.multifrigo.pl\/sklep\/wp-json\/wp\/v2\/product_cat?post=62352"},{"taxonomy":"product_tag","embeddable":true,"href":"https:\/\/www.multifrigo.pl\/sklep\/wp-json\/wp\/v2\/product_tag?post=62352"}],"curies":[{"name":"wp","href":"https:\/\/api.w.org\/{rel}","templated":true}]}}